{"id":15946,"date":"2025-06-20T22:07:00","date_gmt":"2025-06-20T22:07:00","guid":{"rendered":"https:\/\/ink7lab.com\/?page_id=15946"},"modified":"2025-10-29T11:35:17","modified_gmt":"2025-10-29T11:35:17","slug":"portant-la-llauna-de-sprite-mes-gran-al-festival-colourday-de-grecia","status":"publish","type":"page","link":"https:\/\/ink7lab.com\/ca\/bringing-the-largest-sprite-can-to-greece-colourday-festival\/","title":{"rendered":"La llauna de Sprite m\u00e9s gran del m\u00f3n arriba a Gr\u00e8cia \u2013 Festival Colourday"},"content":{"rendered":"<h3 class=\"wp-block-heading\">La llauna de Sprite m\u00e9s gran del m\u00f3n arriba a Gr\u00e8cia \u2013 Festival Colourday<\/h3>\n\n\n\n<div class=\"wp-block-buttons is-layout-flex wp-block-buttons-is-layout-flex\">\n<div class=\"wp-block-button\"><a class=\"wp-block-button__link has-background wp-element-button\" style=\"border-radius:57px;background-color:#78d524\">300 drons<\/a><\/div>\n\n\n\n<div class=\"wp-block-button\"><a class=\"wp-block-button__link has-background wp-element-button\" style=\"border-radius:57px;background-color:#78d524\">M\u00fasica<\/a><\/div>\n\n\n\n<div class=\"wp-block-button\"><a class=\"wp-block-button__link has-background wp-element-button\" style=\"border-radius:57px;background-color:#78d524\">Esdeveniment p\u00fablic<\/a><\/div>\n<\/div>\n\n\n\n<figure class=\"wp-block-embed is-type-video is-provider-youtube wp-block-embed-youtube wp-embed-aspect-16-9 wp-has-aspect-ratio\"><div class=\"wp-block-embed__wrapper\">\n<iframe title=\"Exhibici\u00f3 de drons a color de Sprite a Atenes\" width=\"1128\" height=\"635\" src=\"https:\/\/www.youtube.com\/embed\/sXgAudRkbgc?feature=oembed\" frameborder=\"0\" allow=\"accelerometer; autoplay; clipboard-write; encrypted-media; gyroscope; picture-in-picture; web-share\" referrerpolicy=\"strict-origin-when-cross-origin\" allowfullscreen><\/iframe>\n<\/div><\/figure>\n\n\n\n<div class=\"wp-block-columns is-layout-flex wp-container-core-columns-is-layout-9d6595d7 wp-block-columns-is-layout-flex\">\n<div class=\"wp-block-column is-layout-flow wp-block-column-is-layout-flow\" style=\"flex-basis:33.33%\">\n<ul class=\"wp-block-list\">\n<li>Atenes, Gr\u00e8cia<\/li>\n\n\n\n<li>16 de juny de 2024<\/li>\n<\/ul>\n<\/div>\n\n\n\n<div class=\"wp-block-column is-layout-flow wp-block-column-is-layout-flow\" style=\"flex-basis:66.66%\">\n<p>El nostre equip i els drons van il\u00b7luminar els cels d&#039;Atenes, Gr\u00e8cia... UN COP M\u00c9S!<\/p>\n\n\n\n<p>Tra il caldo torrido dell\u2019ondata di calore, le foreste in fiamme e gli aerei che lanciavano acqua, abbiamo realizzato uno straordinario spettacolo di droni per Sprite al Colourday Festival. A differenza dei fuochi d\u2019artificio, avevamo comunque il via libera. Con 300 droni che illuminavano il cielo notturno, abbiamo presentato una gigantesca lattina di Sprite, cuffie con onde sonore e una serie di immagini abbaglianti per la Coca-Cola Company.<\/p>\n\n\n\n<p>L&#039;espectacle va ser un \u00e8xit, amb el p\u00fablic ignorant el festival durant uns minuts i dedicant tota la seva atenci\u00f3 a l&#039;espectacle de llums dels drons. Anunciats als escenaris, els drons van pujar silenciosament a l&#039;escenari i, sincronitzats amb la m\u00fasica, l&#039;espectacle va comen\u00e7ar sense problemes.<\/p>\n\n\n\n<p>Lo spettacolo si \u00e8 svolto di fronte alla splendida piazza del Centro Sportivo Olimpico di Atene, da Spyros Louis, dove i Coldplay stavano ancora smontando il loro podio dopo aver suonato \u201cA Sky Full Of Stars\u201d.<\/p>\n\n\n\n<p>\u00c8 stata un\u2019esperienza davvero memorabile.<\/p>\n<\/div>\n<\/div>\n\n\n\n\t<section id=\"section-gallery-mb-block-1cecb67c-86b7-4921-a11a-1e800d04243f\" class=\"section section-gallery\">\n\n\t\t<div class=\"gallery-wrap none\">\n\t\t\t\t\t<div class=\"gallery-images-masonry\">\n\n\t\t\t\t<div class=\"grid-sizer-gallery\"><\/div>\n\t\t\t\t\n\t\t\t\t\t\t<div class=\"gallery-image-wrap quarter-width square\" data-aos=\"fade-up\" data-aos-delay=\"100\"  >\n\n\t\t\t\t\t\t\t<div class=\"gallery-image-wrap-inner\">\n\n\t\t\t\t\t\t\t\t\t\t\t\t\t\t\t\t\t<a href=\"https:\/\/ink7lab.com\/wp-content\/uploads\/2025\/06\/Sprite-04-300x300-1.png\" class=\"links_to_image\" \">\n\t\t\t\t\t\t\t\t\t\t\t\t    \t\n\t\t\t\t\t\t\t\t\t<div class=\"gallery-image\" style=\"background-image: url(https:\/\/ink7lab.com\/wp-content\/uploads\/2025\/06\/Sprite-04-300x300-1.png);\"><\/div>\n\n\t\t\t\t\t\t\t\t\t\n\t\t\t\t\t\t\t\t\t\t\t\t\t\t\t\t\t<\/a>\n\t\t\t\t\t\t\t\t\n\t\t\t\t\t\t\t<\/div>\n\t\t   \t \n\t\t\t\t\t\t<\/div>\n\t\t\t\t\t\t\n\t\t\t\t\n\t\t\t\n\t\t\t\t\t\t<div class=\"gallery-image-wrap quarter uncropped\" data-aos=\"fade-up\" data-aos-delay=\"100\"  >\n\n\t\t\t\t\t\t\t<div class=\"gallery-image-wrap-inner\">\n\n\t\t\t\t\t\t\t\t\t\t\t\t\t\t\t\t\t<a href=\"https:\/\/ink7lab.com\/wp-content\/uploads\/2025\/06\/Sprite-05-300x300-1.png\" class=\"links_to_image\" \">\n\t\t\t\t\t\t\t\t\t\t\t\t    \t\n\t\t\t\t\t\t\t\t\t<div class=\"gallery-image\" style=\"background-image: url(https:\/\/ink7lab.com\/wp-content\/uploads\/2025\/06\/Sprite-05-300x300-1.png);\"><\/div>\n\n\t\t\t\t\t\t\t\t\t\n\t\t\t\t\t\t\t\t\t\t\t\t\t\t\t\t\t<\/a>\n\t\t\t\t\t\t\t\t\n\t\t\t\t\t\t\t<\/div>\n\t\t   \t \n\t\t\t\t\t\t<\/div>\n\t\t\t\t\t\t\n\t\t\t\t\n\t\t\t\n\t\t\t\t\t\t<div class=\"gallery-image-wrap quarter uncropped\" data-aos=\"fade-up\" data-aos-delay=\"100\"  >\n\n\t\t\t\t\t\t\t<div class=\"gallery-image-wrap-inner\">\n\n\t\t\t\t\t\t\t\t\t\t\t\t\t\t\t\t\t<a href=\"https:\/\/ink7lab.com\/wp-content\/uploads\/2025\/06\/Sprite-02-300x300-1.png\" class=\"links_to_image\" \">\n\t\t\t\t\t\t\t\t\t\t\t\t    \t\n\t\t\t\t\t\t\t\t\t<div class=\"gallery-image\" style=\"background-image: url(https:\/\/ink7lab.com\/wp-content\/uploads\/2025\/06\/Sprite-02-300x300-1.png);\"><\/div>\n\n\t\t\t\t\t\t\t\t\t\n\t\t\t\t\t\t\t\t\t\t\t\t\t\t\t\t\t<\/a>\n\t\t\t\t\t\t\t\t\n\t\t\t\t\t\t\t<\/div>\n\t\t   \t \n\t\t\t\t\t\t<\/div>\n\t\t\t\t\t\t\n\t\t\t\t\n\t\t\t\n\t\t\t\t\t\t<div class=\"gallery-image-wrap quarter uncropped\" data-aos=\"fade-up\" data-aos-delay=\"100\"  >\n\n\t\t\t\t\t\t\t<div class=\"gallery-image-wrap-inner\">\n\n\t\t\t\t\t\t\t\t\t\t\t\t\t\t\t\t\t<a href=\"https:\/\/ink7lab.com\/wp-content\/uploads\/2025\/06\/Sprite-03-300x300-1.png\" class=\"links_to_image\" \">\n\t\t\t\t\t\t\t\t\t\t\t\t    \t\n\t\t\t\t\t\t\t\t\t<div class=\"gallery-image\" style=\"background-image: url(https:\/\/ink7lab.com\/wp-content\/uploads\/2025\/06\/Sprite-03-300x300-1.png);\"><\/div>\n\n\t\t\t\t\t\t\t\t\t\n\t\t\t\t\t\t\t\t\t\t\t\t\t\t\t\t\t<\/a>\n\t\t\t\t\t\t\t\t\n\t\t\t\t\t\t\t<\/div>\n\t\t   \t \n\t\t\t\t\t\t<\/div>\n\t\t\t\t\t\t\n\t\t\t\t\n\t\t\t\n\t\t\t\t\t\t<div class=\"gallery-image-wrap quarter uncropped\" data-aos=\"fade-up\" data-aos-delay=\"100\"  >\n\n\t\t\t\t\t\t\t<div class=\"gallery-image-wrap-inner\">\n\n\t\t\t\t\t\t\t\t\t\t\t\t\t\t\t\t\t<a href=\"https:\/\/ink7lab.com\/wp-content\/uploads\/2025\/06\/Sprite-06-300x300-1.png\" class=\"links_to_image\" \">\n\t\t\t\t\t\t\t\t\t\t\t\t    \t\n\t\t\t\t\t\t\t\t\t<div class=\"gallery-image\" style=\"background-image: url(https:\/\/ink7lab.com\/wp-content\/uploads\/2025\/06\/Sprite-06-300x300-1.png);\"><\/div>\n\n\t\t\t\t\t\t\t\t\t\n\t\t\t\t\t\t\t\t\t\t\t\t\t\t\t\t\t<\/a>\n\t\t\t\t\t\t\t\t\n\t\t\t\t\t\t\t<\/div>\n\t\t   \t \n\t\t\t\t\t\t<\/div>\n\t\t\t\t\t\t\n\t\t\t\t\n\t\t\t\n\t\t\t\t\t\t<div class=\"gallery-image-wrap quarter uncropped\" data-aos=\"fade-up\" data-aos-delay=\"100\"  >\n\n\t\t\t\t\t\t\t<div class=\"gallery-image-wrap-inner\">\n\n\t\t\t\t\t\t\t\t\t\t\t\t\t\t\t\t\t<a href=\"https:\/\/ink7lab.com\/wp-content\/uploads\/2025\/06\/Sprite-07-300x300-1.png\" class=\"links_to_image\" \">\n\t\t\t\t\t\t\t\t\t\t\t\t    \t\n\t\t\t\t\t\t\t\t\t<div class=\"gallery-image\" style=\"background-image: url(https:\/\/ink7lab.com\/wp-content\/uploads\/2025\/06\/Sprite-07-300x300-1.png);\"><\/div>\n\n\t\t\t\t\t\t\t\t\t\n\t\t\t\t\t\t\t\t\t\t\t\t\t\t\t\t\t<\/a>\n\t\t\t\t\t\t\t\t\n\t\t\t\t\t\t\t<\/div>\n\t\t   \t \n\t\t\t\t\t\t<\/div>\n\t\t\t\t\t\t\n\t\t\t\t\n\t\t\t\t\t\t<\/div>\n\t\t\t\t<\/div>\n\t<\/section> \n\n\n\n<div style=\"height:50px\" aria-hidden=\"true\" class=\"wp-block-spacer\"><\/div>\n\n\n\n<h3 class=\"wp-block-heading\">ESDEVENIMENTS RELACIONATS<\/h3>\n\n\n\n<div style=\"height:30px\" aria-hidden=\"true\" class=\"wp-block-spacer\"><\/div>\n\n\n\n<div class=\"wp-block-columns outerbox is-layout-flex wp-container-core-columns-is-layout-9d6595d7 wp-block-columns-is-layout-flex\">\n<div class=\"wp-block-column has-background is-layout-flow wp-block-column-is-layout-flow\" style=\"background-color:#19181a\">\n<figure class=\"wp-block-image size-large\"><img decoding=\"async\" width=\"1024\" height=\"1024\" src=\"https:\/\/ink7lab.com\/wp-content\/uploads\/2025\/06\/Verjaardag-Antonella-\u2013-11-1030x1030-1-1024x1024.png\" alt=\"\" class=\"wp-image-15861\" style=\"aspect-ratio:16\/9;object-fit:cover\" srcset=\"\" sizes=\"(max-width: 1024px) 100vw, 1024px\" data-srcset=\"\" \/><\/figure>\n\n\n\n<div class=\"wp-block-columns innerbox is-layout-flex wp-container-core-columns-is-layout-9d6595d7 wp-block-columns-is-layout-flex\">\n<div class=\"wp-block-column is-layout-flow wp-block-column-is-layout-flow\">\n<h3 class=\"wp-block-heading\"><a href=\"https:\/\/ink7lab.com\/ca\/%f0%9d%97%96%f0%9d%97%b2%f0%9d%97%b9%f0%9d%97%b2%f0%9d%97%af%f0%9d%97%bf%f0%9d%97%ae%f0%9d%98%81%f0%9d%97%b6%f0%9d%97%bb%f0%9d%97%b4%f0%9d%98%82%f0%9d%97%b6%f0%9d%97%bb%f0%9d%97%b4%f0%9d%97%bf\/\" title=\"\">Antonella \ud835\uddd6\ud835\uddf2\ud835\uddf9\ud835\uddf2\ud835\uddef\ud835\uddff\ud835\uddee\ud835\ude01\ud835\uddf6\ud835\uddfb\ud835\uddf4 \ud835\udde4\ud835\ude02\ud835\uddf6\ud835\uddfb\ud835\uddf0\ud835\uddf2\ud835\uddee\ud835\uddfb\u0303\ud835\uddf2\ud835\uddff\ud835\uddee amb un estil espectacular<\/a><\/h3>\n\n\n\n<p><a href=\"https:\/\/ink7lab.com\/ca\/%f0%9d%97%96%f0%9d%97%b2%f0%9d%97%b9%f0%9d%97%b2%f0%9d%97%af%f0%9d%97%bf%f0%9d%97%ae%f0%9d%98%81%f0%9d%97%b6%f0%9d%97%bb%f0%9d%97%b4%f0%9d%98%82%f0%9d%97%b6%f0%9d%97%bb%f0%9d%97%b4%f0%9d%97%bf\/\" title=\"\">M\u00e9s informaci\u00f3<\/a><\/p>\n<\/div>\n<\/div>\n<\/div>\n\n\n\n<div class=\"wp-block-column has-background is-layout-flow wp-block-column-is-layout-flow\" style=\"background-color:#19181a\">\n<figure class=\"wp-block-image size-large\"><img decoding=\"async\" width=\"1024\" height=\"1024\" src=\"https:\/\/ink7lab.com\/wp-content\/uploads\/2025\/06\/Construct-Euorpe-04-1024x1024.png\" alt=\"\" class=\"wp-image-15862\" style=\"aspect-ratio:16\/9;object-fit:cover\" srcset=\"https:\/\/ink7lab.com\/wp-content\/uploads\/2025\/06\/Construct-Euorpe-04-1024x1024.png 1024w, https:\/\/ink7lab.com\/wp-content\/uploads\/2025\/06\/Construct-Euorpe-04-300x300.png 300w, https:\/\/ink7lab.com\/wp-content\/uploads\/2025\/06\/Construct-Euorpe-04-150x150.png 150w, https:\/\/ink7lab.com\/wp-content\/uploads\/2025\/06\/Construct-Euorpe-04-768x768.png 768w, https:\/\/ink7lab.com\/wp-content\/uploads\/2025\/06\/Construct-Euorpe-04-800x800.png 800w, https:\/\/ink7lab.com\/wp-content\/uploads\/2025\/06\/Construct-Euorpe-04-560x560.png 560w, https:\/\/ink7lab.com\/wp-content\/uploads\/2025\/06\/Construct-Euorpe-04-250x250.png 250w, https:\/\/ink7lab.com\/wp-content\/uploads\/2025\/06\/Construct-Euorpe-04-120x120.png 120w, https:\/\/ink7lab.com\/wp-content\/uploads\/2025\/06\/Construct-Euorpe-04.png 1200w\" sizes=\"(max-width: 1024px) 100vw, 1024px\" \/><\/figure>\n\n\n\n<div class=\"wp-block-columns innerbox is-layout-flex wp-container-core-columns-is-layout-9d6595d7 wp-block-columns-is-layout-flex\">\n<div class=\"wp-block-column is-layout-flow wp-block-column-is-layout-flow\">\n<h3 class=\"wp-block-heading\"><a href=\"https:\/\/ink7lab.com\/ca\/espectacle-de-llums-amb-drons-de-dues-peces-amb-una-orquestra-en-directe\/\" title=\"\">Espectacle de llums amb drons de dues peces amb orquestra en directe<\/a><\/h3>\n\n\n\n<p><a href=\"https:\/\/ink7lab.com\/ca\/espectacle-de-llums-amb-drons-de-dues-peces-amb-una-orquestra-en-directe\/\" title=\"Llegeix-ne m\u00e9s\"><a href=\"https:\/\/ink7lab.com\/ca\/%f0%9d%97%96%f0%9d%97%b2%f0%9d%97%b9%f0%9d%97%b2%f0%9d%97%af%f0%9d%97%bf%f0%9d%97%ae%f0%9d%98%81%f0%9d%97%b6%f0%9d%97%bb%f0%9d%97%b4%f0%9d%98%82%f0%9d%97%b6%f0%9d%97%bb%f0%9d%97%b4%f0%9d%97%bf\/\" title=\"\">M\u00e9s informaci\u00f3<\/a><\/a><\/p>\n<\/div>\n<\/div>\n<\/div>\n<\/div>","protected":false},"excerpt":{"rendered":"Arriva in Grecia la lattina di Sprite pi\u00f9 grande al mondo \u2013","protected":false},"author":1,"featured_media":0,"parent":0,"menu_order":0,"comment_status":"closed","ping_status":"closed","template":"","meta":{"om_disable_all_campaigns":false,"_monsterinsights_skip_tracking":false,"_monsterinsights_sitenote_active":false,"_monsterinsights_sitenote_note":"","_monsterinsights_sitenote_category":0,"_uf_show_specific_survey":0,"_uf_disable_surveys":false,"footnotes":""},"class_list":["post-15946","page","type-page","status-publish","hentry"],"aioseo_notices":[],"_links":{"self":[{"href":"https:\/\/ink7lab.com\/ca\/wp-json\/wp\/v2\/pages\/15946","targetHints":{"allow":["GET"]}}],"collection":[{"href":"https:\/\/ink7lab.com\/ca\/wp-json\/wp\/v2\/pages"}],"about":[{"href":"https:\/\/ink7lab.com\/ca\/wp-json\/wp\/v2\/types\/page"}],"author":[{"embeddable":true,"href":"https:\/\/ink7lab.com\/ca\/wp-json\/wp\/v2\/users\/1"}],"replies":[{"embeddable":true,"href":"https:\/\/ink7lab.com\/ca\/wp-json\/wp\/v2\/comments?post=15946"}],"version-history":[{"count":0,"href":"https:\/\/ink7lab.com\/ca\/wp-json\/wp\/v2\/pages\/15946\/revisions"}],"wp:attachment":[{"href":"https:\/\/ink7lab.com\/ca\/wp-json\/wp\/v2\/media?parent=15946"}],"curies":[{"name":"wp","href":"https:\/\/api.w.org\/{rel}","templated":true}]}}