{"id":15957,"date":"2025-06-20T22:17:42","date_gmt":"2025-06-20T22:17:42","guid":{"rendered":"https:\/\/ink7lab.com\/?page_id=15957"},"modified":"2025-10-15T01:34:22","modified_gmt":"2025-10-15T01:34:22","slug":"espectacle-de-llums-amb-drons-per-a-un-casament-sorpresa-a-carrec-de-la-mare-de-la-parella","status":"publish","type":"page","link":"https:\/\/ink7lab.com\/ca\/surprise-wedding-drone-light-show-from-the-mother-of-the-couple\/","title":{"rendered":"Espectacle de llums amb drons per a un casament sorpresa a c\u00e0rrec de la mare de la parella"},"content":{"rendered":"<h3 class=\"wp-block-heading\">Espectacle de llums amb drons per a un casament sorpresa a c\u00e0rrec de la mare de la parella<\/h3>\n\n\n\n<div class=\"wp-block-buttons is-layout-flex wp-block-buttons-is-layout-flex\">\n<div class=\"wp-block-button\"><a class=\"wp-block-button__link has-background wp-element-button\" style=\"border-radius:57px;background-color:#78d524\">150 drons<\/a><\/div>\n\n\n\n<div class=\"wp-block-button\"><a class=\"wp-block-button__link has-background wp-element-button\" style=\"border-radius:57px;background-color:#78d524\">m\u00fasica<\/a><\/div>\n\n\n\n<div class=\"wp-block-button\"><a class=\"wp-block-button__link has-background wp-element-button\" style=\"border-radius:57px;background-color:#78d524\">Esdeveniment privat<\/a><\/div>\n\n\n\n<div class=\"wp-block-button\"><a class=\"wp-block-button__link has-background wp-element-button\" style=\"border-radius:57px;background-color:#78d524\">casament<\/a><\/div>\n<\/div>\n\n\n\n<figure class=\"wp-block-embed is-type-video is-provider-youtube wp-block-embed-youtube wp-embed-aspect-16-9 wp-has-aspect-ratio\"><div class=\"wp-block-embed__wrapper\">\n<iframe title=\"Un casament de somni amb el nostre espectacle de drons\" width=\"1128\" height=\"635\" src=\"https:\/\/www.youtube.com\/embed\/zKOX81MbAkE?feature=oembed\" frameborder=\"0\" allow=\"accelerometer; autoplay; clipboard-write; encrypted-media; gyroscope; picture-in-picture; web-share\" referrerpolicy=\"strict-origin-when-cross-origin\" allowfullscreen><\/iframe>\n<\/div><\/figure>\n\n\n\n<div class=\"wp-block-columns is-layout-flex wp-container-core-columns-is-layout-9d6595d7 wp-block-columns-is-layout-flex\">\n<div class=\"wp-block-column is-layout-flow wp-block-column-is-layout-flow\" style=\"flex-basis:33.33%\">\n<ul class=\"wp-block-list\">\n<li>Atenes, Gr\u00e8cia<\/li>\n\n\n\n<li>20 de juny de 2024<\/li>\n<\/ul>\n<\/div>\n\n\n\n<div class=\"wp-block-column is-layout-flow wp-block-column-is-layout-flow\" style=\"flex-basis:66.66%\">\n<p>Vam crear un espectacle sorpresa per a la meravellosa parella Saif i Sarah. Un somni fet realitat gr\u00e0cies al desig de la seva mare d&#039;afegir aquell toc extra a la seva vetllada especial. Havia sentit a parlar molt d&#039;espectacles com aquest i volia fer la vetllada encara m\u00e9s especial organitzant un esdeveniment especial al seu casament.<\/p>\n\n\n\n<p>Ho vam preparar tot en secret i, un cop tothom va ser present per al discurs dels nuvis, vam muntar r\u00e0pidament l&#039;espectacle.<\/p>\n\n\n\n<p>Vam transmetre un missatge molt personal sincronitzat amb la m\u00fasica del seu DJ preferit. Vam mostrar no nom\u00e9s els seus noms, sin\u00f3 tamb\u00e9 les seves mascotes. L&#039;espectacle va ser meticulosament coreografiat per mostrar els vincles que els uneixen, tant individualment com col\u00b7lectivament. Fins i tot el seu logotip va ser meticulosament plasmat a dalt del cel.<\/p>\n\n\n\n<p>La resposta va ser extraordin\u00e0ria. Tan bon punt els drons van enlairar-se, tothom va quedar fascinat i no es podia creure que estiguessin presenciant un espectacle de llums en directe. Vam triar la ubicaci\u00f3 amb cura per aconseguir el m\u00e0xim impacte, i va ser un \u00e8xit assegurat. Fins i tot els organitzadors de casaments es van quedar sense paraules, ja que era molt m\u00e9s gran del que esperaven.<\/p>\n\n\n\n<p>Despr\u00e9s de l&#039;espectacle, els recent casats van venir personalment a agrair-nos el meravell\u00f3s espectacle. Missi\u00f3 complerta.<\/p>\n<\/div>\n<\/div>\n\n\n\n<div style=\"height:50px\" aria-hidden=\"true\" class=\"wp-block-spacer\"><\/div>\n\n\n\n<h3 class=\"wp-block-heading\">ESDEVENIMENTS RELACIONATS<\/h3>\n\n\n\n<div style=\"height:30px\" aria-hidden=\"true\" class=\"wp-block-spacer\"><\/div>\n\n\n\n<div class=\"wp-block-columns outerbox is-layout-flex wp-container-core-columns-is-layout-9d6595d7 wp-block-columns-is-layout-flex\">\n<div class=\"wp-block-column has-background is-layout-flow wp-block-column-is-layout-flow\" style=\"background-color:#19181a\">\n<figure class=\"wp-block-image size-large\"><img decoding=\"async\" width=\"1024\" height=\"1024\" src=\"https:\/\/ink7lab.com\/wp-content\/uploads\/2025\/06\/Verjaardag-Antonella-\u2013-11-1030x1030-1-1024x1024.png\" alt=\"\" class=\"wp-image-15861\" style=\"aspect-ratio:16\/9;object-fit:cover\" srcset=\"\" sizes=\"(max-width: 1024px) 100vw, 1024px\" data-srcset=\"\" \/><\/figure>\n\n\n\n<div class=\"wp-block-columns innerbox is-layout-flex wp-container-core-columns-is-layout-9d6595d7 wp-block-columns-is-layout-flex\">\n<div class=\"wp-block-column is-layout-flow wp-block-column-is-layout-flow\">\n<h3 class=\"wp-block-heading\"><a href=\"https:\/\/ink7lab.com\/ca\/%f0%9d%97%96%f0%9d%97%b2%f0%9d%97%b9%f0%9d%97%b2%f0%9d%97%af%f0%9d%97%bf%f0%9d%97%ae%f0%9d%98%81%f0%9d%97%b6%f0%9d%97%bb%f0%9d%97%b4%f0%9d%98%82%f0%9d%97%b6%f0%9d%97%bb%f0%9d%97%b4%f0%9d%97%bf\/\" title=\"\">Antonella \ud835\uddd6\ud835\uddf2\ud835\uddf9\ud835\uddf2\ud835\uddef\ud835\uddff\ud835\uddee\ud835\ude01\ud835\uddf6\ud835\uddfb\ud835\uddf4 \ud835\udde4\ud835\ude02\ud835\uddf6\ud835\uddfb\ud835\uddf0\ud835\uddf2\ud835\uddee\ud835\uddfb\u0303\ud835\uddf2\ud835\uddff\ud835\uddee amb un estil espectacular<\/a><\/h3>\n\n\n\n<p><a href=\"https:\/\/ink7lab.com\/ca\/%f0%9d%97%96%f0%9d%97%b2%f0%9d%97%b9%f0%9d%97%b2%f0%9d%97%af%f0%9d%97%bf%f0%9d%97%ae%f0%9d%98%81%f0%9d%97%b6%f0%9d%97%bb%f0%9d%97%b4%f0%9d%98%82%f0%9d%97%b6%f0%9d%97%bb%f0%9d%97%b4%f0%9d%97%bf\/\" title=\"\">M\u00e9s informaci\u00f3<\/a><\/p>\n<\/div>\n<\/div>\n<\/div>\n\n\n\n<div class=\"wp-block-column has-background is-layout-flow wp-block-column-is-layout-flow\" style=\"background-color:#19181a\">\n<figure class=\"wp-block-image size-large\"><img decoding=\"async\" width=\"1024\" height=\"1024\" src=\"https:\/\/ink7lab.com\/wp-content\/uploads\/2025\/06\/Construct-Euorpe-04-1024x1024.png\" alt=\"\" class=\"wp-image-15862\" style=\"aspect-ratio:16\/9;object-fit:cover\" srcset=\"https:\/\/ink7lab.com\/wp-content\/uploads\/2025\/06\/Construct-Euorpe-04-1024x1024.png 1024w, https:\/\/ink7lab.com\/wp-content\/uploads\/2025\/06\/Construct-Euorpe-04-300x300.png 300w, https:\/\/ink7lab.com\/wp-content\/uploads\/2025\/06\/Construct-Euorpe-04-150x150.png 150w, https:\/\/ink7lab.com\/wp-content\/uploads\/2025\/06\/Construct-Euorpe-04-768x768.png 768w, https:\/\/ink7lab.com\/wp-content\/uploads\/2025\/06\/Construct-Euorpe-04-800x800.png 800w, https:\/\/ink7lab.com\/wp-content\/uploads\/2025\/06\/Construct-Euorpe-04-560x560.png 560w, https:\/\/ink7lab.com\/wp-content\/uploads\/2025\/06\/Construct-Euorpe-04-250x250.png 250w, https:\/\/ink7lab.com\/wp-content\/uploads\/2025\/06\/Construct-Euorpe-04-120x120.png 120w, https:\/\/ink7lab.com\/wp-content\/uploads\/2025\/06\/Construct-Euorpe-04.png 1200w\" sizes=\"(max-width: 1024px) 100vw, 1024px\" \/><\/figure>\n\n\n\n<div class=\"wp-block-columns innerbox is-layout-flex wp-container-core-columns-is-layout-9d6595d7 wp-block-columns-is-layout-flex\">\n<div class=\"wp-block-column is-layout-flow wp-block-column-is-layout-flow\">\n<h3 class=\"wp-block-heading\"><a href=\"https:\/\/ink7lab.com\/ca\/espectacle-de-llums-amb-drons-de-dues-peces-amb-una-orquestra-en-directe\/\" title=\"\">Espectacle de llums amb drons de dues peces amb orquestra en directe<\/a><\/h3>\n\n\n\n<p><a href=\"https:\/\/ink7lab.com\/ca\/espectacle-de-llums-amb-drons-de-dues-peces-amb-una-orquestra-en-directe\/\" title=\"Llegeix-ne m\u00e9s\"><a href=\"https:\/\/ink7lab.com\/ca\/%f0%9d%97%96%f0%9d%97%b2%f0%9d%97%b9%f0%9d%97%b2%f0%9d%97%af%f0%9d%97%bf%f0%9d%97%ae%f0%9d%98%81%f0%9d%97%b6%f0%9d%97%bb%f0%9d%97%b4%f0%9d%98%82%f0%9d%97%b6%f0%9d%97%bb%f0%9d%97%b4%f0%9d%97%bf\/\" title=\"\">M\u00e9s informaci\u00f3<\/a><\/a><\/p>\n<\/div>\n<\/div>\n<\/div>\n<\/div>","protected":false},"excerpt":{"rendered":"Spettacolo di luci a sorpresa con droni per matrimonio dalla madre della","protected":false},"author":1,"featured_media":0,"parent":0,"menu_order":0,"comment_status":"closed","ping_status":"closed","template":"","meta":{"om_disable_all_campaigns":false,"_monsterinsights_skip_tracking":false,"_monsterinsights_sitenote_active":false,"_monsterinsights_sitenote_note":"","_monsterinsights_sitenote_category":0,"_uf_show_specific_survey":0,"_uf_disable_surveys":false,"footnotes":""},"class_list":["post-15957","page","type-page","status-publish","hentry"],"aioseo_notices":[],"_links":{"self":[{"href":"https:\/\/ink7lab.com\/ca\/wp-json\/wp\/v2\/pages\/15957","targetHints":{"allow":["GET"]}}],"collection":[{"href":"https:\/\/ink7lab.com\/ca\/wp-json\/wp\/v2\/pages"}],"about":[{"href":"https:\/\/ink7lab.com\/ca\/wp-json\/wp\/v2\/types\/page"}],"author":[{"embeddable":true,"href":"https:\/\/ink7lab.com\/ca\/wp-json\/wp\/v2\/users\/1"}],"replies":[{"embeddable":true,"href":"https:\/\/ink7lab.com\/ca\/wp-json\/wp\/v2\/comments?post=15957"}],"version-history":[{"count":0,"href":"https:\/\/ink7lab.com\/ca\/wp-json\/wp\/v2\/pages\/15957\/revisions"}],"wp:attachment":[{"href":"https:\/\/ink7lab.com\/ca\/wp-json\/wp\/v2\/media?parent=15957"}],"curies":[{"name":"wp","href":"https:\/\/api.w.org\/{rel}","templated":true}]}}