{"id":15962,"date":"2025-06-20T22:26:46","date_gmt":"2025-06-20T22:26:46","guid":{"rendered":"https:\/\/ink7lab.com\/?page_id=15962"},"modified":"2025-10-15T01:34:41","modified_gmt":"2025-10-15T01:34:41","slug":"celebracio-de-cap-dany-amb-drons-al-centre-de-la-ciutat-de-mechelen","status":"publish","type":"page","link":"https:\/\/ink7lab.com\/ca\/new-years-eve-celebration-with-drones-in-the-center-of-mechelen-city\/","title":{"rendered":"Celebraci\u00f3 de Cap d&#039;Any amb drons al centre de la ciutat de Mechelen"},"content":{"rendered":"<h2 class=\"wp-block-heading\">Festa de Cap d&#039;Any amb drons al centre de Mechelen<\/h2>\n\n\n\n<div class=\"wp-block-buttons is-layout-flex wp-block-buttons-is-layout-flex\">\n<div class=\"wp-block-button\"><a class=\"wp-block-button__link has-background wp-element-button\" style=\"border-radius:57px;background-color:#78d524\">150 drons<\/a><\/div>\n\n\n\n<div class=\"wp-block-button\"><a class=\"wp-block-button__link has-background wp-element-button\" style=\"border-radius:57px;background-color:#78d524\">m\u00fasica<\/a><\/div>\n\n\n\n<div class=\"wp-block-button\"><a class=\"wp-block-button__link has-background wp-element-button\" style=\"border-radius:57px;background-color:#78d524\">new year\u2019s eve<\/a><\/div>\n\n\n\n<div class=\"wp-block-button\"><a class=\"wp-block-button__link has-background wp-element-button\" style=\"border-radius:57px;background-color:#78d524\">Esdeveniment p\u00fablic<\/a><\/div>\n<\/div>\n\n\n\n<figure class=\"wp-block-embed is-type-video is-provider-youtube wp-block-embed-youtube wp-embed-aspect-16-9 wp-has-aspect-ratio\"><div class=\"wp-block-embed__wrapper\">\n<iframe title=\"Espectacle de drons de Cap d&#039;Any a Mechelen, B\u00e8lgica \u2013 Versi\u00f3 completa\" width=\"1128\" height=\"635\" src=\"https:\/\/www.youtube.com\/embed\/MZl9EH9lQU4?feature=oembed\" frameborder=\"0\" allow=\"accelerometer; autoplay; clipboard-write; encrypted-media; gyroscope; picture-in-picture; web-share\" referrerpolicy=\"strict-origin-when-cross-origin\" allowfullscreen><\/iframe>\n<\/div><\/figure>\n\n\n\n<div class=\"wp-block-columns is-layout-flex wp-container-core-columns-is-layout-9d6595d7 wp-block-columns-is-layout-flex\">\n<div class=\"wp-block-column is-layout-flow wp-block-column-is-layout-flow\" style=\"flex-basis:33.33%\">\n<ul class=\"wp-block-list\">\n<li>Mechelen, B\u00e8lgica<\/li>\n\n\n\n<li>31 de desembre de 2023<\/li>\n<\/ul>\n<\/div>\n\n\n\n<div class=\"wp-block-column is-layout-flow wp-block-column-is-layout-flow\" style=\"flex-basis:66.66%\">\n<p>La nit de Cap d&#039;Any entre el 2023 i el 2024, Mechelen va organitzar una festa a la pla\u00e7a del mercat.<\/p>\n\n\n\n<p>In questo spettacolo, mettiamo in risalto diversi elementi iconici della citt\u00e0 di Mechelen. Si potevano vedere l\u2019iconico edificio di Technopolis e un panda con il cappello di Natale che rappresenta Planckendael.<\/p>\n\n\n\n<p>Mechelen tamb\u00e9 \u00e9s la primera ciutat de B\u00e8lgica amb una connexi\u00f3 ferrovi\u00e0ria, aix\u00ed que vam transformar una antiga locomotora de vapor en un nou tren de gran velocitat. Aix\u00f2 representa la construcci\u00f3 en curs de la nova estaci\u00f3.<\/p>\n\n\n\n<p>Abbiamo anche incorporato \u201cde Maneblussers\u201d, un soprannome abbracciato dai cittadini, mostrando la luna che si spegne.<\/p>\n\n\n\n<p>En un esperit de celebraci\u00f3, un Cap d&#039;Any inoblidable.<\/p>\n\n\n\n<p><strong>Actualitzaci\u00f3:<br><\/strong>Purtroppo, questo spettacolo \u00e8 un rendering dello spettacolo reale perch\u00e9, a Capodanno, il vento era eccezionalmente forte. I nostri droni hanno un raggio d\u2019azione molto ampio, ma tutti i fuochi d\u2019artificio nel quartiere, cos\u00ec come lo spettacolo dei droni, sono stati cancellati. Stiamo collaborando con la citt\u00e0 per trovare una nuova opportunit\u00e0 per questo spettacolo. <\/p>\n\n\n\n<p><strong>Actualitzaci\u00f3:<br><\/strong>\u00c8 stato annunciato un nuovo spettacolo a Mechelen, il nostro primo spettacolo con droni in cui voleremo pi\u00f9 volte nella stessa serata insieme a un\u2019orchestra al completo. Date un\u2019occhiata!<\/p>\n<\/div>\n<\/div>\n\n\n\n<div style=\"height:50px\" aria-hidden=\"true\" class=\"wp-block-spacer\"><\/div>\n\n\n\n<h3 class=\"wp-block-heading\">ESDEVENIMENTS RELACIONATS<\/h3>\n\n\n\n<div style=\"height:30px\" aria-hidden=\"true\" class=\"wp-block-spacer\"><\/div>\n\n\n\n<div class=\"wp-block-columns outerbox is-layout-flex wp-container-core-columns-is-layout-9d6595d7 wp-block-columns-is-layout-flex\">\n<div class=\"wp-block-column has-background is-layout-flow wp-block-column-is-layout-flow\" style=\"background-color:#19181a\">\n<figure class=\"wp-block-image size-large\"><img decoding=\"async\" width=\"1024\" height=\"1024\" src=\"https:\/\/ink7lab.com\/wp-content\/uploads\/2025\/06\/Verjaardag-Antonella-\u2013-11-1030x1030-1-1024x1024.png\" alt=\"\" class=\"wp-image-15861\" style=\"aspect-ratio:16\/9;object-fit:cover\" srcset=\"\" sizes=\"(max-width: 1024px) 100vw, 1024px\" data-srcset=\"\" \/><\/figure>\n\n\n\n<div class=\"wp-block-columns innerbox is-layout-flex wp-container-core-columns-is-layout-9d6595d7 wp-block-columns-is-layout-flex\">\n<div class=\"wp-block-column is-layout-flow wp-block-column-is-layout-flow\">\n<h3 class=\"wp-block-heading\"><a href=\"https:\/\/ink7lab.com\/ca\/%f0%9d%97%96%f0%9d%97%b2%f0%9d%97%b9%f0%9d%97%b2%f0%9d%97%af%f0%9d%97%bf%f0%9d%97%ae%f0%9d%98%81%f0%9d%97%b6%f0%9d%97%bb%f0%9d%97%b4%f0%9d%98%82%f0%9d%97%b6%f0%9d%97%bb%f0%9d%97%b4%f0%9d%97%bf\/\" title=\"\">Antonella \ud835\uddd6\ud835\uddf2\ud835\uddf9\ud835\uddf2\ud835\uddef\ud835\uddff\ud835\uddee\ud835\ude01\ud835\uddf6\ud835\uddfb\ud835\uddf4 \ud835\udde4\ud835\ude02\ud835\uddf6\ud835\uddfb\ud835\uddf0\ud835\uddf2\ud835\uddee\ud835\uddfb\u0303\ud835\uddf2\ud835\uddff\ud835\uddee amb un estil espectacular<\/a><\/h3>\n\n\n\n<p><a href=\"https:\/\/ink7lab.com\/ca\/%f0%9d%97%96%f0%9d%97%b2%f0%9d%97%b9%f0%9d%97%b2%f0%9d%97%af%f0%9d%97%bf%f0%9d%97%ae%f0%9d%98%81%f0%9d%97%b6%f0%9d%97%bb%f0%9d%97%b4%f0%9d%98%82%f0%9d%97%b6%f0%9d%97%bb%f0%9d%97%b4%f0%9d%97%bf\/\" title=\"\">M\u00e9s informaci\u00f3<\/a><\/p>\n<\/div>\n<\/div>\n<\/div>\n\n\n\n<div class=\"wp-block-column has-background is-layout-flow wp-block-column-is-layout-flow\" style=\"background-color:#19181a\">\n<figure class=\"wp-block-image size-large\"><img decoding=\"async\" width=\"1024\" height=\"1024\" src=\"https:\/\/ink7lab.com\/wp-content\/uploads\/2025\/06\/Construct-Euorpe-04-1024x1024.png\" alt=\"\" class=\"wp-image-15862\" style=\"aspect-ratio:16\/9;object-fit:cover\" srcset=\"https:\/\/ink7lab.com\/wp-content\/uploads\/2025\/06\/Construct-Euorpe-04-1024x1024.png 1024w, https:\/\/ink7lab.com\/wp-content\/uploads\/2025\/06\/Construct-Euorpe-04-300x300.png 300w, https:\/\/ink7lab.com\/wp-content\/uploads\/2025\/06\/Construct-Euorpe-04-150x150.png 150w, https:\/\/ink7lab.com\/wp-content\/uploads\/2025\/06\/Construct-Euorpe-04-768x768.png 768w, https:\/\/ink7lab.com\/wp-content\/uploads\/2025\/06\/Construct-Euorpe-04-800x800.png 800w, https:\/\/ink7lab.com\/wp-content\/uploads\/2025\/06\/Construct-Euorpe-04-560x560.png 560w, https:\/\/ink7lab.com\/wp-content\/uploads\/2025\/06\/Construct-Euorpe-04-250x250.png 250w, https:\/\/ink7lab.com\/wp-content\/uploads\/2025\/06\/Construct-Euorpe-04-120x120.png 120w, https:\/\/ink7lab.com\/wp-content\/uploads\/2025\/06\/Construct-Euorpe-04.png 1200w\" sizes=\"(max-width: 1024px) 100vw, 1024px\" \/><\/figure>\n\n\n\n<div class=\"wp-block-columns innerbox is-layout-flex wp-container-core-columns-is-layout-9d6595d7 wp-block-columns-is-layout-flex\">\n<div class=\"wp-block-column is-layout-flow wp-block-column-is-layout-flow\">\n<h3 class=\"wp-block-heading\"><a href=\"https:\/\/ink7lab.com\/ca\/espectacle-de-llums-amb-drons-de-dues-peces-amb-una-orquestra-en-directe\/\" title=\"\">Espectacle de llums amb drons de dues peces amb orquestra en directe<\/a><\/h3>\n\n\n\n<p><a href=\"https:\/\/ink7lab.com\/ca\/espectacle-de-llums-amb-drons-de-dues-peces-amb-una-orquestra-en-directe\/\" title=\"Llegeix-ne m\u00e9s\"><a href=\"https:\/\/ink7lab.com\/ca\/%f0%9d%97%96%f0%9d%97%b2%f0%9d%97%b9%f0%9d%97%b2%f0%9d%97%af%f0%9d%97%bf%f0%9d%97%ae%f0%9d%98%81%f0%9d%97%b6%f0%9d%97%bb%f0%9d%97%b4%f0%9d%98%82%f0%9d%97%b6%f0%9d%97%bb%f0%9d%97%b4%f0%9d%97%bf\/\" title=\"\">M\u00e9s informaci\u00f3<\/a><\/a><\/p>\n<\/div>\n<\/div>\n<\/div>\n<\/div>","protected":false},"excerpt":{"rendered":"Festa di Capodanno con droni nel centro della citt\u00e0 di Mechelen 150","protected":false},"author":1,"featured_media":0,"parent":0,"menu_order":0,"comment_status":"closed","ping_status":"closed","template":"","meta":{"om_disable_all_campaigns":false,"_monsterinsights_skip_tracking":false,"_monsterinsights_sitenote_active":false,"_monsterinsights_sitenote_note":"","_monsterinsights_sitenote_category":0,"_uf_show_specific_survey":0,"_uf_disable_surveys":false,"footnotes":""},"class_list":["post-15962","page","type-page","status-publish","hentry"],"aioseo_notices":[],"_links":{"self":[{"href":"https:\/\/ink7lab.com\/ca\/wp-json\/wp\/v2\/pages\/15962","targetHints":{"allow":["GET"]}}],"collection":[{"href":"https:\/\/ink7lab.com\/ca\/wp-json\/wp\/v2\/pages"}],"about":[{"href":"https:\/\/ink7lab.com\/ca\/wp-json\/wp\/v2\/types\/page"}],"author":[{"embeddable":true,"href":"https:\/\/ink7lab.com\/ca\/wp-json\/wp\/v2\/users\/1"}],"replies":[{"embeddable":true,"href":"https:\/\/ink7lab.com\/ca\/wp-json\/wp\/v2\/comments?post=15962"}],"version-history":[{"count":0,"href":"https:\/\/ink7lab.com\/ca\/wp-json\/wp\/v2\/pages\/15962\/revisions"}],"wp:attachment":[{"href":"https:\/\/ink7lab.com\/ca\/wp-json\/wp\/v2\/media?parent=15962"}],"curies":[{"name":"wp","href":"https:\/\/api.w.org\/{rel}","templated":true}]}}