{"id":15986,"date":"2025-06-20T22:55:33","date_gmt":"2025-06-20T22:55:33","guid":{"rendered":"https:\/\/ink7lab.com\/?page_id=15986"},"modified":"2025-10-15T01:36:14","modified_gmt":"2025-10-15T01:36:14","slug":"inaugurant-el-campus-dinnovacio-de-viure-el-dema-amb-un-espectacle-de-llums-amb-drons","status":"publish","type":"page","link":"https:\/\/ink7lab.com\/ca\/inaugurating-the-innovation-campus-of-living-tomorrow-with-a-drone-light-show\/","title":{"rendered":"Inauguraci\u00f3 del Campus d&#039;Innovaci\u00f3 de Living Tomorrow amb un espectacle de llums de drons"},"content":{"rendered":"<h3 class=\"wp-block-heading\">El Campus d&#039;Innovaci\u00f3 de Living Tomorrow s&#039;inaugura amb un espectacle de llums i drons<\/h3>\n\n\n\n<div class=\"wp-block-buttons is-layout-flex wp-block-buttons-is-layout-flex\">\n<div class=\"wp-block-button\"><a class=\"wp-block-button__link has-background wp-element-button\" style=\"border-radius:57px;background-color:#78d524\">150 drons<\/a><\/div>\n\n\n\n<div class=\"wp-block-button\"><a class=\"wp-block-button__link has-background wp-element-button\" style=\"border-radius:57px;background-color:#78d524\">esdeveniment privat<\/a><\/div>\n\n\n\n<div class=\"wp-block-button\"><a class=\"wp-block-button__link has-background wp-element-button\" style=\"border-radius:57px;background-color:#78d524\">m\u00fasica<\/a><\/div>\n<\/div>\n\n\n\n<figure class=\"wp-block-embed is-type-video is-provider-youtube wp-block-embed-youtube wp-embed-aspect-16-9 wp-has-aspect-ratio\"><div class=\"wp-block-embed__wrapper\">\n<iframe title=\"Inauguraci\u00f3 del Campus d&#039;Innovaci\u00f3 Living Tomorrow amb una Exposici\u00f3 de Drons\" width=\"1128\" height=\"635\" src=\"https:\/\/www.youtube.com\/embed\/c1b4oi-JyuI?feature=oembed\" frameborder=\"0\" allow=\"accelerometer; autoplay; clipboard-write; encrypted-media; gyroscope; picture-in-picture; web-share\" referrerpolicy=\"strict-origin-when-cross-origin\" allowfullscreen><\/iframe>\n<\/div><\/figure>\n\n\n\n<div class=\"wp-block-columns is-layout-flex wp-container-core-columns-is-layout-9d6595d7 wp-block-columns-is-layout-flex\">\n<div class=\"wp-block-column is-layout-flow wp-block-column-is-layout-flow\" style=\"flex-basis:33.33%\">\n<ul class=\"wp-block-list\">\n<li>Vilvoorde, B\u00e8lgica<\/li>\n\n\n\n<li>15 de setembre de 2023<\/li>\n<\/ul>\n<\/div>\n\n\n\n<div class=\"wp-block-column is-layout-flow wp-block-column-is-layout-flow\" style=\"flex-basis:66.66%\">\n<p>Living Tomorrow \u00e8 una piattaforma di innovazione che mette in contatto clienti, partner, mercati e contatti governativi. La loro ambizione \u00e8 accelerare significativamente l\u2019innovazione. Il 15 settembre hanno inaugurato il loro nuovo Innovation Campus, con sei zone esperienziali che permettono ai visitatori di sperimentare come potrebbe essere la vita dopo il 2030. Cosa c\u2019\u00e8 di pi\u00f9 stimolante che condividere questo messaggio visionario attraverso uno spettacolo di droni in occasione dell\u2019inaugurazione?<\/p>\n\n\n\n<p>Vam captivar el p\u00fablic amb exposicions visuals que representaven els pilars clau de Living Tomorrow: mobilitat intel\u00b7ligent, llars intel\u00b7ligents, assist\u00e8ncia sanit\u00e0ria intel\u00b7ligent, infraestructures intel\u00b7ligents, ciutats intel\u00b7ligents i treball intel\u00b7ligent. El resultat van ser exposicions massives de cotxes, gratacels, cors, el m\u00f3n i robots. Tot va culminar amb el logotip de Living Tomorrow que s&#039;estenia 150 metres per 30 metres cap al cel.<\/p>\n\n\n\n<p>La zona di volo si trovava all\u2019interno della rotta di avvicinamento dell\u2019aeroporto internazionale di Bruxelles, il che significava che, durante lo spettacolo, gli aerei atterravano e decollavano direttamente sopra il nostro spettacolo di droni. Grazie alle nostre procedure di sicurezza, alla nostra competenza e alla nostra licenza operativa, siamo stati in grado di rendere tutto questo possibile.<\/p>\n\n\n\n<p>Attraverso l\u2019innovazione, il cielo diventa la nostra tela.<\/p>\n<\/div>\n<\/div>\n\n\n\n\t<section id=\"section-gallery-mb-block-0bf9656e-1342-43da-9520-c3b33e6207d1\" class=\"section section-gallery\">\n\n\t\t<div class=\"gallery-wrap none\">\n\t\t\t\t\t<div class=\"gallery-images-masonry\">\n\n\t\t\t\t<div class=\"grid-sizer-gallery\"><\/div>\n\t\t\t\t\n\t\t\t\t\t\t<div class=\"gallery-image-wrap quarter-width square\" data-aos=\"fade-up\" data-aos-delay=\"100\"  >\n\n\t\t\t\t\t\t\t<div class=\"gallery-image-wrap-inner\">\n\n\t\t\t\t\t\t\t\t\t\t\t\t\t\t\t\t\t<a href=\"https:\/\/ink7lab.com\/wp-content\/uploads\/2025\/06\/379526080_720210080103892_4587647123870981366_n1.jpg\" class=\"links_to_image\" \">\n\t\t\t\t\t\t\t\t\t\t\t\t    \t\n\t\t\t\t\t\t\t\t\t<div class=\"gallery-image\" style=\"background-image: url(https:\/\/ink7lab.com\/wp-content\/uploads\/2025\/06\/379526080_720210080103892_4587647123870981366_n1.jpg);\"><\/div>\n\n\t\t\t\t\t\t\t\t\t\n\t\t\t\t\t\t\t\t\t\t\t\t\t\t\t\t\t<\/a>\n\t\t\t\t\t\t\t\t\n\t\t\t\t\t\t\t<\/div>\n\t\t   \t \n\t\t\t\t\t\t<\/div>\n\t\t\t\t\t\t\n\t\t\t\t\n\t\t\t\n\t\t\t\t\t\t<div class=\"gallery-image-wrap quarter uncropped\" data-aos=\"fade-up\" data-aos-delay=\"100\"  >\n\n\t\t\t\t\t\t\t<div class=\"gallery-image-wrap-inner\">\n\n\t\t\t\t\t\t\t\t\t\t\t\t\t\t\t\t\t<a href=\"https:\/\/ink7lab.com\/wp-content\/uploads\/2025\/06\/380406600_720210086770558_4792504536143640738_n-800x800.jpg\" class=\"links_to_image\" \">\n\t\t\t\t\t\t\t\t\t\t\t\t    \t\n\t\t\t\t\t\t\t\t\t<div class=\"gallery-image\" style=\"background-image: url(https:\/\/ink7lab.com\/wp-content\/uploads\/2025\/06\/380406600_720210086770558_4792504536143640738_n-800x800.jpg);\"><\/div>\n\n\t\t\t\t\t\t\t\t\t\n\t\t\t\t\t\t\t\t\t\t\t\t\t\t\t\t\t<\/a>\n\t\t\t\t\t\t\t\t\n\t\t\t\t\t\t\t<\/div>\n\t\t   \t \n\t\t\t\t\t\t<\/div>\n\t\t\t\t\t\t\n\t\t\t\t\n\t\t\t\n\t\t\t\t\t\t<div class=\"gallery-image-wrap quarter uncropped\" data-aos=\"fade-up\" data-aos-delay=\"100\"  >\n\n\t\t\t\t\t\t\t<div class=\"gallery-image-wrap-inner\">\n\n\t\t\t\t\t\t\t\t\t\t\t\t\t\t\t\t\t<a href=\"https:\/\/ink7lab.com\/wp-content\/uploads\/2025\/06\/380431669_720210090103891_2392756387894936859_n-800x800.jpg\" class=\"links_to_image\" \">\n\t\t\t\t\t\t\t\t\t\t\t\t    \t\n\t\t\t\t\t\t\t\t\t<div class=\"gallery-image\" style=\"background-image: url(https:\/\/ink7lab.com\/wp-content\/uploads\/2025\/06\/380431669_720210090103891_2392756387894936859_n-800x800.jpg);\"><\/div>\n\n\t\t\t\t\t\t\t\t\t\n\t\t\t\t\t\t\t\t\t\t\t\t\t\t\t\t\t<\/a>\n\t\t\t\t\t\t\t\t\n\t\t\t\t\t\t\t<\/div>\n\t\t   \t \n\t\t\t\t\t\t<\/div>\n\t\t\t\t\t\t\n\t\t\t\t\n\t\t\t\t\t\t<\/div>\n\t\t\t\t<\/div>\n\t<\/section> \n\n\n\n<div style=\"height:50px\" aria-hidden=\"true\" class=\"wp-block-spacer\"><\/div>\n\n\n\n<h3 class=\"wp-block-heading\">ESDEVENIMENTS RELACIONATS<\/h3>\n\n\n\n<div style=\"height:30px\" aria-hidden=\"true\" class=\"wp-block-spacer\"><\/div>\n\n\n\n<div class=\"wp-block-columns outerbox is-layout-flex wp-container-core-columns-is-layout-9d6595d7 wp-block-columns-is-layout-flex\">\n<div class=\"wp-block-column has-background is-layout-flow wp-block-column-is-layout-flow\" style=\"background-color:#19181a\">\n<figure class=\"wp-block-image size-large\"><img decoding=\"async\" width=\"1024\" height=\"1024\" src=\"https:\/\/ink7lab.com\/wp-content\/uploads\/2025\/06\/LT-07-1030x1030-1-1024x1024.png\" alt=\"\" class=\"wp-image-15848\" style=\"aspect-ratio:16\/9;object-fit:cover\" srcset=\"https:\/\/ink7lab.com\/wp-content\/uploads\/2025\/06\/LT-07-1030x1030-1-1024x1024.png 1024w, https:\/\/ink7lab.com\/wp-content\/uploads\/2025\/06\/LT-07-1030x1030-1-300x300.png 300w, https:\/\/ink7lab.com\/wp-content\/uploads\/2025\/06\/LT-07-1030x1030-1-150x150.png 150w, https:\/\/ink7lab.com\/wp-content\/uploads\/2025\/06\/LT-07-1030x1030-1-768x768.png 768w, https:\/\/ink7lab.com\/wp-content\/uploads\/2025\/06\/LT-07-1030x1030-1.png 1030w\" sizes=\"(max-width: 1024px) 100vw, 1024px\" \/><\/figure>\n\n\n\n<div class=\"wp-block-columns innerbox is-layout-flex wp-container-core-columns-is-layout-9d6595d7 wp-block-columns-is-layout-flex\">\n<div class=\"wp-block-column is-layout-flow wp-block-column-is-layout-flow\">\n<h3 class=\"wp-block-heading\"><a href=\"https:\/\/ink7lab.com\/ca\/el-transport-del-futur-narrat-per-un-espectacle-de-drons\/\" title=\"\">El transport del futur explicat a trav\u00e9s d&#039;un espectacle de drons<\/a><\/h3>\n\n\n\n<p><a href=\"https:\/\/ink7lab.com\/ca\/el-transport-del-futur-narrat-per-un-espectacle-de-drons\/\" title=\"Llegeix-ne m\u00e9s\">M\u00e9s informaci\u00f3<\/a><\/p>\n<\/div>\n<\/div>\n<\/div>\n\n\n\n<div class=\"wp-block-column has-background is-layout-flow wp-block-column-is-layout-flow\" style=\"background-color:#19181a\">\n<figure class=\"wp-block-image size-large\"><img decoding=\"async\" width=\"1024\" height=\"576\" src=\"https:\/\/ink7lab.com\/wp-content\/uploads\/2025\/06\/2024-07-21-Brussel-feestdag000-v2-1030x579-1-1024x576.jpg\" alt=\"\" class=\"wp-image-15857\" srcset=\"https:\/\/ink7lab.com\/wp-content\/uploads\/2025\/06\/2024-07-21-Brussel-feestdag000-v2-1030x579-1-1024x576.jpg 1024w, https:\/\/ink7lab.com\/wp-content\/uploads\/2025\/06\/2024-07-21-Brussel-feestdag000-v2-1030x579-1-300x169.jpg 300w, https:\/\/ink7lab.com\/wp-content\/uploads\/2025\/06\/2024-07-21-Brussel-feestdag000-v2-1030x579-1-768x432.jpg 768w, https:\/\/ink7lab.com\/wp-content\/uploads\/2025\/06\/2024-07-21-Brussel-feestdag000-v2-1030x579-1-800x450.jpg 800w, https:\/\/ink7lab.com\/wp-content\/uploads\/2025\/06\/2024-07-21-Brussel-feestdag000-v2-1030x579-1-560x315.jpg 560w, https:\/\/ink7lab.com\/wp-content\/uploads\/2025\/06\/2024-07-21-Brussel-feestdag000-v2-1030x579-1.jpg 1030w\" sizes=\"(max-width: 1024px) 100vw, 1024px\" \/><\/figure>\n\n\n\n<div class=\"wp-block-columns innerbox is-layout-flex wp-container-core-columns-is-layout-9d6595d7 wp-block-columns-is-layout-flex\">\n<div class=\"wp-block-column is-layout-flow wp-block-column-is-layout-flow\">\n<h3 class=\"wp-block-heading\"><a href=\"https:\/\/ink7lab.com\/ca\/dia-nacional-de-belgica-21-de-juliol-espectacle-de-llums-amb-drons-jubelpark-de-brussel%c2%b7les\/\" title=\"\">Dia Nacional de B\u00e8lgica \u2013 21 de juliol \u2013 Espectacle de llums amb drons al Jubelpark de Brussel\u00b7les<\/a><\/h3>\n\n\n\n<p><a href=\"https:\/\/ink7lab.com\/ca\/dia-nacional-de-belgica-21-de-juliol-espectacle-de-llums-amb-drons-jubelpark-de-brussel%c2%b7les\/\" title=\"\">M\u00e9s informaci\u00f3<\/a><\/p>\n<\/div>\n<\/div>\n<\/div>\n<\/div>","protected":false},"excerpt":{"rendered":"Inaugurazione dell\u2019Innovation Campus di Living Tomorrow con uno spettacolo di luci con","protected":false},"author":1,"featured_media":0,"parent":0,"menu_order":0,"comment_status":"closed","ping_status":"closed","template":"","meta":{"om_disable_all_campaigns":false,"_monsterinsights_skip_tracking":false,"_monsterinsights_sitenote_active":false,"_monsterinsights_sitenote_note":"","_monsterinsights_sitenote_category":0,"_uf_show_specific_survey":0,"_uf_disable_surveys":false,"footnotes":""},"class_list":["post-15986","page","type-page","status-publish","hentry"],"aioseo_notices":[],"_links":{"self":[{"href":"https:\/\/ink7lab.com\/ca\/wp-json\/wp\/v2\/pages\/15986","targetHints":{"allow":["GET"]}}],"collection":[{"href":"https:\/\/ink7lab.com\/ca\/wp-json\/wp\/v2\/pages"}],"about":[{"href":"https:\/\/ink7lab.com\/ca\/wp-json\/wp\/v2\/types\/page"}],"author":[{"embeddable":true,"href":"https:\/\/ink7lab.com\/ca\/wp-json\/wp\/v2\/users\/1"}],"replies":[{"embeddable":true,"href":"https:\/\/ink7lab.com\/ca\/wp-json\/wp\/v2\/comments?post=15986"}],"version-history":[{"count":0,"href":"https:\/\/ink7lab.com\/ca\/wp-json\/wp\/v2\/pages\/15986\/revisions"}],"wp:attachment":[{"href":"https:\/\/ink7lab.com\/ca\/wp-json\/wp\/v2\/media?parent=15986"}],"curies":[{"name":"wp","href":"https:\/\/api.w.org\/{rel}","templated":true}]}}