{"id":16511,"date":"2025-08-08T13:50:05","date_gmt":"2025-08-08T13:50:05","guid":{"rendered":"https:\/\/ink7lab.com\/?page_id=16511"},"modified":"2025-10-28T15:06:10","modified_gmt":"2025-10-28T15:06:10","slug":"drone-mostra-com-1907-com-a-adidas","status":"publish","type":"page","link":"https:\/\/ink7lab.com\/ca\/drone-shows-portfolio\/spettacoli-droni-como-1907-como-cup-adidas\/","title":{"rendered":"Espectacle de drons de Como 1907 | Copa Como i Adidas"},"content":{"rendered":"<h3 class=\"wp-block-heading\">\ud83c\udfc6 Como Cup 2025: l&#039;espectacle de drons d&#039;ink7lab que va transformar el cel sobre el llac de Como \ud83c\udf0c<\/h3>\n\n\n\n<div class=\"wp-block-buttons is-layout-flex wp-block-buttons-is-layout-flex\">\n<div class=\"wp-block-button\"><a class=\"wp-block-button__link has-background wp-element-button\" style=\"border-radius:57px;background-color:#78d524\">250 DRONS<\/a><\/div>\n\n\n\n<div class=\"wp-block-button\"><a class=\"wp-block-button__link has-background wp-element-button\" style=\"border-radius:57px;background-color:#78d524\">COPA COMO<\/a><\/div>\n\n\n\n<div class=\"wp-block-button\"><a class=\"wp-block-button__link has-background wp-element-button\" style=\"border-radius:57px;background-color:#78d524\">TORNEIG DE FUTBOL<\/a><\/div>\n\n\n\n<div class=\"wp-block-button\"><a class=\"wp-block-button__link has-background wp-element-button\" style=\"border-radius:57px;background-color:#78d524\">CLAUSURA DE L&#039;ESDEVENIMENT<\/a><\/div>\n<\/div>\n\n\n\n<figure class=\"wp-block-embed is-type-video is-provider-youtube wp-block-embed-youtube wp-embed-aspect-16-9 wp-has-aspect-ratio\"><div class=\"wp-block-embed__wrapper\">\n<iframe title=\"Un final m\u00e0gic per a la Como Cup 2025: l&#039;espectacle de drons d&#039;ink7lab va encantar el llac de Como \u2728\" width=\"1128\" height=\"635\" src=\"https:\/\/www.youtube.com\/embed\/5x6VwkPB2L8?feature=oembed\" frameborder=\"0\" allow=\"accelerometer; autoplay; clipboard-write; encrypted-media; gyroscope; picture-in-picture; web-share\" referrerpolicy=\"strict-origin-when-cross-origin\" allowfullscreen><\/iframe>\n<\/div><\/figure>\n\n\n\n<div class=\"wp-block-columns is-layout-flex wp-container-core-columns-is-layout-9d6595d7 wp-block-columns-is-layout-flex\">\n<div class=\"wp-block-column is-layout-flow wp-block-column-is-layout-flow\" style=\"flex-basis:33.33%\">\n<ul class=\"wp-block-list\">\n<li>Como, It\u00e0lia<\/li>\n\n\n\n<li>27 de juliol de 2025<\/li>\n<\/ul>\n<\/div>\n\n\n\n<div class=\"wp-block-column is-layout-flow wp-block-column-is-layout-flow\" style=\"flex-basis:66.66%\">\n<h3 class=\"wp-block-heading\">\u26bd Un festival de futbol, cultura i comunitat<\/h3>\n\n\n\n<p>La primera edici\u00f3 de la <strong>Copa de Como 2025<\/strong>, dins del festival <strong>Futbol al llac<\/strong>, ens va regalar cinc dies extraordinaris de futbol, m\u00fasica, cultura i entreteniment.<br>En un dels escenaris m\u00e9s emblem\u00e0tics del m\u00f3n: el <strong>Llac de Como<\/strong> \u2013 quatre equips internacionals van encantar els aficionats i el p\u00fablic: <strong>Com 1907<\/strong>, <strong>Ajax<\/strong>, <strong>Al-Ahli Saudi FC<\/strong> a <strong>Celtic FC<\/strong>.<\/p>\n\n\n\n<p>Els carrers, les places i l&#039;estadi <strong>Josep Sinigaglia<\/strong> Es van omplir de fans, creant una atmosfera el\u00e8ctrica que va reunir gent de tot el m\u00f3n.<\/p>\n\n\n\n<hr class=\"wp-block-separator has-alpha-channel-opacity\"\/>\n\n\n\n<h2 class=\"wp-block-heading\">La final: una celebraci\u00f3 per a Como 1907 i els seus aficionats<\/h2>\n\n\n\n<p>La final entre <strong>Como 1907 i Ajax<\/strong> Va ser el punt \u00e0lgid de l&#039;esdeveniment. Despr\u00e9s d&#039;un partit intens, el xiulet final va encendre l&#039;alegria dels aficionats larianencs: una celebraci\u00f3 que va anar m\u00e9s enll\u00e0 del futbol, enfortint el vincle entre la ciutat, l&#039;equip i la regi\u00f3.<\/p>\n\n\n\n<p>I mentre el p\u00fablic aplaudia la vict\u00f2ria, va arribar una invitaci\u00f3 silenciosa: <strong>mirar cap al cel<\/strong>.<\/p>\n\n\n\n<hr class=\"wp-block-separator has-alpha-channel-opacity\"\/>\n\n\n\n<h2 class=\"wp-block-heading\">\ud83c\udf0c The Drone Show: art i tecnologia combinats en un sol espectacle<\/h2>\n\n\n\n<h3 class=\"wp-block-heading\">\u2728 Un projecte d&#039;ink7lab \u2013 Divisione And Lights<\/h3>\n\n\n\n<p>Per tancar el <strong>Copa de Como 2025<\/strong> va ser un <strong>espectacle \u00e8pic de drons<\/strong> signat <strong>ink7lab \u2013 Divisi\u00f3 de Llums per a It\u00e0lia i Su\u00efssa<\/strong>, en col\u00b7laboraci\u00f3 amb <strong>Com 1907<\/strong> a <strong>Adidas<\/strong>.<\/p>\n\n\n\n<p>Centenars de drons van transformar el cel sobre el llac de Como en un llen\u00e7 llumin\u00f3s, narrant les emocions del festival amb imatges ic\u00f2niques i animacions espectaculars.<\/p>\n\n\n\n<p><\/p>\n\n\n\n<figure class=\"wp-block-embed is-type-video is-provider-youtube wp-block-embed-youtube wp-embed-aspect-16-9 wp-has-aspect-ratio\"><div class=\"wp-block-embed__wrapper\">\n<iframe title=\"\ud83c\udfa5 Espectacle de drons \u2013 V\u00eddeo complet 1 | Como Cup 2025 \u2013 Llac de Como per ink7lab\" width=\"1128\" height=\"635\" src=\"https:\/\/www.youtube.com\/embed\/DQXyIUB7ui0?feature=oembed\" frameborder=\"0\" allow=\"accelerometer; autoplay; clipboard-write; encrypted-media; gyroscope; picture-in-picture; web-share\" referrerpolicy=\"strict-origin-when-cross-origin\" allowfullscreen><\/iframe>\n<\/div><\/figure>\n\n\n\n<hr class=\"wp-block-separator has-alpha-channel-opacity\"\/>\n\n\n\n<h2 class=\"wp-block-heading\">\ud83c\udf1f Una hist\u00f2ria que commou a tothom<\/h2>\n\n\n\n<p>L&#039;espectacle de drons de <strong>ink7lab<\/strong>, que va durar m\u00e9s de <strong>12 minuts<\/strong>, s&#039;ha unit <strong>art, tecnologia i simbolisme<\/strong>:<\/p>\n\n\n\n<ul class=\"wp-block-list\">\n<li>\ud83c\udf0a Ones de llum inspirades en el llac de Como<\/li>\n\n\n\n<li>\ud83c\udfa8 Colors i s\u00edmbols dels equips participants<\/li>\n\n\n\n<li>La Como Cup suspesa entre les estrelles<\/li>\n\n\n\n<li>\ud83d\udcab Missatges dedicats als aficionats, les ciutats i els valors de l&#039;esport<\/li>\n<\/ul>\n\n\n\n<p><\/p>\n\n\n\n<figure class=\"wp-block-gallery has-nested-images columns-default is-cropped wp-block-gallery-1 is-layout-flex wp-block-gallery-is-layout-flex\">\n<figure class=\"wp-block-image size-large\"><img decoding=\"async\" width=\"577\" height=\"1024\" data-id=\"16423\" src=\"https:\/\/ink7lab.com\/wp-content\/uploads\/2025\/07\/WhatsApp-Image-2025-07-31-at-10.31.35-577x1024.jpeg\" alt=\"\" class=\"wp-image-16423\" srcset=\"https:\/\/ink7lab.com\/wp-content\/uploads\/2025\/07\/WhatsApp-Image-2025-07-31-at-10.31.35-577x1024.jpeg 577w, https:\/\/ink7lab.com\/wp-content\/uploads\/2025\/07\/WhatsApp-Image-2025-07-31-at-10.31.35-169x300.jpeg 169w, https:\/\/ink7lab.com\/wp-content\/uploads\/2025\/07\/WhatsApp-Image-2025-07-31-at-10.31.35-768x1364.jpeg 768w, https:\/\/ink7lab.com\/wp-content\/uploads\/2025\/07\/WhatsApp-Image-2025-07-31-at-10.31.35-865x1536.jpeg 865w, https:\/\/ink7lab.com\/wp-content\/uploads\/2025\/07\/WhatsApp-Image-2025-07-31-at-10.31.35-800x1421.jpeg 800w, https:\/\/ink7lab.com\/wp-content\/uploads\/2025\/07\/WhatsApp-Image-2025-07-31-at-10.31.35-560x995.jpeg 560w, https:\/\/ink7lab.com\/wp-content\/uploads\/2025\/07\/WhatsApp-Image-2025-07-31-at-10.31.35.jpeg 1126w\" sizes=\"(max-width: 577px) 100vw, 577px\" \/><\/figure>\n\n\n\n<figure class=\"wp-block-image size-large\"><img decoding=\"async\" width=\"1024\" height=\"1024\" data-id=\"16421\" src=\"https:\/\/ink7lab.com\/wp-content\/uploads\/2025\/07\/WhatsApp-Image-2025-07-30-at-13.52.42-1024x1024.jpeg\" alt=\"\" class=\"wp-image-16421\" srcset=\"https:\/\/ink7lab.com\/wp-content\/uploads\/2025\/07\/WhatsApp-Image-2025-07-30-at-13.52.42-1024x1024.jpeg 1024w, https:\/\/ink7lab.com\/wp-content\/uploads\/2025\/07\/WhatsApp-Image-2025-07-30-at-13.52.42-300x300.jpeg 300w, https:\/\/ink7lab.com\/wp-content\/uploads\/2025\/07\/WhatsApp-Image-2025-07-30-at-13.52.42-150x150.jpeg 150w, https:\/\/ink7lab.com\/wp-content\/uploads\/2025\/07\/WhatsApp-Image-2025-07-30-at-13.52.42-768x768.jpeg 768w, https:\/\/ink7lab.com\/wp-content\/uploads\/2025\/07\/WhatsApp-Image-2025-07-30-at-13.52.42-800x800.jpeg 800w, https:\/\/ink7lab.com\/wp-content\/uploads\/2025\/07\/WhatsApp-Image-2025-07-30-at-13.52.42-560x560.jpeg 560w, https:\/\/ink7lab.com\/wp-content\/uploads\/2025\/07\/WhatsApp-Image-2025-07-30-at-13.52.42-250x250.jpeg 250w, https:\/\/ink7lab.com\/wp-content\/uploads\/2025\/07\/WhatsApp-Image-2025-07-30-at-13.52.42-120x120.jpeg 120w, https:\/\/ink7lab.com\/wp-content\/uploads\/2025\/07\/WhatsApp-Image-2025-07-30-at-13.52.42.jpeg 1200w\" sizes=\"(max-width: 1024px) 100vw, 1024px\" \/><\/figure>\n\n\n\n<figure class=\"wp-block-image size-large\"><img decoding=\"async\" width=\"1024\" height=\"1024\" data-id=\"16416\" src=\"https:\/\/ink7lab.com\/wp-content\/uploads\/2025\/07\/WhatsApp-Image-2025-07-30-at-13.47.41-1024x1024.jpeg\" alt=\"\" class=\"wp-image-16416\" srcset=\"https:\/\/ink7lab.com\/wp-content\/uploads\/2025\/07\/WhatsApp-Image-2025-07-30-at-13.47.41-1024x1024.jpeg 1024w, https:\/\/ink7lab.com\/wp-content\/uploads\/2025\/07\/WhatsApp-Image-2025-07-30-at-13.47.41-300x300.jpeg 300w, https:\/\/ink7lab.com\/wp-content\/uploads\/2025\/07\/WhatsApp-Image-2025-07-30-at-13.47.41-150x150.jpeg 150w, https:\/\/ink7lab.com\/wp-content\/uploads\/2025\/07\/WhatsApp-Image-2025-07-30-at-13.47.41-768x768.jpeg 768w, https:\/\/ink7lab.com\/wp-content\/uploads\/2025\/07\/WhatsApp-Image-2025-07-30-at-13.47.41-800x800.jpeg 800w, https:\/\/ink7lab.com\/wp-content\/uploads\/2025\/07\/WhatsApp-Image-2025-07-30-at-13.47.41-560x560.jpeg 560w, https:\/\/ink7lab.com\/wp-content\/uploads\/2025\/07\/WhatsApp-Image-2025-07-30-at-13.47.41-250x250.jpeg 250w, https:\/\/ink7lab.com\/wp-content\/uploads\/2025\/07\/WhatsApp-Image-2025-07-30-at-13.47.41-120x120.jpeg 120w, https:\/\/ink7lab.com\/wp-content\/uploads\/2025\/07\/WhatsApp-Image-2025-07-30-at-13.47.41.jpeg 1200w\" sizes=\"(max-width: 1024px) 100vw, 1024px\" \/><\/figure>\n\n\n\n<figure class=\"wp-block-image size-large\"><img decoding=\"async\" width=\"1024\" height=\"1024\" data-id=\"16420\" src=\"https:\/\/ink7lab.com\/wp-content\/uploads\/2025\/07\/WhatsApp-Image-2025-07-30-at-13.47.41-4-1024x1024.jpeg\" alt=\"\" class=\"wp-image-16420\" srcset=\"https:\/\/ink7lab.com\/wp-content\/uploads\/2025\/07\/WhatsApp-Image-2025-07-30-at-13.47.41-4-1024x1024.jpeg 1024w, https:\/\/ink7lab.com\/wp-content\/uploads\/2025\/07\/WhatsApp-Image-2025-07-30-at-13.47.41-4-300x300.jpeg 300w, https:\/\/ink7lab.com\/wp-content\/uploads\/2025\/07\/WhatsApp-Image-2025-07-30-at-13.47.41-4-150x150.jpeg 150w, https:\/\/ink7lab.com\/wp-content\/uploads\/2025\/07\/WhatsApp-Image-2025-07-30-at-13.47.41-4-768x768.jpeg 768w, https:\/\/ink7lab.com\/wp-content\/uploads\/2025\/07\/WhatsApp-Image-2025-07-30-at-13.47.41-4-800x800.jpeg 800w, https:\/\/ink7lab.com\/wp-content\/uploads\/2025\/07\/WhatsApp-Image-2025-07-30-at-13.47.41-4-560x560.jpeg 560w, https:\/\/ink7lab.com\/wp-content\/uploads\/2025\/07\/WhatsApp-Image-2025-07-30-at-13.47.41-4-250x250.jpeg 250w, https:\/\/ink7lab.com\/wp-content\/uploads\/2025\/07\/WhatsApp-Image-2025-07-30-at-13.47.41-4-120x120.jpeg 120w, https:\/\/ink7lab.com\/wp-content\/uploads\/2025\/07\/WhatsApp-Image-2025-07-30-at-13.47.41-4.jpeg 1200w\" sizes=\"(max-width: 1024px) 100vw, 1024px\" \/><\/figure>\n\n\n\n<figure class=\"wp-block-image size-large\"><img decoding=\"async\" width=\"1024\" height=\"1024\" data-id=\"16419\" src=\"https:\/\/ink7lab.com\/wp-content\/uploads\/2025\/07\/WhatsApp-Image-2025-07-30-at-13.47.41-3-1024x1024.jpeg\" alt=\"\" class=\"wp-image-16419\" srcset=\"https:\/\/ink7lab.com\/wp-content\/uploads\/2025\/07\/WhatsApp-Image-2025-07-30-at-13.47.41-3-1024x1024.jpeg 1024w, https:\/\/ink7lab.com\/wp-content\/uploads\/2025\/07\/WhatsApp-Image-2025-07-30-at-13.47.41-3-300x300.jpeg 300w, https:\/\/ink7lab.com\/wp-content\/uploads\/2025\/07\/WhatsApp-Image-2025-07-30-at-13.47.41-3-150x150.jpeg 150w, https:\/\/ink7lab.com\/wp-content\/uploads\/2025\/07\/WhatsApp-Image-2025-07-30-at-13.47.41-3-768x768.jpeg 768w, https:\/\/ink7lab.com\/wp-content\/uploads\/2025\/07\/WhatsApp-Image-2025-07-30-at-13.47.41-3-800x800.jpeg 800w, https:\/\/ink7lab.com\/wp-content\/uploads\/2025\/07\/WhatsApp-Image-2025-07-30-at-13.47.41-3-560x560.jpeg 560w, https:\/\/ink7lab.com\/wp-content\/uploads\/2025\/07\/WhatsApp-Image-2025-07-30-at-13.47.41-3-250x250.jpeg 250w, https:\/\/ink7lab.com\/wp-content\/uploads\/2025\/07\/WhatsApp-Image-2025-07-30-at-13.47.41-3-120x120.jpeg 120w, https:\/\/ink7lab.com\/wp-content\/uploads\/2025\/07\/WhatsApp-Image-2025-07-30-at-13.47.41-3.jpeg 1200w\" sizes=\"(max-width: 1024px) 100vw, 1024px\" \/><\/figure>\n\n\n\n<figure class=\"wp-block-image size-large\"><img decoding=\"async\" width=\"1024\" height=\"1024\" data-id=\"16418\" src=\"https:\/\/ink7lab.com\/wp-content\/uploads\/2025\/07\/WhatsApp-Image-2025-07-30-at-13.47.41-2-1024x1024.jpeg\" alt=\"\" class=\"wp-image-16418\" srcset=\"https:\/\/ink7lab.com\/wp-content\/uploads\/2025\/07\/WhatsApp-Image-2025-07-30-at-13.47.41-2-1024x1024.jpeg 1024w, https:\/\/ink7lab.com\/wp-content\/uploads\/2025\/07\/WhatsApp-Image-2025-07-30-at-13.47.41-2-300x300.jpeg 300w, https:\/\/ink7lab.com\/wp-content\/uploads\/2025\/07\/WhatsApp-Image-2025-07-30-at-13.47.41-2-150x150.jpeg 150w, https:\/\/ink7lab.com\/wp-content\/uploads\/2025\/07\/WhatsApp-Image-2025-07-30-at-13.47.41-2-768x768.jpeg 768w, https:\/\/ink7lab.com\/wp-content\/uploads\/2025\/07\/WhatsApp-Image-2025-07-30-at-13.47.41-2-800x800.jpeg 800w, https:\/\/ink7lab.com\/wp-content\/uploads\/2025\/07\/WhatsApp-Image-2025-07-30-at-13.47.41-2-560x560.jpeg 560w, https:\/\/ink7lab.com\/wp-content\/uploads\/2025\/07\/WhatsApp-Image-2025-07-30-at-13.47.41-2-250x250.jpeg 250w, https:\/\/ink7lab.com\/wp-content\/uploads\/2025\/07\/WhatsApp-Image-2025-07-30-at-13.47.41-2-120x120.jpeg 120w, https:\/\/ink7lab.com\/wp-content\/uploads\/2025\/07\/WhatsApp-Image-2025-07-30-at-13.47.41-2.jpeg 1200w\" sizes=\"(max-width: 1024px) 100vw, 1024px\" \/><\/figure>\n\n\n\n<figure class=\"wp-block-image size-large\"><img decoding=\"async\" width=\"1024\" height=\"1024\" data-id=\"16415\" src=\"https:\/\/ink7lab.com\/wp-content\/uploads\/2025\/07\/WhatsApp-Image-2025-07-30-at-13.47.40-3-1024x1024.jpeg\" alt=\"\" class=\"wp-image-16415\" srcset=\"https:\/\/ink7lab.com\/wp-content\/uploads\/2025\/07\/WhatsApp-Image-2025-07-30-at-13.47.40-3-1024x1024.jpeg 1024w, https:\/\/ink7lab.com\/wp-content\/uploads\/2025\/07\/WhatsApp-Image-2025-07-30-at-13.47.40-3-300x300.jpeg 300w, https:\/\/ink7lab.com\/wp-content\/uploads\/2025\/07\/WhatsApp-Image-2025-07-30-at-13.47.40-3-150x150.jpeg 150w, https:\/\/ink7lab.com\/wp-content\/uploads\/2025\/07\/WhatsApp-Image-2025-07-30-at-13.47.40-3-768x768.jpeg 768w, https:\/\/ink7lab.com\/wp-content\/uploads\/2025\/07\/WhatsApp-Image-2025-07-30-at-13.47.40-3-800x800.jpeg 800w, https:\/\/ink7lab.com\/wp-content\/uploads\/2025\/07\/WhatsApp-Image-2025-07-30-at-13.47.40-3-560x560.jpeg 560w, https:\/\/ink7lab.com\/wp-content\/uploads\/2025\/07\/WhatsApp-Image-2025-07-30-at-13.47.40-3-250x250.jpeg 250w, https:\/\/ink7lab.com\/wp-content\/uploads\/2025\/07\/WhatsApp-Image-2025-07-30-at-13.47.40-3-120x120.jpeg 120w, https:\/\/ink7lab.com\/wp-content\/uploads\/2025\/07\/WhatsApp-Image-2025-07-30-at-13.47.40-3.jpeg 1200w\" sizes=\"(max-width: 1024px) 100vw, 1024px\" \/><\/figure>\n\n\n\n<figure class=\"wp-block-image size-large\"><img decoding=\"async\" width=\"1024\" height=\"1024\" data-id=\"16412\" src=\"https:\/\/ink7lab.com\/wp-content\/uploads\/2025\/07\/WhatsApp-Image-2025-07-30-at-13.47.40-1-1024x1024.jpeg\" alt=\"\" class=\"wp-image-16412\" srcset=\"https:\/\/ink7lab.com\/wp-content\/uploads\/2025\/07\/WhatsApp-Image-2025-07-30-at-13.47.40-1-1024x1024.jpeg 1024w, https:\/\/ink7lab.com\/wp-content\/uploads\/2025\/07\/WhatsApp-Image-2025-07-30-at-13.47.40-1-300x300.jpeg 300w, https:\/\/ink7lab.com\/wp-content\/uploads\/2025\/07\/WhatsApp-Image-2025-07-30-at-13.47.40-1-150x150.jpeg 150w, https:\/\/ink7lab.com\/wp-content\/uploads\/2025\/07\/WhatsApp-Image-2025-07-30-at-13.47.40-1-768x768.jpeg 768w, https:\/\/ink7lab.com\/wp-content\/uploads\/2025\/07\/WhatsApp-Image-2025-07-30-at-13.47.40-1-800x800.jpeg 800w, https:\/\/ink7lab.com\/wp-content\/uploads\/2025\/07\/WhatsApp-Image-2025-07-30-at-13.47.40-1-560x560.jpeg 560w, https:\/\/ink7lab.com\/wp-content\/uploads\/2025\/07\/WhatsApp-Image-2025-07-30-at-13.47.40-1-250x250.jpeg 250w, https:\/\/ink7lab.com\/wp-content\/uploads\/2025\/07\/WhatsApp-Image-2025-07-30-at-13.47.40-1-120x120.jpeg 120w, https:\/\/ink7lab.com\/wp-content\/uploads\/2025\/07\/WhatsApp-Image-2025-07-30-at-13.47.40-1.jpeg 1200w\" sizes=\"(max-width: 1024px) 100vw, 1024px\" \/><\/figure>\n<\/figure>\n\n\n\n<hr class=\"wp-block-separator has-alpha-channel-opacity\"\/>\n\n\n\n<h2 class=\"wp-block-heading\">\ud83d\udc4f La reacci\u00f3 del p\u00fablic<\/h2>\n\n\n\n<p>Aplaudiments tronadors, c\u00e0ntics i ulls al cel: la resposta del p\u00fablic va ser extraordin\u00e0ria.<br>L&#039;espectacle de drons de <strong>ink7lab<\/strong> no nom\u00e9s va celebrar la vict\u00f2ria de la <strong>Com 1907<\/strong>, per\u00f2 va retre homenatge al festival <strong>Futbol al llac<\/strong> i la seva capacitat d&#039;unir esport, cultura i comunitat.<\/p>\n\n\n\n<hr class=\"wp-block-separator has-alpha-channel-opacity\"\/>\n\n\n\n<h2 class=\"wp-block-heading\">\ud83e\udd1d Excel\u00b7lent col\u00b7laboraci\u00f3<\/h2>\n\n\n\n<p>L&#039;\u00e8xit de l&#039;esdeveniment va ser possible gr\u00e0cies a la perfecta sinergia entre <strong>ink7lab \u2013 Divisi\u00f3 de Llums per a It\u00e0lia i Su\u00efssa<\/strong>, <strong>Com 1907<\/strong> a <strong>Adidas<\/strong>, que va treballar per garantir un espectacle segur i de renom internacional.<\/p>\n\n\n\n<hr class=\"wp-block-separator has-alpha-channel-opacity\"\/>\n\n\n\n<h2 class=\"wp-block-heading\">Futbol al llac: el futur dels esdeveniments a Como<\/h2>\n\n\n\n<p>All\u00e0 <strong>Copa de Como<\/strong> i el festival <strong>Futbol al llac<\/strong> Han demostrat com l&#039;esport, l&#039;entreteniment i l&#039;espectacle poden coexistir, creant experi\u00e8ncies memorables.<\/p>\n\n\n\n<p>Les imatges del cel il\u00b7luminat han fet la volta a les xarxes socials i s&#039;han convertit en un s\u00edmbol per a la ciutat i per a la <strong>Llac de Como<\/strong>.<\/p>\n<\/div>\n<\/div>\n\n\n\n<figure class=\"wp-block-embed is-type-video is-provider-youtube wp-block-embed-youtube wp-embed-aspect-16-9 wp-has-aspect-ratio\"><div class=\"wp-block-embed__wrapper\">\n<iframe title=\"Un espectacle de drons a ink7lab no \u00e9s nom\u00e9s un espectacle: \u00e9s precisi\u00f3, emoci\u00f3 i una signatura \u00fanica al cel.\" width=\"1128\" height=\"635\" src=\"https:\/\/www.youtube.com\/embed\/UTZqz3akDak?feature=oembed\" frameborder=\"0\" allow=\"accelerometer; autoplay; clipboard-write; encrypted-media; gyroscope; picture-in-picture; web-share\" referrerpolicy=\"strict-origin-when-cross-origin\" allowfullscreen><\/iframe>\n<\/div><\/figure>\n\n\n\n<div style=\"height:50px\" aria-hidden=\"true\" class=\"wp-block-spacer\"><\/div>\n\n\n\n<h3 class=\"wp-block-heading\">ESDEVENIMENTS RELACIONATS<\/h3>\n\n\n\n<div style=\"height:50px\" aria-hidden=\"true\" class=\"wp-block-spacer\"><\/div>\n\n\n\n<div class=\"wp-block-columns outerbox is-layout-flex wp-container-core-columns-is-layout-9d6595d7 wp-block-columns-is-layout-flex\">\n<div class=\"wp-block-column has-background is-layout-flow wp-block-column-is-layout-flow\" style=\"background-color:#19181a\">\n<figure class=\"wp-block-image size-large\"><img decoding=\"async\" width=\"1024\" height=\"1024\" src=\"https:\/\/ink7lab.com\/wp-content\/uploads\/2025\/06\/Verjaardag-Antonella-\u2013-11-1030x1030-1-1024x1024.png\" alt=\"\" class=\"wp-image-15861\" style=\"aspect-ratio:16\/9;object-fit:cover\" srcset=\"\" sizes=\"(max-width: 1024px) 100vw, 1024px\" data-srcset=\"\" \/><\/figure>\n\n\n\n<div class=\"wp-block-columns innerbox is-layout-flex wp-container-core-columns-is-layout-9d6595d7 wp-block-columns-is-layout-flex\">\n<div class=\"wp-block-column is-layout-flow wp-block-column-is-layout-flow\">\n<h3 class=\"wp-block-heading\"><a href=\"https:\/\/ink7lab.com\/ca\/%f0%9d%97%96%f0%9d%97%b2%f0%9d%97%b9%f0%9d%97%b2%f0%9d%97%af%f0%9d%97%bf%f0%9d%97%ae%f0%9d%98%81%f0%9d%97%b6%f0%9d%97%bb%f0%9d%97%b4%f0%9d%98%82%f0%9d%97%b6%f0%9d%97%bb%f0%9d%97%b4%f0%9d%97%bf\/\" title=\"\">Antonella \ud835\uddd6\ud835\uddf2\ud835\uddf9\ud835\uddf2\ud835\uddef\ud835\uddff\ud835\uddee\ud835\ude01\ud835\uddf6\ud835\uddfb\ud835\uddf4 \ud835\udde4\ud835\ude02\ud835\uddf6\ud835\uddfb\ud835\uddf0\ud835\uddf2\ud835\uddee\ud835\uddfb\u0303\ud835\uddf2\ud835\uddff\ud835\uddee amb un estil espectacular<\/a><\/h3>\n\n\n\n<p><a href=\"https:\/\/ink7lab.com\/ca\/%f0%9d%97%96%f0%9d%97%b2%f0%9d%97%b9%f0%9d%97%b2%f0%9d%97%af%f0%9d%97%bf%f0%9d%97%ae%f0%9d%98%81%f0%9d%97%b6%f0%9d%97%bb%f0%9d%97%b4%f0%9d%98%82%f0%9d%97%b6%f0%9d%97%bb%f0%9d%97%b4%f0%9d%97%bf\/\" title=\"\">M\u00e9s informaci\u00f3<\/a><\/p>\n<\/div>\n<\/div>\n<\/div>\n\n\n\n<div class=\"wp-block-column has-background is-layout-flow wp-block-column-is-layout-flow\" style=\"background-color:#19181a\">\n<figure class=\"wp-block-image size-large\"><img decoding=\"async\" width=\"1024\" height=\"1024\" src=\"https:\/\/ink7lab.com\/wp-content\/uploads\/2025\/06\/Construct-Euorpe-04-1024x1024.png\" alt=\"\" class=\"wp-image-15862\" style=\"aspect-ratio:16\/9;object-fit:cover\" srcset=\"https:\/\/ink7lab.com\/wp-content\/uploads\/2025\/06\/Construct-Euorpe-04-1024x1024.png 1024w, https:\/\/ink7lab.com\/wp-content\/uploads\/2025\/06\/Construct-Euorpe-04-300x300.png 300w, https:\/\/ink7lab.com\/wp-content\/uploads\/2025\/06\/Construct-Euorpe-04-150x150.png 150w, https:\/\/ink7lab.com\/wp-content\/uploads\/2025\/06\/Construct-Euorpe-04-768x768.png 768w, https:\/\/ink7lab.com\/wp-content\/uploads\/2025\/06\/Construct-Euorpe-04-800x800.png 800w, https:\/\/ink7lab.com\/wp-content\/uploads\/2025\/06\/Construct-Euorpe-04-560x560.png 560w, https:\/\/ink7lab.com\/wp-content\/uploads\/2025\/06\/Construct-Euorpe-04-250x250.png 250w, https:\/\/ink7lab.com\/wp-content\/uploads\/2025\/06\/Construct-Euorpe-04-120x120.png 120w, https:\/\/ink7lab.com\/wp-content\/uploads\/2025\/06\/Construct-Euorpe-04.png 1200w\" sizes=\"(max-width: 1024px) 100vw, 1024px\" \/><\/figure>\n\n\n\n<div class=\"wp-block-columns innerbox is-layout-flex wp-container-core-columns-is-layout-9d6595d7 wp-block-columns-is-layout-flex\">\n<div class=\"wp-block-column is-layout-flow wp-block-column-is-layout-flow\">\n<h3 class=\"wp-block-heading\"><a href=\"https:\/\/ink7lab.com\/ca\/espectacle-de-llums-amb-drons-de-dues-peces-amb-una-orquestra-en-directe\/\" title=\"\">Espectacle de llums amb drons de dues peces amb orquestra en directe<\/a><\/h3>\n\n\n\n<p><a href=\"https:\/\/ink7lab.com\/ca\/espectacle-de-llums-amb-drons-de-dues-peces-amb-una-orquestra-en-directe\/\" title=\"Llegeix-ne m\u00e9s\">M\u00e9s informaci\u00f3<\/a><\/p>\n<\/div>\n<\/div>\n<\/div>\n<\/div>","protected":false},"excerpt":{"rendered":"\ud83c\udfc6 Como Cup 2025: il drone show di ink7lab che ha trasformato","protected":false},"author":1,"featured_media":16421,"parent":15845,"menu_order":0,"comment_status":"closed","ping_status":"closed","template":"","meta":{"om_disable_all_campaigns":false,"_monsterinsights_skip_tracking":false,"_monsterinsights_sitenote_active":false,"_monsterinsights_sitenote_note":"","_monsterinsights_sitenote_category":0,"_uf_show_specific_survey":0,"_uf_disable_surveys":false,"footnotes":""},"class_list":["post-16511","page","type-page","status-publish","has-post-thumbnail","hentry"],"aioseo_notices":[],"_links":{"self":[{"href":"https:\/\/ink7lab.com\/ca\/wp-json\/wp\/v2\/pages\/16511","targetHints":{"allow":["GET"]}}],"collection":[{"href":"https:\/\/ink7lab.com\/ca\/wp-json\/wp\/v2\/pages"}],"about":[{"href":"https:\/\/ink7lab.com\/ca\/wp-json\/wp\/v2\/types\/page"}],"author":[{"embeddable":true,"href":"https:\/\/ink7lab.com\/ca\/wp-json\/wp\/v2\/users\/1"}],"replies":[{"embeddable":true,"href":"https:\/\/ink7lab.com\/ca\/wp-json\/wp\/v2\/comments?post=16511"}],"version-history":[{"count":0,"href":"https:\/\/ink7lab.com\/ca\/wp-json\/wp\/v2\/pages\/16511\/revisions"}],"up":[{"embeddable":true,"href":"https:\/\/ink7lab.com\/ca\/wp-json\/wp\/v2\/pages\/15845"}],"wp:featuredmedia":[{"embeddable":true,"href":"https:\/\/ink7lab.com\/ca\/wp-json\/wp\/v2\/media\/16421"}],"wp:attachment":[{"href":"https:\/\/ink7lab.com\/ca\/wp-json\/wp\/v2\/media?parent=16511"}],"curies":[{"name":"wp","href":"https:\/\/api.w.org\/{rel}","templated":true}]}}