{"id":16513,"date":"2025-08-20T09:05:47","date_gmt":"2025-08-20T09:05:47","guid":{"rendered":"https:\/\/ink7lab.com\/?page_id=16513"},"modified":"2025-10-15T01:25:26","modified_gmt":"2025-10-15T01:25:26","slug":"espectacles-amb-drons-a-portoferraio-a-lilla-delba","status":"publish","type":"page","link":"https:\/\/ink7lab.com\/ca\/spettacoli-droni-portoferraio-ferragosto-isola-elba\/","title":{"rendered":"Portoferraio \u2013 Illa d&#039;Elba | 15 d&#039;agost de 2025"},"content":{"rendered":"<h3 class=\"wp-block-heading\">Un espectacle amb 250 drons per a la nit del Ferragosto<\/h3>\n\n\n\n<div class=\"wp-block-buttons is-layout-flex wp-block-buttons-is-layout-flex\">\n<div class=\"wp-block-button\"><a class=\"wp-block-button__link has-background wp-element-button\" style=\"border-radius:57px;background-color:#78d524\">250 drons<\/a><\/div>\n\n\n\n<div class=\"wp-block-button\"><a class=\"wp-block-button__link has-background wp-element-button\" style=\"border-radius:57px;background-color:#78d524\">NARRACI\u00d3<\/a><\/div>\n\n\n\n<div class=\"wp-block-button\"><a class=\"wp-block-button__link has-background wp-element-button\" style=\"border-radius:57px;background-color:#78d524\">COL\u00b7LABORACI\u00d3<\/a><\/div>\n\n\n\n<div class=\"wp-block-button\"><a class=\"wp-block-button__link has-background wp-element-button\" style=\"border-radius:57px;background-color:#78d524\">ESPECTACULAR<\/a><\/div>\n\n\n\n<div class=\"wp-block-button\"><a class=\"wp-block-button__link has-background wp-element-button\" style=\"border-radius:57px;background-color:#78d524\">FERRAGOSTO<\/a><\/div>\n<\/div>\n\n\n\n<figure class=\"wp-block-embed is-type-video is-provider-youtube wp-block-embed-youtube wp-embed-aspect-16-9 wp-has-aspect-ratio\"><div class=\"wp-block-embed__wrapper\">\n<iframe title=\"Portoferraio | 15 d&#039;agost de 2025: un espectacle amb 250 drons a la Darsena Medicea \" width=\"1128\" height=\"635\" src=\"https:\/\/www.youtube.com\/embed\/iD4G0NZ3S_k?feature=oembed\" frameborder=\"0\" allow=\"accelerometer; autoplay; clipboard-write; encrypted-media; gyroscope; picture-in-picture; web-share\" referrerpolicy=\"strict-origin-when-cross-origin\" allowfullscreen><\/iframe>\n<\/div><\/figure>\n\n\n\n<div class=\"wp-block-columns is-layout-flex wp-container-core-columns-is-layout-9d6595d7 wp-block-columns-is-layout-flex\">\n<div class=\"wp-block-column is-layout-flow wp-block-column-is-layout-flow\" style=\"flex-basis:33.33%\">\n<ul class=\"wp-block-list\">\n<li>Portoferraio (LI); It\u00e0lia<\/li>\n\n\n\n<li>15 d&#039;agost de 2025<\/li>\n<\/ul>\n<\/div>\n\n\n\n<div class=\"wp-block-column is-layout-flow wp-block-column-is-layout-flow\" style=\"flex-basis:66.66%\">\n<p>El 15 d&#039;agost de 2025, la Darsena Medicea de Portoferraio es va transformar en un teatre de llum al cel gr\u00e0cies a un espectacle amb 250 drons d&#039;ink7lab. Una hist\u00f2ria visual emocionant, dissenyada per retre homenatge a la hist\u00f2ria, la bellesa i l&#039;\u00e0nima de l&#039;illa d&#039;Elba.<\/p>\n\n\n\n<p>La narraci\u00f3 va comen\u00e7ar amb ones de llum dansant sobre l&#039;aigua, seguides del contorn d&#039;Elba i s\u00edmbols ic\u00f2nics com ara Cosme de M\u00e8dici i Napole\u00f3. Tamb\u00e9 va apar\u00e8ixer al cel una llegenda d&#039;amor, interpretada en vol a trav\u00e9s d&#039;imatges po\u00e8tiques i evocadores, capaces de tocar el cor del p\u00fablic.<\/p>\n\n\n\n<p>El gran final va veure el missatge &quot;Elba t&#039;estima&quot; il\u00b7luminar la nit, encenent l&#039;emoci\u00f3 de milers de persones reunides al port: ciutadans, turistes i fam\u00edlies unides en una experi\u00e8ncia col\u00b7lectiva inoblidable.<\/p>\n\n\n\n<p>L&#039;espectacle va ser creat per ink7lab en col\u00b7laboraci\u00f3 amb l&#039;Ajuntament de Portoferraio, l&#039;ag\u00e8ncia Live Srl, i amb el suport de patrocinadors locals, demostrant com els espectacles de drons poden millorar l&#039;\u00e0rea local i crear moments de fort impacte cultural i emocional.<\/p>\n\n\n\n<p><a href=\"https:\/\/ink7lab.com\/ca\/espectacles-de-llums-amb-drons\/\" title=\"\">\ud83d\udc49 <strong>M\u00e9s informaci\u00f3:<\/strong> <strong>M\u00e9s informaci\u00f3<\/strong><\/a><\/p>\n<\/div>\n<\/div>\n\n\n\n<p class=\"has-text-align-center\"><a href=\"https:\/\/ink7lab.com\/ca\/contactes\/\" title=\"\">\ud83d\udc49 Contacta&#039;ns per a una consulta!<\/a><\/p>\n\n\n\n<figure class=\"wp-block-gallery has-nested-images columns-default is-cropped wp-block-gallery-1 is-layout-flex wp-block-gallery-is-layout-flex\">\n<figure class=\"wp-block-image size-large\"><img decoding=\"async\" width=\"1024\" height=\"569\" data-id=\"16567\" src=\"https:\/\/ink7lab.com\/wp-content\/uploads\/2025\/08\/PORTOFERRAIO-PIC-LANDING-7-1024x569.png\" alt=\"\" class=\"wp-image-16567\" srcset=\"https:\/\/ink7lab.com\/wp-content\/uploads\/2025\/08\/PORTOFERRAIO-PIC-LANDING-7-1024x569.png 1024w, https:\/\/ink7lab.com\/wp-content\/uploads\/2025\/08\/PORTOFERRAIO-PIC-LANDING-7-300x167.png 300w, https:\/\/ink7lab.com\/wp-content\/uploads\/2025\/08\/PORTOFERRAIO-PIC-LANDING-7-768x427.png 768w, https:\/\/ink7lab.com\/wp-content\/uploads\/2025\/08\/PORTOFERRAIO-PIC-LANDING-7-1536x854.png 1536w\" sizes=\"(max-width: 1024px) 100vw, 1024px\" \/><\/figure>\n\n\n\n<figure class=\"wp-block-image size-large\"><img decoding=\"async\" data-id=\"16573\" src=\"https:\/\/ink7lab.com\/wp-content\/uploads\/2025\/08\/PORTOFERRAIO-PIC-LANDING-1.png\" alt=\"\" class=\"wp-image-16573\"\/><\/figure>\n\n\n\n<figure class=\"wp-block-image size-large\"><img decoding=\"async\" data-id=\"16572\" src=\"https:\/\/ink7lab.com\/wp-content\/uploads\/2025\/08\/PORTOFERRAIO-PIC-LANDING-2.png\" alt=\"\" class=\"wp-image-16572\"\/><\/figure>\n\n\n\n<figure class=\"wp-block-image size-large\"><img decoding=\"async\" data-id=\"16578\" src=\"https:\/\/ink7lab.com\/wp-content\/uploads\/2025\/08\/PORTOFERRAIO-PIC-CARDINALS.png\" alt=\"\" class=\"wp-image-16578\"\/><\/figure>\n\n\n\n<figure class=\"wp-block-image size-large\"><img decoding=\"async\" data-id=\"16564\" src=\"https:\/\/ink7lab.com\/wp-content\/uploads\/2025\/08\/PORTOFERRAIO-PIC-CITTY-LOGO.png\" alt=\"\" class=\"wp-image-16564\"\/><\/figure>\n\n\n\n<figure class=\"wp-block-image size-large\"><img decoding=\"async\" data-id=\"16591\" src=\"https:\/\/ink7lab.com\/wp-content\/uploads\/2025\/08\/PORTOFERRAIO-PIC-ALBA-CALLING.png\" alt=\"\" class=\"wp-image-16591\"\/><\/figure>\n\n\n\n<figure class=\"wp-block-image size-large\"><img decoding=\"async\" data-id=\"16605\" src=\"https:\/\/ink7lab.com\/wp-content\/uploads\/2025\/08\/PORTOFERRAIO-PIC-STARS.png\" alt=\"\" class=\"wp-image-16605\"\/><\/figure>\n\n\n\n<figure class=\"wp-block-image size-large\"><img decoding=\"async\" data-id=\"16604\" src=\"https:\/\/ink7lab.com\/wp-content\/uploads\/2025\/08\/PORTOFERRAIO-PIC-STELLA.png\" alt=\"\" class=\"wp-image-16604\"\/><\/figure>\n\n\n\n<figure class=\"wp-block-image size-large\"><img decoding=\"async\" data-id=\"16603\" src=\"https:\/\/ink7lab.com\/wp-content\/uploads\/2025\/08\/PORTOFERRAIO-PIC-STARS-2.png\" alt=\"\" class=\"wp-image-16603\"\/><\/figure>\n\n\n\n<figure class=\"wp-block-image size-large\"><img decoding=\"async\" data-id=\"16602\" src=\"https:\/\/ink7lab.com\/wp-content\/uploads\/2025\/08\/PORTOFERRAIO-PIC-LINGUELLA.png\" alt=\"\" class=\"wp-image-16602\"\/><\/figure>\n\n\n\n<figure class=\"wp-block-image size-large\"><img decoding=\"async\" data-id=\"16600\" src=\"https:\/\/ink7lab.com\/wp-content\/uploads\/2025\/08\/PORTOFERRAIO-PIC-NAPOLEONE.png\" alt=\"\" class=\"wp-image-16600\"\/><\/figure>\n\n\n\n<figure class=\"wp-block-image size-large\"><img decoding=\"async\" data-id=\"16599\" src=\"https:\/\/ink7lab.com\/wp-content\/uploads\/2025\/08\/PORTOFERRAIO-PIC-WAVES.png\" alt=\"\" class=\"wp-image-16599\"\/><\/figure>\n\n\n\n<figure class=\"wp-block-image size-large\"><img decoding=\"async\" data-id=\"16594\" src=\"https:\/\/ink7lab.com\/wp-content\/uploads\/2025\/08\/PORTOFERRAIO-PIC-LOVERS.png\" alt=\"\" class=\"wp-image-16594\"\/><\/figure>\n\n\n\n<figure class=\"wp-block-image size-large\"><img decoding=\"async\" data-id=\"16590\" src=\"https:\/\/ink7lab.com\/wp-content\/uploads\/2025\/08\/PORTOFERRAIO-PIC-ELBA-VI-AMA.png\" alt=\"\" class=\"wp-image-16590\"\/><\/figure>\n\n\n\n<figure class=\"wp-block-image size-large\"><img decoding=\"async\" data-id=\"16579\" src=\"https:\/\/ink7lab.com\/wp-content\/uploads\/2025\/08\/PORTOFERRAIO-PIC-BUON-FERRAGOSTO-1.png\" alt=\"\" class=\"wp-image-16579\"\/><\/figure>\n\n\n\n<figure class=\"wp-block-image size-large\"><img decoding=\"async\" data-id=\"16589\" src=\"https:\/\/ink7lab.com\/wp-content\/uploads\/2025\/08\/PORTOFERRAIO-PIC-CONAD.png\" alt=\"\" class=\"wp-image-16589\"\/><\/figure>\n\n\n\n<figure class=\"wp-block-image size-large\"><img decoding=\"async\" data-id=\"16587\" src=\"https:\/\/ink7lab.com\/wp-content\/uploads\/2025\/08\/PORTOFERRAIO-PIC-ESAOM.png\" alt=\"\" class=\"wp-image-16587\"\/><\/figure>\n\n\n\n<figure class=\"wp-block-image size-large\"><img decoding=\"async\" data-id=\"16585\" src=\"https:\/\/ink7lab.com\/wp-content\/uploads\/2025\/08\/PORTOFERRAIO-PIC-CALCIO-ELBA.png\" alt=\"\" class=\"wp-image-16585\"\/><\/figure>\n\n\n\n<figure class=\"wp-block-image size-large\"><img decoding=\"async\" data-id=\"16584\" src=\"https:\/\/ink7lab.com\/wp-content\/uploads\/2025\/08\/PORTOFERRAIO-PIC-CUE.png\" alt=\"\" class=\"wp-image-16584\"\/><\/figure>\n\n\n\n<figure class=\"wp-block-image size-large\"><img decoding=\"async\" data-id=\"16582\" src=\"https:\/\/ink7lab.com\/wp-content\/uploads\/2025\/08\/PORTOFERRAIO-PIC-BLU-NAVY-2.png\" alt=\"\" class=\"wp-image-16582\"\/><\/figure>\n\n\n\n<figure class=\"wp-block-image size-large\"><img decoding=\"async\" data-id=\"16581\" src=\"https:\/\/ink7lab.com\/wp-content\/uploads\/2025\/08\/PORTOFERRAIO-PIC-INK7LAB.png\" alt=\"\" class=\"wp-image-16581\"\/><\/figure>\n\n\n\n<figure class=\"wp-block-image size-large\"><img decoding=\"async\" data-id=\"16570\" src=\"https:\/\/ink7lab.com\/wp-content\/uploads\/2025\/08\/PORTOFERRAIO-PIC-LANDING-4.png\" alt=\"\" class=\"wp-image-16570\"\/><\/figure>\n\n\n\n<figure class=\"wp-block-image size-large\"><img decoding=\"async\" width=\"1024\" height=\"569\" data-id=\"16571\" src=\"https:\/\/ink7lab.com\/wp-content\/uploads\/2025\/08\/PORTOFERRAIO-PIC-LANDING-3-1024x569.png\" alt=\"\" class=\"wp-image-16571\" srcset=\"https:\/\/ink7lab.com\/wp-content\/uploads\/2025\/08\/PORTOFERRAIO-PIC-LANDING-3-1024x569.png 1024w, https:\/\/ink7lab.com\/wp-content\/uploads\/2025\/08\/PORTOFERRAIO-PIC-LANDING-3-300x167.png 300w, https:\/\/ink7lab.com\/wp-content\/uploads\/2025\/08\/PORTOFERRAIO-PIC-LANDING-3-768x427.png 768w, https:\/\/ink7lab.com\/wp-content\/uploads\/2025\/08\/PORTOFERRAIO-PIC-LANDING-3-1536x854.png 1536w, https:\/\/ink7lab.com\/wp-content\/uploads\/2025\/08\/PORTOFERRAIO-PIC-LANDING-3-2048x1138.png 2048w\" sizes=\"(max-width: 1024px) 100vw, 1024px\" \/><\/figure>\n\n\n\n<figure class=\"wp-block-image size-large\"><img decoding=\"async\" data-id=\"16569\" src=\"https:\/\/ink7lab.com\/wp-content\/uploads\/2025\/08\/PORTOFERRAIO-PIC-LANDING-5.png\" alt=\"\" class=\"wp-image-16569\"\/><\/figure>\n\n\n\n<figure class=\"wp-block-image size-large\"><img decoding=\"async\" data-id=\"16568\" src=\"https:\/\/ink7lab.com\/wp-content\/uploads\/2025\/08\/PORTOFERRAIO-PIC-LANDING-6.png\" alt=\"\" class=\"wp-image-16568\"\/><\/figure>\n\n\n\n<figure class=\"wp-block-image size-large\"><img decoding=\"async\" data-id=\"16566\" src=\"https:\/\/ink7lab.com\/wp-content\/uploads\/2025\/08\/PORTOFERRAIO-PIC-LANDING-8.png\" alt=\"\" class=\"wp-image-16566\"\/><\/figure>\n\n\n\n<figure class=\"wp-block-image size-large\"><img decoding=\"async\" data-id=\"16565\" src=\"https:\/\/ink7lab.com\/wp-content\/uploads\/2025\/08\/PORTOFERRAIO-PIC-FOLLA-FINAL.png\" alt=\"\" class=\"wp-image-16565\"\/><\/figure>\n\n\n\n<figure class=\"wp-block-image size-large\"><img decoding=\"async\" width=\"1024\" height=\"569\" data-id=\"16580\" src=\"https:\/\/ink7lab.com\/wp-content\/uploads\/2025\/08\/PORTOFERRAIO-PIC-FOLLA-1024x569.png\" alt=\"\" class=\"wp-image-16580\" srcset=\"https:\/\/ink7lab.com\/wp-content\/uploads\/2025\/08\/PORTOFERRAIO-PIC-FOLLA-1024x569.png 1024w, https:\/\/ink7lab.com\/wp-content\/uploads\/2025\/08\/PORTOFERRAIO-PIC-FOLLA-300x167.png 300w, https:\/\/ink7lab.com\/wp-content\/uploads\/2025\/08\/PORTOFERRAIO-PIC-FOLLA-768x427.png 768w, https:\/\/ink7lab.com\/wp-content\/uploads\/2025\/08\/PORTOFERRAIO-PIC-FOLLA-1536x854.png 1536w, https:\/\/ink7lab.com\/wp-content\/uploads\/2025\/08\/PORTOFERRAIO-PIC-FOLLA-2048x1138.png 2048w, https:\/\/ink7lab.com\/wp-content\/uploads\/2025\/08\/PORTOFERRAIO-PIC-FOLLA-1600x889.png 1600w, https:\/\/ink7lab.com\/wp-content\/uploads\/2025\/08\/PORTOFERRAIO-PIC-FOLLA-1200x667.png 1200w, https:\/\/ink7lab.com\/wp-content\/uploads\/2025\/08\/PORTOFERRAIO-PIC-FOLLA-800x445.png 800w, https:\/\/ink7lab.com\/wp-content\/uploads\/2025\/08\/PORTOFERRAIO-PIC-FOLLA-560x311.png 560w\" sizes=\"(max-width: 1024px) 100vw, 1024px\" \/><\/figure>\n<\/figure>\n\n\n\n<div style=\"height:50px\" aria-hidden=\"true\" class=\"wp-block-spacer\"><\/div>\n\n\n\n<h3 class=\"wp-block-heading\">ESDEVENIMENTS RELACIONATS<\/h3>\n\n\n\n<div style=\"height:50px\" aria-hidden=\"true\" class=\"wp-block-spacer\"><\/div>\n\n\n\n<div class=\"wp-block-columns outerbox is-layout-flex wp-container-core-columns-is-layout-9d6595d7 wp-block-columns-is-layout-flex\">\n<div class=\"wp-block-column has-background is-layout-flow wp-block-column-is-layout-flow\" style=\"background-color:#19181a\">\n<figure class=\"wp-block-image size-large\"><img decoding=\"async\" width=\"1024\" height=\"1024\" src=\"https:\/\/ink7lab.com\/wp-content\/uploads\/2025\/06\/Verjaardag-Antonella-\u2013-11-1030x1030-1-1024x1024.png\" alt=\"\" class=\"wp-image-15861\" style=\"aspect-ratio:16\/9;object-fit:cover\" srcset=\"\" sizes=\"(max-width: 1024px) 100vw, 1024px\" data-srcset=\"\" \/><\/figure>\n\n\n\n<div class=\"wp-block-columns innerbox is-layout-flex wp-container-core-columns-is-layout-9d6595d7 wp-block-columns-is-layout-flex\">\n<div class=\"wp-block-column is-layout-flow wp-block-column-is-layout-flow\">\n<h3 class=\"wp-block-heading\"><a href=\"https:\/\/ink7lab.com\/ca\/%f0%9d%97%96%f0%9d%97%b2%f0%9d%97%b9%f0%9d%97%b2%f0%9d%97%af%f0%9d%97%bf%f0%9d%97%ae%f0%9d%98%81%f0%9d%97%b6%f0%9d%97%bb%f0%9d%97%b4%f0%9d%98%82%f0%9d%97%b6%f0%9d%97%bb%f0%9d%97%b4%f0%9d%97%bf\/\" title=\"\">Antonella \ud835\uddd6\ud835\uddf2\ud835\uddf9\ud835\uddf2\ud835\uddef\ud835\uddff\ud835\uddee\ud835\ude01\ud835\uddf6\ud835\uddfb\ud835\uddf4 \ud835\udde4\ud835\ude02\ud835\uddf6\ud835\uddfb\ud835\uddf0\ud835\uddf2\ud835\uddee\ud835\uddfb\u0303\ud835\uddf2\ud835\uddff\ud835\uddee amb un estil espectacular<\/a><\/h3>\n\n\n\n<p><a href=\"https:\/\/ink7lab.com\/ca\/%f0%9d%97%96%f0%9d%97%b2%f0%9d%97%b9%f0%9d%97%b2%f0%9d%97%af%f0%9d%97%bf%f0%9d%97%ae%f0%9d%98%81%f0%9d%97%b6%f0%9d%97%bb%f0%9d%97%b4%f0%9d%98%82%f0%9d%97%b6%f0%9d%97%bb%f0%9d%97%b4%f0%9d%97%bf\/\" title=\"\">M\u00e9s informaci\u00f3<\/a><\/p>\n<\/div>\n<\/div>\n<\/div>\n\n\n\n<div class=\"wp-block-column has-background is-layout-flow wp-block-column-is-layout-flow\" style=\"background-color:#19181a\">\n<figure class=\"wp-block-image size-large\"><img decoding=\"async\" width=\"1024\" height=\"1024\" src=\"https:\/\/ink7lab.com\/wp-content\/uploads\/2025\/06\/Construct-Euorpe-04-1024x1024.png\" alt=\"\" class=\"wp-image-15862\" style=\"aspect-ratio:16\/9;object-fit:cover\" srcset=\"https:\/\/ink7lab.com\/wp-content\/uploads\/2025\/06\/Construct-Euorpe-04-1024x1024.png 1024w, https:\/\/ink7lab.com\/wp-content\/uploads\/2025\/06\/Construct-Euorpe-04-300x300.png 300w, https:\/\/ink7lab.com\/wp-content\/uploads\/2025\/06\/Construct-Euorpe-04-150x150.png 150w, https:\/\/ink7lab.com\/wp-content\/uploads\/2025\/06\/Construct-Euorpe-04-768x768.png 768w, https:\/\/ink7lab.com\/wp-content\/uploads\/2025\/06\/Construct-Euorpe-04-800x800.png 800w, https:\/\/ink7lab.com\/wp-content\/uploads\/2025\/06\/Construct-Euorpe-04-560x560.png 560w, https:\/\/ink7lab.com\/wp-content\/uploads\/2025\/06\/Construct-Euorpe-04-250x250.png 250w, https:\/\/ink7lab.com\/wp-content\/uploads\/2025\/06\/Construct-Euorpe-04-120x120.png 120w, https:\/\/ink7lab.com\/wp-content\/uploads\/2025\/06\/Construct-Euorpe-04.png 1200w\" sizes=\"(max-width: 1024px) 100vw, 1024px\" \/><\/figure>\n\n\n\n<div class=\"wp-block-columns innerbox is-layout-flex wp-container-core-columns-is-layout-9d6595d7 wp-block-columns-is-layout-flex\">\n<div class=\"wp-block-column is-layout-flow wp-block-column-is-layout-flow\">\n<h3 class=\"wp-block-heading\"><a href=\"https:\/\/ink7lab.com\/ca\/espectacle-de-llums-amb-drons-de-dues-peces-amb-una-orquestra-en-directe\/\" title=\"\">Espectacle de llums amb drons de dues peces amb orquestra en directe<\/a><\/h3>\n\n\n\n<p><a href=\"https:\/\/ink7lab.com\/ca\/espectacle-de-llums-amb-drons-de-dues-peces-amb-una-orquestra-en-directe\/\" title=\"Llegeix-ne m\u00e9s\">M\u00e9s informaci\u00f3<\/a><\/p>\n<\/div>\n<\/div>\n<\/div>\n<\/div>","protected":false},"excerpt":{"rendered":"Spettacolo con 250 droni per la notte di Ferragosto 250 droni STORYTELLING","protected":false},"author":1,"featured_media":16572,"parent":0,"menu_order":0,"comment_status":"closed","ping_status":"closed","template":"","meta":{"om_disable_all_campaigns":false,"_monsterinsights_skip_tracking":false,"_monsterinsights_sitenote_active":false,"_monsterinsights_sitenote_note":"","_monsterinsights_sitenote_category":0,"_uf_show_specific_survey":0,"_uf_disable_surveys":false,"footnotes":""},"class_list":["post-16513","page","type-page","status-publish","has-post-thumbnail","hentry"],"aioseo_notices":[],"_links":{"self":[{"href":"https:\/\/ink7lab.com\/ca\/wp-json\/wp\/v2\/pages\/16513","targetHints":{"allow":["GET"]}}],"collection":[{"href":"https:\/\/ink7lab.com\/ca\/wp-json\/wp\/v2\/pages"}],"about":[{"href":"https:\/\/ink7lab.com\/ca\/wp-json\/wp\/v2\/types\/page"}],"author":[{"embeddable":true,"href":"https:\/\/ink7lab.com\/ca\/wp-json\/wp\/v2\/users\/1"}],"replies":[{"embeddable":true,"href":"https:\/\/ink7lab.com\/ca\/wp-json\/wp\/v2\/comments?post=16513"}],"version-history":[{"count":0,"href":"https:\/\/ink7lab.com\/ca\/wp-json\/wp\/v2\/pages\/16513\/revisions"}],"wp:featuredmedia":[{"embeddable":true,"href":"https:\/\/ink7lab.com\/ca\/wp-json\/wp\/v2\/media\/16572"}],"wp:attachment":[{"href":"https:\/\/ink7lab.com\/ca\/wp-json\/wp\/v2\/media?parent=16513"}],"curies":[{"name":"wp","href":"https:\/\/api.w.org\/{rel}","templated":true}]}}