{"id":16762,"date":"2025-09-19T22:04:44","date_gmt":"2025-09-19T22:04:44","guid":{"rendered":"https:\/\/ink7lab.com\/?page_id=16762"},"modified":"2026-01-05T09:10:34","modified_gmt":"2026-01-05T09:10:34","slug":"espectacle-de-drons-dia-nacional-de-belgica-2025","status":"publish","type":"page","link":"https:\/\/ink7lab.com\/ca\/drone-show-festa-nazionale-belgio-2025\/","title":{"rendered":"Exhibici\u00f3 de drons a Brussel\u00b7les per al Dia Nacional de B\u00e8lgica 2025"},"content":{"rendered":"<h3 class=\"wp-block-heading\">Exhibici\u00f3 de drons a Brussel\u00b7les per al Dia Nacional de B\u00e8lgica 2025<\/h3>\n\n\n\n<div class=\"wp-block-buttons is-layout-flex wp-block-buttons-is-layout-flex\">\n<div class=\"wp-block-button\"><a class=\"wp-block-button__link has-background wp-element-button\" style=\"border-radius:57px;background-color:#78d524\">300 DRONS<\/a><\/div>\n\n\n\n<div class=\"wp-block-button\"><a class=\"wp-block-button__link has-background wp-element-button\" style=\"border-radius:57px;background-color:#78d524\">FESTA NACIONAL<\/a><\/div>\n\n\n\n<div class=\"wp-block-button\"><a class=\"wp-block-button__link has-background wp-element-button\" style=\"border-radius:57px;background-color:#78d524\">COL\u00b7LABORACI\u00d3<\/a><\/div>\n\n\n\n<div class=\"wp-block-button\"><a class=\"wp-block-button__link has-background wp-element-button\" style=\"border-radius:57px;background-color:#78d524\">L\u00c0SER<\/a><\/div>\n\n\n\n<div class=\"wp-block-button\"><a class=\"wp-block-button__link has-background wp-element-button\" style=\"border-radius:57px;background-color:#78d524\">DJ<\/a><\/div>\n\n\n\n<div class=\"wp-block-button\"><a class=\"wp-block-button__link has-background wp-element-button\" style=\"border-radius:57px;background-color:#78d524\">SOTA LA PLUJA<\/a><\/div>\n<\/div>\n\n\n\n<figure class=\"wp-block-embed is-type-video is-provider-youtube wp-block-embed-youtube wp-embed-aspect-16-9 wp-has-aspect-ratio\"><div class=\"wp-block-embed__wrapper\">\n<iframe title=\"Espectacle de llums amb drons a Brussel\u00b7les \ud83c\udde7\ud83c\uddea | Dia Nacional de B\u00e8lgica, 21 de juliol | V\u00eddeo oficial complet\" width=\"1128\" height=\"635\" src=\"https:\/\/www.youtube.com\/embed\/u31zYWuggtk?feature=oembed\" frameborder=\"0\" allow=\"accelerometer; autoplay; clipboard-write; encrypted-media; gyroscope; picture-in-picture; web-share\" referrerpolicy=\"strict-origin-when-cross-origin\" allowfullscreen><\/iframe>\n<\/div><\/figure>\n\n\n\n<div class=\"wp-block-columns is-layout-flex wp-container-core-columns-is-layout-9d6595d7 wp-block-columns-is-layout-flex\">\n<div class=\"wp-block-column is-layout-flow wp-block-column-is-layout-flow\" style=\"flex-basis:33.33%\">\n<ul class=\"wp-block-list\">\n<li>Brussel\u00b7les, B\u00e8lgica<\/li>\n\n\n\n<li>21 de juliol de 2025<\/li>\n<\/ul>\n<\/div>\n\n\n\n<div class=\"wp-block-column is-layout-flow wp-block-column-is-layout-flow\" style=\"flex-basis:66.66%\">\n<p>El 21 de juliol de 2025, Brussel\u00b7les va celebrar el Dia Nacional de B\u00e8lgica amb una <strong>Exhibici\u00f3 de drons de 300 drons<\/strong>, que vam tenir l&#039;honor de produir per segon any consecutiu.<\/p>\n\n\n\n<p>El cel de la capital s&#039;ha transformat en un conte de llum: <strong>la bandera belga, els s\u00edmbols nacionals, l&#039;esport i l&#039;art de Victor Horta<\/strong> van cobrar vida a trav\u00e9s de coreografies lluminoses, enriquides per <strong>l\u00e0sers, m\u00fasica i focs artificials.<\/strong><\/p>\n\n\n\n<p>Cadascun dels nostres espectacles \u00e9s \u00fanic i personalitzat, dissenyat per real\u00e7ar la identitat<br>de l&#039;esdeveniment. La difer\u00e8ncia tamb\u00e9 rau en la tecnologia: els nostres drons tenen <strong>il\u00b7lumina fins a 3 vegades m\u00e9s brillant que la mitjana del mercat<\/strong>, poden volar amb <strong>vents de fins a 40 km\/h i pluja lleugera<\/strong>, oferint imatges n\u00edtides i espectaculars en totes les condicions.<\/p>\n\n\n\n<p><a href=\"https:\/\/ink7lab.com\/ca\/contactes\/\" target=\"_blank\" rel=\"noopener\" title=\"\">\ud83d\udce9 Vols afegir un espectacle de drons al teu esdeveniment?<br>\ud83d\udc49 Sol\u00b7licita un pressupost<\/a><\/p>\n<\/div>\n<\/div>\n\n\n\n<div style=\"height:50px\" aria-hidden=\"true\" class=\"wp-block-spacer\"><\/div>\n\n\n\n<h3 class=\"wp-block-heading\">ESDEVENIMENTS RELACIONATS<\/h3>\n\n\n\n<div style=\"height:30px\" aria-hidden=\"true\" class=\"wp-block-spacer\"><\/div>\n\n\n\n<div class=\"wp-block-columns outerbox is-layout-flex wp-container-core-columns-is-layout-9d6595d7 wp-block-columns-is-layout-flex\">\n<div class=\"wp-block-column has-background is-layout-flow wp-block-column-is-layout-flow\" style=\"background-color:#19181a\">\n<figure class=\"wp-block-image size-large\"><img decoding=\"async\" width=\"1024\" height=\"1024\" src=\"https:\/\/ink7lab.com\/wp-content\/uploads\/2025\/06\/Verjaardag-Antonella-\u2013-11-1030x1030-1-1024x1024.png\" alt=\"\" class=\"wp-image-15861\" style=\"aspect-ratio:16\/9;object-fit:cover\" srcset=\"\" sizes=\"(max-width: 1024px) 100vw, 1024px\" data-srcset=\"\" \/><\/figure>\n\n\n\n<div class=\"wp-block-columns innerbox is-layout-flex wp-container-core-columns-is-layout-9d6595d7 wp-block-columns-is-layout-flex\">\n<div class=\"wp-block-column is-layout-flow wp-block-column-is-layout-flow\">\n<h3 class=\"wp-block-heading\"><a href=\"https:\/\/ink7lab.com\/ca\/%f0%9d%97%96%f0%9d%97%b2%f0%9d%97%b9%f0%9d%97%b2%f0%9d%97%af%f0%9d%97%bf%f0%9d%97%ae%f0%9d%98%81%f0%9d%97%b6%f0%9d%97%bb%f0%9d%97%b4%f0%9d%98%82%f0%9d%97%b6%f0%9d%97%bb%f0%9d%97%b4%f0%9d%97%bf\/\" title=\"\">Antonella \ud835\uddd6\ud835\uddf2\ud835\uddf9\ud835\uddf2\ud835\uddef\ud835\uddff\ud835\uddee\ud835\ude01\ud835\uddf6\ud835\uddfb\ud835\uddf4 \ud835\udde4\ud835\ude02\ud835\uddf6\ud835\uddfb\ud835\uddf0\ud835\uddf2\ud835\uddee\ud835\uddfb\u0303\ud835\uddf2\ud835\uddff\ud835\uddee amb un estil espectacular<\/a><\/h3>\n\n\n\n<p><a href=\"https:\/\/ink7lab.com\/ca\/%f0%9d%97%96%f0%9d%97%b2%f0%9d%97%b9%f0%9d%97%b2%f0%9d%97%af%f0%9d%97%bf%f0%9d%97%ae%f0%9d%98%81%f0%9d%97%b6%f0%9d%97%bb%f0%9d%97%b4%f0%9d%98%82%f0%9d%97%b6%f0%9d%97%bb%f0%9d%97%b4%f0%9d%97%bf\/\" title=\"\">M\u00e9s informaci\u00f3<\/a><\/p>\n<\/div>\n<\/div>\n<\/div>\n\n\n\n<div class=\"wp-block-column has-background is-layout-flow wp-block-column-is-layout-flow\" style=\"background-color:#19181a\">\n<figure class=\"wp-block-image size-large\"><img decoding=\"async\" width=\"1024\" height=\"1024\" src=\"https:\/\/ink7lab.com\/wp-content\/uploads\/2025\/06\/Construct-Euorpe-04-1024x1024.png\" alt=\"\" class=\"wp-image-15862\" style=\"aspect-ratio:16\/9;object-fit:cover\" srcset=\"https:\/\/ink7lab.com\/wp-content\/uploads\/2025\/06\/Construct-Euorpe-04-1024x1024.png 1024w, https:\/\/ink7lab.com\/wp-content\/uploads\/2025\/06\/Construct-Euorpe-04-300x300.png 300w, https:\/\/ink7lab.com\/wp-content\/uploads\/2025\/06\/Construct-Euorpe-04-150x150.png 150w, https:\/\/ink7lab.com\/wp-content\/uploads\/2025\/06\/Construct-Euorpe-04-768x768.png 768w, https:\/\/ink7lab.com\/wp-content\/uploads\/2025\/06\/Construct-Euorpe-04-800x800.png 800w, https:\/\/ink7lab.com\/wp-content\/uploads\/2025\/06\/Construct-Euorpe-04-560x560.png 560w, https:\/\/ink7lab.com\/wp-content\/uploads\/2025\/06\/Construct-Euorpe-04-250x250.png 250w, https:\/\/ink7lab.com\/wp-content\/uploads\/2025\/06\/Construct-Euorpe-04-120x120.png 120w, https:\/\/ink7lab.com\/wp-content\/uploads\/2025\/06\/Construct-Euorpe-04.png 1200w\" sizes=\"(max-width: 1024px) 100vw, 1024px\" \/><\/figure>\n\n\n\n<div class=\"wp-block-columns innerbox is-layout-flex wp-container-core-columns-is-layout-9d6595d7 wp-block-columns-is-layout-flex\">\n<div class=\"wp-block-column is-layout-flow wp-block-column-is-layout-flow\">\n<h3 class=\"wp-block-heading\"><a href=\"https:\/\/ink7lab.com\/ca\/espectacle-de-llums-amb-drons-de-dues-peces-amb-una-orquestra-en-directe\/\" title=\"\">Espectacle de llums amb drons de dues peces amb orquestra en directe<\/a><\/h3>\n\n\n\n<p><a href=\"https:\/\/ink7lab.com\/ca\/espectacle-de-llums-amb-drons-de-dues-peces-amb-una-orquestra-en-directe\/\" title=\"Llegeix-ne m\u00e9s\"><a href=\"https:\/\/ink7lab.com\/ca\/%f0%9d%97%96%f0%9d%97%b2%f0%9d%97%b9%f0%9d%97%b2%f0%9d%97%af%f0%9d%97%bf%f0%9d%97%ae%f0%9d%98%81%f0%9d%97%b6%f0%9d%97%bb%f0%9d%97%b4%f0%9d%98%82%f0%9d%97%b6%f0%9d%97%bb%f0%9d%97%b4%f0%9d%97%bf\/\" title=\"\">M\u00e9s informaci\u00f3<\/a><\/a><\/p>\n<\/div>\n<\/div>\n<\/div>\n<\/div>","protected":false},"excerpt":{"rendered":"Drone Show a Bruxelles per la Festa Nazionale del Belgio 2025 300","protected":false},"author":1,"featured_media":0,"parent":0,"menu_order":0,"comment_status":"closed","ping_status":"closed","template":"","meta":{"om_disable_all_campaigns":false,"_monsterinsights_skip_tracking":false,"_monsterinsights_sitenote_active":false,"_monsterinsights_sitenote_note":"","_monsterinsights_sitenote_category":0,"_uf_show_specific_survey":0,"_uf_disable_surveys":false,"footnotes":""},"class_list":["post-16762","page","type-page","status-publish","hentry"],"aioseo_notices":[],"_links":{"self":[{"href":"https:\/\/ink7lab.com\/ca\/wp-json\/wp\/v2\/pages\/16762","targetHints":{"allow":["GET"]}}],"collection":[{"href":"https:\/\/ink7lab.com\/ca\/wp-json\/wp\/v2\/pages"}],"about":[{"href":"https:\/\/ink7lab.com\/ca\/wp-json\/wp\/v2\/types\/page"}],"author":[{"embeddable":true,"href":"https:\/\/ink7lab.com\/ca\/wp-json\/wp\/v2\/users\/1"}],"replies":[{"embeddable":true,"href":"https:\/\/ink7lab.com\/ca\/wp-json\/wp\/v2\/comments?post=16762"}],"version-history":[{"count":0,"href":"https:\/\/ink7lab.com\/ca\/wp-json\/wp\/v2\/pages\/16762\/revisions"}],"wp:attachment":[{"href":"https:\/\/ink7lab.com\/ca\/wp-json\/wp\/v2\/media?parent=16762"}],"curies":[{"name":"wp","href":"https:\/\/api.w.org\/{rel}","templated":true}]}}