{"id":15897,"date":"2025-06-19T21:54:01","date_gmt":"2025-06-19T21:54:01","guid":{"rendered":"https:\/\/ink7lab.com\/?page_id=15897"},"modified":"2025-10-15T01:32:35","modified_gmt":"2025-10-15T01:32:35","slug":"zita-und-sky-beeindrucken-die-jury-bei-belgiums-got-talent-drones-and-lights-dancelot","status":"publish","type":"page","link":"https:\/\/ink7lab.com\/de\/zita-and-sky-impress-the-jury-in-belgiums-got-talent-drones-and-lights-dancelot\/","title":{"rendered":"Zita und Sky beeindrucken die Jury bei Belgium's got Talent - Drones and Lights &amp; Dancelot"},"content":{"rendered":"<h3 class=\"wp-block-heading\">Zita und Sky beeindrucken die Jury von Belgium's Got Talent - Drones and Lights &amp; Dancelot<\/h3>\n\n\n\n<div class=\"wp-block-buttons is-layout-flex wp-block-buttons-is-layout-flex\">\n<div class=\"wp-block-button\"><a class=\"wp-block-button__link has-background wp-element-button\" style=\"border-radius:57px;background-color:#78d524\">in T\u00fcr<\/a><\/div>\n<\/div>\n\n\n\n<figure class=\"wp-block-embed is-type-rich is-provider-embed-handler wp-block-embed-embed-handler wp-embed-aspect-16-9 wp-has-aspect-ratio\"><div class=\"wp-block-embed__wrapper\">\n<iframe title=\"Zita und Sky beeindrucken die Jury bei Belgium&#039;s got Talent - Drones and Lights &amp; Dancelot 2022\" width=\"1128\" height=\"635\" src=\"https:\/\/www.youtube.com\/embed\/ERIWGc-1KSo?feature=oembed\" frameborder=\"0\" allow=\"accelerometer; autoplay; clipboard-write; encrypted-media; gyroscope; picture-in-picture; web-share\" referrerpolicy=\"strict-origin-when-cross-origin\" allowfullscreen><\/iframe>\n<\/div><\/figure>\n\n\n\n<div class=\"wp-block-columns is-layout-flex wp-container-core-columns-is-layout-9d6595d7 wp-block-columns-is-layout-flex\">\n<div class=\"wp-block-column is-layout-flow wp-block-column-is-layout-flow\" style=\"flex-basis:100%\">\n<p>Zita und Sky tanzten dieses St\u00fcck f\u00fcr das Halbfinale von Belgium's Got Talent. Die Choreografie erz\u00e4hlt eine Geschichte \u00fcber unsere sich schnell ver\u00e4ndernde Welt, in der Technologie und Innovation in rasantem Tempo voranschreiten. Die Performance untersucht, wie Menschen auf Ver\u00e4nderungen reagieren: Einige reagieren aus Angst und Misstrauen, w\u00e4hrend andere ihnen mit Neugier und Offenheit begegnen.<\/p>\n\n\n\n<p>Die gr\u00f6\u00dfte Herausforderung der Show ist die Integration von Drohnen in die Tanzperformance. Diese Drohne namens Sky wird zu einem integralen Bestandteil des Tanzensembles und l\u00e4sst die Grenzen zwischen menschlichen und digitalen T\u00e4nzern verschwimmen. Die Zusammenarbeit zwischen Dancelot und AndLights ist eine Reise der Offenheit und Anpassung an Ver\u00e4nderungen innerhalb der vertrauten Tanzumgebung.<\/p>\n<\/div>\n<\/div>\n\n\n\n\t<section id=\"section-gallery-mb-block-d7803d1c-89b2-4579-9274-4bee0ac34c09\" class=\"section section-gallery\">\n\n\t\t<div class=\"gallery-wrap none\">\n\t\t\t\t\t<div class=\"gallery-images-masonry\">\n\n\t\t\t\t<div class=\"grid-sizer-gallery\"><\/div>\n\t\t\t\t\n\t\t\t\t\t\t<div class=\"gallery-image-wrap quarter-width square\" data-aos=\"fade-up\" data-aos-delay=\"100\"  >\n\n\t\t\t\t\t\t\t<div class=\"gallery-image-wrap-inner\">\n\n\t\t\t\t\t\t\t\t\t\t\t\t\t\t\t\t\t<a href=\"https:\/\/ink7lab.com\/wp-content\/uploads\/2025\/06\/download_20191121_191041.jpg\" class=\"links_to_image\" \">\n\t\t\t\t\t\t\t\t\t\t\t\t    \t\n\t\t\t\t\t\t\t\t\t<div class=\"gallery-image\" style=\"background-image: url(https:\/\/ink7lab.com\/wp-content\/uploads\/2025\/06\/download_20191121_191041.jpg);\"><\/div>\n\n\t\t\t\t\t\t\t\t\t\n\t\t\t\t\t\t\t\t\t\t\t\t\t\t\t\t\t<\/a>\n\t\t\t\t\t\t\t\t\n\t\t\t\t\t\t\t<\/div>\n\t\t   \t \n\t\t\t\t\t\t<\/div>\n\t\t\t\t\t\t\n\t\t\t\t\n\t\t\t\n\t\t\t\t\t\t<div class=\"gallery-image-wrap quarter uncropped\" data-aos=\"fade-up\" data-aos-delay=\"100\"  >\n\n\t\t\t\t\t\t\t<div class=\"gallery-image-wrap-inner\">\n\n\t\t\t\t\t\t\t\t\t\t\t\t\t\t\t\t\t<a href=\"https:\/\/ink7lab.com\/wp-content\/uploads\/2025\/06\/BGT_S6_Studioshow4_015-scaled-1-800x533.jpg\" class=\"links_to_image\" \">\n\t\t\t\t\t\t\t\t\t\t\t\t    \t\n\t\t\t\t\t\t\t\t\t<div class=\"gallery-image\" style=\"background-image: url(https:\/\/ink7lab.com\/wp-content\/uploads\/2025\/06\/BGT_S6_Studioshow4_015-scaled-1-800x533.jpg);\"><\/div>\n\n\t\t\t\t\t\t\t\t\t\n\t\t\t\t\t\t\t\t\t\t\t\t\t\t\t\t\t<\/a>\n\t\t\t\t\t\t\t\t\n\t\t\t\t\t\t\t<\/div>\n\t\t   \t \n\t\t\t\t\t\t<\/div>\n\t\t\t\t\t\t\n\t\t\t\t\n\t\t\t\n\t\t\t\t\t\t<div class=\"gallery-image-wrap quarter uncropped\" data-aos=\"fade-up\" data-aos-delay=\"100\"  >\n\n\t\t\t\t\t\t\t<div class=\"gallery-image-wrap-inner\">\n\n\t\t\t\t\t\t\t\t\t\t\t\t\t\t\t\t\t<a href=\"https:\/\/ink7lab.com\/wp-content\/uploads\/2025\/06\/BGT_S6_Studioshow4_013-scaled-1-800x533.jpg\" class=\"links_to_image\" \">\n\t\t\t\t\t\t\t\t\t\t\t\t    \t\n\t\t\t\t\t\t\t\t\t<div class=\"gallery-image\" style=\"background-image: url(https:\/\/ink7lab.com\/wp-content\/uploads\/2025\/06\/BGT_S6_Studioshow4_013-scaled-1-800x533.jpg);\"><\/div>\n\n\t\t\t\t\t\t\t\t\t\n\t\t\t\t\t\t\t\t\t\t\t\t\t\t\t\t\t<\/a>\n\t\t\t\t\t\t\t\t\n\t\t\t\t\t\t\t<\/div>\n\t\t   \t \n\t\t\t\t\t\t<\/div>\n\t\t\t\t\t\t\n\t\t\t\t\n\t\t\t\t\t\t<\/div>\n\t\t\t\t<\/div>\n\t<\/section> \n\n\n\n<div style=\"height:50px\" aria-hidden=\"true\" class=\"wp-block-spacer\"><\/div>\n\n\n\n<h3 class=\"wp-block-heading\">VERBUNDENE VERANSTALTUNGEN<\/h3>\n\n\n\n<div style=\"height:30px\" aria-hidden=\"true\" class=\"wp-block-spacer\"><\/div>\n\n\n\n<div class=\"wp-block-columns outerbox is-layout-flex wp-container-core-columns-is-layout-9d6595d7 wp-block-columns-is-layout-flex\">\n<div class=\"wp-block-column has-background is-layout-flow wp-block-column-is-layout-flow\" style=\"background-color:#19181a\">\n<figure class=\"wp-block-image size-large\"><img decoding=\"async\" width=\"1024\" height=\"1024\" src=\"https:\/\/ink7lab.com\/wp-content\/uploads\/2025\/06\/Verjaardag-Antonella-\u2013-11-1030x1030-1-1024x1024.png\" alt=\"\" class=\"wp-image-15861\" style=\"aspect-ratio:16\/9;object-fit:cover\" srcset=\"\" sizes=\"(max-width: 1024px) 100vw, 1024px\" data-srcset=\"\" \/><\/figure>\n\n\n\n<div class=\"wp-block-columns innerbox is-layout-flex wp-container-core-columns-is-layout-9d6595d7 wp-block-columns-is-layout-flex\">\n<div class=\"wp-block-column is-layout-flow wp-block-column-is-layout-flow\">\n<h3 class=\"wp-block-heading\"><a href=\"https:\/\/ink7lab.com\/de\/%f0%9d%97%96%f0%9d%97%b2%f0%9d%97%b9%f0%9d%97%b2%f0%9d%97%af%f0%9d%97%bf%f0%9d%97%ae%f0%9d%98%81%f0%9d%97%b6%f0%9d%97%bb%f0%9d%97%b4-antonellas-%f0%9d%97%a4%f0%9d%98%82%f0%9d%97%b6\/\" title=\"\">\ud835\uddd6\ud835\uddf2\ud835\uddf9\ud835\uddf2\ud835\uddef\ud835\uddff\ud835\uddee\ud835\ude01\ud835\uddf6\ud835\uddfb\ud835\uddf4 Antonella \ud835\udde4\ud835\ude02\ud835\uddf6\ud835\uddfb\ud835\uddf0\ud835\uddf2\ud835\uddee\ud835\uddfb\u0303\ud835\uddf2\ud835\uddff\ud835\uddee in spektakul\u00e4rem Stil<\/a><\/h3>\n\n\n\n<p><a href=\"https:\/\/ink7lab.com\/de\/%f0%9d%97%96%f0%9d%97%b2%f0%9d%97%b9%f0%9d%97%b2%f0%9d%97%af%f0%9d%97%bf%f0%9d%97%ae%f0%9d%98%81%f0%9d%97%b6%f0%9d%97%bb%f0%9d%97%b4-antonellas-%f0%9d%97%a4%f0%9d%98%82%f0%9d%97%b6\/\" title=\"\">Mehr lesen<\/a><\/p>\n<\/div>\n<\/div>\n<\/div>\n\n\n\n<div class=\"wp-block-column has-background is-layout-flow wp-block-column-is-layout-flow\" style=\"background-color:#19181a\">\n<figure class=\"wp-block-image size-large\"><img decoding=\"async\" width=\"1024\" height=\"1024\" src=\"https:\/\/ink7lab.com\/wp-content\/uploads\/2025\/06\/Construct-Euorpe-04-1024x1024.png\" alt=\"\" class=\"wp-image-15862\" style=\"aspect-ratio:16\/9;object-fit:cover\" srcset=\"https:\/\/ink7lab.com\/wp-content\/uploads\/2025\/06\/Construct-Euorpe-04-1024x1024.png 1024w, https:\/\/ink7lab.com\/wp-content\/uploads\/2025\/06\/Construct-Euorpe-04-300x300.png 300w, https:\/\/ink7lab.com\/wp-content\/uploads\/2025\/06\/Construct-Euorpe-04-150x150.png 150w, https:\/\/ink7lab.com\/wp-content\/uploads\/2025\/06\/Construct-Euorpe-04-768x768.png 768w, https:\/\/ink7lab.com\/wp-content\/uploads\/2025\/06\/Construct-Euorpe-04-800x800.png 800w, https:\/\/ink7lab.com\/wp-content\/uploads\/2025\/06\/Construct-Euorpe-04-560x560.png 560w, https:\/\/ink7lab.com\/wp-content\/uploads\/2025\/06\/Construct-Euorpe-04-250x250.png 250w, https:\/\/ink7lab.com\/wp-content\/uploads\/2025\/06\/Construct-Euorpe-04-120x120.png 120w, https:\/\/ink7lab.com\/wp-content\/uploads\/2025\/06\/Construct-Euorpe-04.png 1200w\" sizes=\"(max-width: 1024px) 100vw, 1024px\" \/><\/figure>\n\n\n\n<div class=\"wp-block-columns innerbox is-layout-flex wp-container-core-columns-is-layout-9d6595d7 wp-block-columns-is-layout-flex\">\n<div class=\"wp-block-column is-layout-flow wp-block-column-is-layout-flow\">\n<h3 class=\"wp-block-heading\"><a href=\"https:\/\/ink7lab.com\/de\/zweiteilige-drohnen-lichtshow-mit-einem-live-orchester\/\" title=\"\">Zweiteilige Drohnen-Lichtshow mit Live-Orchester<\/a><\/h3>\n\n\n\n<p><a href=\"https:\/\/ink7lab.com\/de\/zweiteilige-drohnen-lichtshow-mit-einem-live-orchester\/\" title=\"Mehr lesen\"><\/a><a href=\"https:\/\/ink7lab.com\/de\/uberraschungs-hochzeitsdrohnen-lichtshow-von-der-mutter-des-paares\/\" title=\"\">Mehr lesen<\/a><\/p>\n<\/div>\n<\/div>\n<\/div>\n<\/div>\n\n\n\n<p><\/p>","protected":false},"excerpt":{"rendered":"Zita e Sky impressionano la giuria di Belgium\u2019s Got Talent \u2013 \u200b\u200bDrones","protected":false},"author":1,"featured_media":0,"parent":0,"menu_order":0,"comment_status":"closed","ping_status":"closed","template":"","meta":{"om_disable_all_campaigns":false,"_monsterinsights_skip_tracking":false,"_monsterinsights_sitenote_active":false,"_monsterinsights_sitenote_note":"","_monsterinsights_sitenote_category":0,"_uf_show_specific_survey":0,"_uf_disable_surveys":false,"footnotes":""},"class_list":["post-15897","page","type-page","status-publish","hentry"],"aioseo_notices":[],"_links":{"self":[{"href":"https:\/\/ink7lab.com\/de\/wp-json\/wp\/v2\/pages\/15897","targetHints":{"allow":["GET"]}}],"collection":[{"href":"https:\/\/ink7lab.com\/de\/wp-json\/wp\/v2\/pages"}],"about":[{"href":"https:\/\/ink7lab.com\/de\/wp-json\/wp\/v2\/types\/page"}],"author":[{"embeddable":true,"href":"https:\/\/ink7lab.com\/de\/wp-json\/wp\/v2\/users\/1"}],"replies":[{"embeddable":true,"href":"https:\/\/ink7lab.com\/de\/wp-json\/wp\/v2\/comments?post=15897"}],"version-history":[{"count":0,"href":"https:\/\/ink7lab.com\/de\/wp-json\/wp\/v2\/pages\/15897\/revisions"}],"wp:attachment":[{"href":"https:\/\/ink7lab.com\/de\/wp-json\/wp\/v2\/media?parent=15897"}],"curies":[{"name":"wp","href":"https:\/\/api.w.org\/{rel}","templated":true}]}}