{"id":15936,"date":"2025-06-20T21:50:40","date_gmt":"2025-06-20T21:50:40","guid":{"rendered":"https:\/\/ink7lab.com\/?page_id=15936"},"modified":"2025-10-15T01:33:38","modified_gmt":"2025-10-15T01:33:38","slug":"zweiteilige-drohnen-lichtshow-mit-einem-live-orchester","status":"publish","type":"page","link":"https:\/\/ink7lab.com\/de\/two-piece-drone-light-show-with-a-live-orchestra\/","title":{"rendered":"Zweiteilige Drohnen-Lichtshow mit einem Live-Orchester"},"content":{"rendered":"<h3 class=\"wp-block-heading\">Zweiteilige Drohnen-Lichtshow mit Live-Orchester<\/h3>\n\n\n\n<div class=\"wp-block-buttons is-layout-flex wp-block-buttons-is-layout-flex\">\n<div class=\"wp-block-button\"><a class=\"wp-block-button__link has-background wp-element-button\" style=\"border-radius:57px;background-color:#78d524\">170 Drohnen<\/a><\/div>\n\n\n\n<div class=\"wp-block-button\"><a class=\"wp-block-button__link has-background wp-element-button\" style=\"border-radius:57px;background-color:#78d524\">Musik<\/a><\/div>\n\n\n\n<div class=\"wp-block-button\"><a class=\"wp-block-button__link has-background wp-element-button\" style=\"border-radius:57px;background-color:#78d524\">\u00d6ffentliche Veranstaltung<\/a><\/div>\n<\/div>\n\n\n\n<figure class=\"wp-block-embed is-type-video is-provider-youtube wp-block-embed-youtube wp-embed-aspect-16-9 wp-has-aspect-ratio\"><div class=\"wp-block-embed__wrapper\">\n<iframe title=\"Show Drones Mechelen x Helmet Phil | Klassische Musik &amp; Lichtchoreographie\" width=\"1128\" height=\"635\" src=\"https:\/\/www.youtube.com\/embed\/J53LbkFJptc?feature=oembed\" frameborder=\"0\" allow=\"accelerometer; autoplay; clipboard-write; encrypted-media; gyroscope; picture-in-picture; web-share\" referrerpolicy=\"strict-origin-when-cross-origin\" allowfullscreen><\/iframe>\n<\/div><\/figure>\n\n\n\n<div class=\"wp-block-columns is-layout-flex wp-container-core-columns-is-layout-9d6595d7 wp-block-columns-is-layout-flex\">\n<div class=\"wp-block-column is-layout-flow wp-block-column-is-layout-flow\" style=\"flex-basis:33.33%\">\n<ul class=\"wp-block-list\">\n<li>Mechelen, Belgien<\/li>\n\n\n\n<li>20. September 2024<\/li>\n<\/ul>\n<\/div>\n\n\n\n<div class=\"wp-block-column is-layout-flow wp-block-column-is-layout-flow\" style=\"flex-basis:66.66%\">\n<p>Abbiamo trasformato \u201cil Kruidentuin\u201d, proprio nel cuore della citt\u00e0 di Mechelen, in uno spettacolo ipnotico. In collaborazione con la talentuosa orchestra della Casco Phil, abbiamo presentato uno spettacolo di luci mozzafiato con droni durante il weekend di chiusura di Construct Europe.<\/p>\n\n\n\n<p>Nel corso di un\u2019ora, le melodie di H\u00e4ndel, Beethoven, Camille Saint-Sa\u00ebns e altri hanno preso vita grazie a centinaia di droni, illustrando un viaggio incantevole.<\/p>\n\n\n\n<p>Per l\u2019opera \u201cLe Cygne\u201d abbiamo animato un cigno gigante. Il tredicesimo e penultimo movimento de \u201cIl Carnevale degli Animali\u201d di Camille Saint-Sa\u00ebns. Un cigno \u00e8 spesso raffigurato come il pi\u00f9 bello degli animali e durante lo spettacolo pu\u00f2 essere interpretato come un animale anziano che resiste ostinatamente agli effetti dell\u2019invecchiamento o addirittura della morte. Lo abbiamo raffigurato come un cigno che vive la sua vita per un giorno \/ una vita e che si addormenta \/ muore.<\/p>\n\n\n\n<p>La seconda parte \u00e8 stata la Water Music di H\u00e4ndel. Un brano musicale in risposta alla richiesta di Re Giorgio I di un concerto sul Tamigi. Durante lo spettacolo abbiamo mostrato il viaggio della barca sul Tamigi, includendo alcuni strumenti come il violino e la tromba. Il tutto sulle note di Alla Hornpipe e della Bour\u00e9e. Come intermezzo, una ballerina barocca ha danzato sulle splendide melodie di Rigaudon. Durante l\u2019ultima parte della Water Music abbiamo reso omaggio a Mechelen, lanciando #love2800 in cielo. Il nostro ultimo brano \u00e8 stato \u201cInno alla Gioia\u201d di Ludwig van Beethoven, per concludere tutti i meravigliosi festeggiamenti offerti da Construct Europe. Insieme alla bandiera europea alta nel cielo!<\/p>\n\n\n\n<p>Ein besonderer Dank geht an Construct Europe, Stad Mechelen, CASCO Phil und unsere Freiwilligen, die diese magische Erfahrung m\u00f6glich gemacht haben!<\/p>\n<\/div>\n<\/div>\n\n\n\n<div style=\"height:50px\" aria-hidden=\"true\" class=\"wp-block-spacer\"><\/div>\n\n\n\n<h3 class=\"wp-block-heading\">VERBUNDENE VERANSTALTUNGEN<\/h3>\n\n\n\n<div style=\"height:50px\" aria-hidden=\"true\" class=\"wp-block-spacer\"><\/div>\n\n\n\n\t<section id=\"section-gallery-mb-block-0af718da-34f5-47d2-8d03-14c757f9d1d6\" class=\"section section-gallery\">\n\n\t\t<div class=\"gallery-wrap none\">\n\t\t\t\t\t<div class=\"gallery-images-masonry\">\n\n\t\t\t\t<div class=\"grid-sizer-gallery\"><\/div>\n\t\t\t\t\n\t\t\t\t\t\t<div class=\"gallery-image-wrap quarter-width square\" data-aos=\"fade-up\" data-aos-delay=\"100\"  >\n\n\t\t\t\t\t\t\t<div class=\"gallery-image-wrap-inner\">\n\n\t\t\t\t\t\t\t\t\t\t\t\t\t\t\t\t\t<a href=\"https:\/\/ink7lab.com\/wp-content\/uploads\/2025\/06\/Construct-Euorpe-02.png\" class=\"links_to_image\" \">\n\t\t\t\t\t\t\t\t\t\t\t\t    \t\n\t\t\t\t\t\t\t\t\t<div class=\"gallery-image\" style=\"background-image: url(https:\/\/ink7lab.com\/wp-content\/uploads\/2025\/06\/Construct-Euorpe-02.png);\"><\/div>\n\n\t\t\t\t\t\t\t\t\t\n\t\t\t\t\t\t\t\t\t\t\t\t\t\t\t\t\t<\/a>\n\t\t\t\t\t\t\t\t\n\t\t\t\t\t\t\t<\/div>\n\t\t   \t \n\t\t\t\t\t\t<\/div>\n\t\t\t\t\t\t\n\t\t\t\t\n\t\t\t\n\t\t\t\t\t\t<div class=\"gallery-image-wrap quarter uncropped\" data-aos=\"fade-up\" data-aos-delay=\"100\"  >\n\n\t\t\t\t\t\t\t<div class=\"gallery-image-wrap-inner\">\n\n\t\t\t\t\t\t\t\t\t\t\t\t\t\t\t\t\t<a href=\"https:\/\/ink7lab.com\/wp-content\/uploads\/2025\/06\/Construct-Euorpe-05-800x800.png\" class=\"links_to_image\" \">\n\t\t\t\t\t\t\t\t\t\t\t\t    \t\n\t\t\t\t\t\t\t\t\t<div class=\"gallery-image\" style=\"background-image: url(https:\/\/ink7lab.com\/wp-content\/uploads\/2025\/06\/Construct-Euorpe-05-800x800.png);\"><\/div>\n\n\t\t\t\t\t\t\t\t\t\n\t\t\t\t\t\t\t\t\t\t\t\t\t\t\t\t\t<\/a>\n\t\t\t\t\t\t\t\t\n\t\t\t\t\t\t\t<\/div>\n\t\t   \t \n\t\t\t\t\t\t<\/div>\n\t\t\t\t\t\t\n\t\t\t\t\n\t\t\t\n\t\t\t\t\t\t<div class=\"gallery-image-wrap quarter uncropped\" data-aos=\"fade-up\" data-aos-delay=\"100\"  >\n\n\t\t\t\t\t\t\t<div class=\"gallery-image-wrap-inner\">\n\n\t\t\t\t\t\t\t\t\t\t\t\t\t\t\t\t\t<a href=\"https:\/\/ink7lab.com\/wp-content\/uploads\/2025\/06\/Construct-Euorpe-06.png\" class=\"links_to_image\" \">\n\t\t\t\t\t\t\t\t\t\t\t\t    \t\n\t\t\t\t\t\t\t\t\t<div class=\"gallery-image\" style=\"background-image: url(https:\/\/ink7lab.com\/wp-content\/uploads\/2025\/06\/Construct-Euorpe-06.png);\"><\/div>\n\n\t\t\t\t\t\t\t\t\t\n\t\t\t\t\t\t\t\t\t\t\t\t\t\t\t\t\t<\/a>\n\t\t\t\t\t\t\t\t\n\t\t\t\t\t\t\t<\/div>\n\t\t   \t \n\t\t\t\t\t\t<\/div>\n\t\t\t\t\t\t\n\t\t\t\t\n\t\t\t\n\t\t\t\t\t\t<div class=\"gallery-image-wrap quarter uncropped\" data-aos=\"fade-up\" data-aos-delay=\"100\"  >\n\n\t\t\t\t\t\t\t<div class=\"gallery-image-wrap-inner\">\n\n\t\t\t\t\t\t\t\t\t\t\t\t\t\t\t\t\t<a href=\"https:\/\/ink7lab.com\/wp-content\/uploads\/2025\/06\/Construct-Euorpe-03.png\" class=\"links_to_image\" \">\n\t\t\t\t\t\t\t\t\t\t\t\t    \t\n\t\t\t\t\t\t\t\t\t<div class=\"gallery-image\" style=\"background-image: url(https:\/\/ink7lab.com\/wp-content\/uploads\/2025\/06\/Construct-Euorpe-03.png);\"><\/div>\n\n\t\t\t\t\t\t\t\t\t\n\t\t\t\t\t\t\t\t\t\t\t\t\t\t\t\t\t<\/a>\n\t\t\t\t\t\t\t\t\n\t\t\t\t\t\t\t<\/div>\n\t\t   \t \n\t\t\t\t\t\t<\/div>\n\t\t\t\t\t\t\n\t\t\t\t\n\t\t\t\t\t\t<\/div>\n\t\t\t\t<\/div>\n\t<\/section> \n\n\n\n<div class=\"wp-block-columns outerbox is-layout-flex wp-container-core-columns-is-layout-9d6595d7 wp-block-columns-is-layout-flex\">\n<div class=\"wp-block-column has-background is-layout-flow wp-block-column-is-layout-flow\" style=\"background-color:#19181a\">\n<figure class=\"wp-block-image size-large\"><img decoding=\"async\" width=\"1024\" height=\"1024\" src=\"https:\/\/ink7lab.com\/wp-content\/uploads\/2025\/06\/LT-07-1030x1030-1-1024x1024.png\" alt=\"\" class=\"wp-image-15848\" style=\"aspect-ratio:16\/9;object-fit:cover\" srcset=\"https:\/\/ink7lab.com\/wp-content\/uploads\/2025\/06\/LT-07-1030x1030-1-1024x1024.png 1024w, https:\/\/ink7lab.com\/wp-content\/uploads\/2025\/06\/LT-07-1030x1030-1-300x300.png 300w, https:\/\/ink7lab.com\/wp-content\/uploads\/2025\/06\/LT-07-1030x1030-1-150x150.png 150w, https:\/\/ink7lab.com\/wp-content\/uploads\/2025\/06\/LT-07-1030x1030-1-768x768.png 768w, https:\/\/ink7lab.com\/wp-content\/uploads\/2025\/06\/LT-07-1030x1030-1.png 1030w\" sizes=\"(max-width: 1024px) 100vw, 1024px\" \/><\/figure>\n\n\n\n<div class=\"wp-block-columns innerbox is-layout-flex wp-container-core-columns-is-layout-9d6595d7 wp-block-columns-is-layout-flex\">\n<div class=\"wp-block-column is-layout-flow wp-block-column-is-layout-flow\">\n<h3 class=\"wp-block-heading\"><a href=\"https:\/\/ink7lab.com\/de\/verkehr-der-zukunft-erzahlt-von-einer-drohnenshow\/\" title=\"\">Eine Drohnenshow erz\u00e4hlt vom Verkehr der Zukunft<\/a><\/h3>\n\n\n\n<p><a href=\"https:\/\/ink7lab.com\/de\/verkehr-der-zukunft-erzahlt-von-einer-drohnenshow\/\" title=\"Mehr lesen\">Mehr lesen<\/a><\/p>\n<\/div>\n<\/div>\n<\/div>\n\n\n\n<div class=\"wp-block-column has-background is-layout-flow wp-block-column-is-layout-flow\" style=\"background-color:#19181a\">\n<figure class=\"wp-block-image size-large\"><img decoding=\"async\" width=\"1024\" height=\"576\" src=\"https:\/\/ink7lab.com\/wp-content\/uploads\/2025\/06\/2024-07-21-Brussel-feestdag000-v2-1030x579-1-1024x576.jpg\" alt=\"\" class=\"wp-image-15857\" srcset=\"https:\/\/ink7lab.com\/wp-content\/uploads\/2025\/06\/2024-07-21-Brussel-feestdag000-v2-1030x579-1-1024x576.jpg 1024w, https:\/\/ink7lab.com\/wp-content\/uploads\/2025\/06\/2024-07-21-Brussel-feestdag000-v2-1030x579-1-300x169.jpg 300w, https:\/\/ink7lab.com\/wp-content\/uploads\/2025\/06\/2024-07-21-Brussel-feestdag000-v2-1030x579-1-768x432.jpg 768w, https:\/\/ink7lab.com\/wp-content\/uploads\/2025\/06\/2024-07-21-Brussel-feestdag000-v2-1030x579-1-800x450.jpg 800w, https:\/\/ink7lab.com\/wp-content\/uploads\/2025\/06\/2024-07-21-Brussel-feestdag000-v2-1030x579-1-560x315.jpg 560w, https:\/\/ink7lab.com\/wp-content\/uploads\/2025\/06\/2024-07-21-Brussel-feestdag000-v2-1030x579-1.jpg 1030w\" sizes=\"(max-width: 1024px) 100vw, 1024px\" \/><\/figure>\n\n\n\n<div class=\"wp-block-columns innerbox is-layout-flex wp-container-core-columns-is-layout-9d6595d7 wp-block-columns-is-layout-flex\">\n<div class=\"wp-block-column is-layout-flow wp-block-column-is-layout-flow\">\n<h3 class=\"wp-block-heading\"><a href=\"https:\/\/ink7lab.com\/de\/belgischer-nationalfeiertag-21-juli-drone-light-show-brussel-jubelpark\/\" title=\"\">Belgischer Nationalfeiertag - 21. Juli - Drohnen-Lichtshow im Jubelpark in Br\u00fcssel<\/a><\/h3>\n\n\n\n<p><a href=\"https:\/\/ink7lab.com\/de\/belgischer-nationalfeiertag-21-juli-drone-light-show-brussel-jubelpark\/\" title=\"\">Mehr lesen<\/a><\/p>\n<\/div>\n<\/div>\n<\/div>\n<\/div>","protected":false},"excerpt":{"rendered":"Zweiteilige Drohnen-Lichtshow mit Live-Orchester","protected":false},"author":1,"featured_media":0,"parent":0,"menu_order":0,"comment_status":"closed","ping_status":"closed","template":"","meta":{"om_disable_all_campaigns":false,"_monsterinsights_skip_tracking":false,"_monsterinsights_sitenote_active":false,"_monsterinsights_sitenote_note":"","_monsterinsights_sitenote_category":0,"_uf_show_specific_survey":0,"_uf_disable_surveys":false,"footnotes":""},"class_list":["post-15936","page","type-page","status-publish","hentry"],"aioseo_notices":[],"_links":{"self":[{"href":"https:\/\/ink7lab.com\/de\/wp-json\/wp\/v2\/pages\/15936","targetHints":{"allow":["GET"]}}],"collection":[{"href":"https:\/\/ink7lab.com\/de\/wp-json\/wp\/v2\/pages"}],"about":[{"href":"https:\/\/ink7lab.com\/de\/wp-json\/wp\/v2\/types\/page"}],"author":[{"embeddable":true,"href":"https:\/\/ink7lab.com\/de\/wp-json\/wp\/v2\/users\/1"}],"replies":[{"embeddable":true,"href":"https:\/\/ink7lab.com\/de\/wp-json\/wp\/v2\/comments?post=15936"}],"version-history":[{"count":0,"href":"https:\/\/ink7lab.com\/de\/wp-json\/wp\/v2\/pages\/15936\/revisions"}],"wp:attachment":[{"href":"https:\/\/ink7lab.com\/de\/wp-json\/wp\/v2\/media?parent=15936"}],"curies":[{"name":"wp","href":"https:\/\/api.w.org\/{rel}","templated":true}]}}