{"id":17011,"date":"2025-10-12T00:04:24","date_gmt":"2025-10-12T00:04:24","guid":{"rendered":"https:\/\/ink7lab.com\/?page_id=17011"},"modified":"2025-10-15T01:24:39","modified_gmt":"2025-10-15T01:24:39","slug":"hochzeitsdrohne-zeigen-alessandra-stefano-como-27-09-2025","status":"publish","type":"page","link":"https:\/\/ink7lab.com\/de\/wedding-drone-show-alessandra-stefano-como-27-09-2025\/","title":{"rendered":"Hochzeits-Drohnenshow - Alessandra &amp; Stefano | Como 27.09.2025"},"content":{"rendered":"<h3 class=\"wp-block-heading\">Wedding Drone Show \u2013 Alessandra & Stefano | Como 27.09.2025<\/h3>\n\n\n\n<div class=\"wp-block-buttons is-layout-flex wp-block-buttons-is-layout-flex\">\n<div class=\"wp-block-button\"><a class=\"wp-block-button__link has-background wp-element-button\" style=\"border-radius:57px;background-color:#78d524\">80 Drohnen<\/a><\/div>\n\n\n\n<div class=\"wp-block-button\"><a class=\"wp-block-button__link has-background wp-element-button\" style=\"border-radius:57px;background-color:#78d524\">COMO<\/a><\/div>\n\n\n\n<div class=\"wp-block-button\"><a class=\"wp-block-button__link has-background wp-element-button\" style=\"border-radius:57px;background-color:#78d524\">HOCHZEIT<\/a><\/div>\n\n\n\n<div class=\"wp-block-button\"><a class=\"wp-block-button__link has-background wp-element-button\" style=\"border-radius:57px;background-color:#78d524\">\u00dcBERRASCHUNG<\/a><\/div>\n\n\n\n<div class=\"wp-block-button\"><a class=\"wp-block-button__link has-background wp-element-button\" style=\"border-radius:57px;background-color:#78d524\">GESCHICHTENERZ\u00c4HLUNG<\/a><\/div>\n<\/div>\n\n\n\n<figure class=\"wp-block-embed is-type-video is-provider-youtube wp-block-embed-youtube wp-embed-aspect-16-9 wp-has-aspect-ratio\"><div class=\"wp-block-embed__wrapper\">\n<iframe title=\"Drohnenshow Hochzeit | 80 Drohnen Plus | Como | 27.09.2025\" width=\"1128\" height=\"635\" src=\"https:\/\/www.youtube.com\/embed\/E63ew7cmoEA?feature=oembed\" frameborder=\"0\" allow=\"accelerometer; autoplay; clipboard-write; encrypted-media; gyroscope; picture-in-picture; web-share\" referrerpolicy=\"strict-origin-when-cross-origin\" allowfullscreen><\/iframe>\n<\/div><\/figure>\n\n\n\n<div class=\"wp-block-columns is-layout-flex wp-container-core-columns-is-layout-9d6595d7 wp-block-columns-is-layout-flex\">\n<div class=\"wp-block-column is-layout-flow wp-block-column-is-layout-flow\" style=\"flex-basis:33.33%\">\n<ul class=\"wp-block-list\">\n<li>Como (CO). Italien.<\/li>\n<\/ul>\n<\/div>\n\n\n\n<div class=\"wp-block-column is-layout-flow wp-block-column-is-layout-flow\" style=\"flex-basis:66.66%\">\n<p>Die <strong>27. September 2025,<\/strong> in der wundersch\u00f6nen Umgebung von <strong>Como, Alessandra & Stefano<\/strong> feierten ihren Hochzeitstag mit einem <strong>Drohnenshow von 80 Drohnen Plus<\/strong>, unterzeichnet<strong> ink7lab - Division And Lights f\u00fcr Italien und die Schweiz.<\/strong><\/p>\n\n\n\n<p>Die Ausstellung war eine <strong>\u00dcberraschung, die das Brautpaar f\u00fcr seine G\u00e4ste organisiert<\/strong>, a<br>ein unerwarteter Moment, der alle sprachlos machte.<br>Der Himmel verwandelte sich in ein M\u00e4rchen aus Licht, das in der Lage war <strong>ihre Liebesgeschichte erz\u00e4hlen<\/strong> mit Eleganz, Poesie und Ehrfurcht.<\/p>\n\n\n\n<p>Auf das Paar zugeschnittene Lichtchoreografien untermalten die Musik und die romantische Atmosph\u00e4re des Abends und sorgten f\u00fcr einen unvergesslichen Ausklang eines ohnehin schon perfekten Tages.<\/p>\n\n\n\n<p>A <strong>Drohnen-Show<\/strong> bringt Magie, Innovation und Nachhaltigkeit zu jeder Hochzeit: eine Kunstform, die die <strong>Technologie und Stimmung<\/strong>, den Himmel in eine B\u00fchne zu verwandeln, auf der die Liebe durch Licht zum Leben erwacht.<\/p>\n\n\n\n<p>F\u00fcr <strong>ink7lab<\/strong>, Jede Show ist eine Geste der Liebe: ein authentisches und raffiniertes Erlebnis, das sich in die Herzen der Brautleute und ihrer G\u00e4ste einpr\u00e4gt.<\/p>\n\n\n\n<p><a href=\"https:\/\/ink7lab.com\/de\/drohne-zeigt-portfolio\/\" title=\"\">Unser Portfolio ansehen<\/a><\/p>\n\n\n\n<p><a href=\"https:\/\/ink7lab.com\/de\/kontakte\/\" title=\"\"><br><\/a><a href=\"https:\/\/ink7lab.com\/de\/drohnen-lichtspiele\/\" title=\"\ud83d\udc49Tiefe\">\ud83d\udc49Tiefe<\/a><\/p>\n\n\n\n<p><a href=\"https:\/\/ink7lab.com\/de\/kontakte\/\" title=\"\ud83d\udc49Tiefe\"><br><\/a><a href=\"https:\/\/ink7lab.com\/de\/kontakte\/\" title=\"\">\ud83d\udc49 Angebot einholen<\/a><\/p>\n<\/div>\n<\/div>\n\n\n\n<div style=\"height:50px\" aria-hidden=\"true\" class=\"wp-block-spacer\"><\/div>\n\n\n\n<h3 class=\"wp-block-heading\">VERBUNDENE VERANSTALTUNGEN<\/h3>\n\n\n\n<div style=\"height:30px\" aria-hidden=\"true\" class=\"wp-block-spacer\"><\/div>\n\n\n\n<div class=\"wp-block-columns outerbox is-layout-flex wp-container-core-columns-is-layout-9d6595d7 wp-block-columns-is-layout-flex\">\n<div class=\"wp-block-column has-background is-layout-flow wp-block-column-is-layout-flow\" style=\"background-color:#19181a\">\n<figure class=\"wp-block-image size-large\"><img decoding=\"async\" width=\"1024\" height=\"1024\" src=\"https:\/\/ink7lab.com\/wp-content\/uploads\/2025\/06\/Verjaardag-Antonella-\u2013-11-1030x1030-1-1024x1024.png\" alt=\"\" class=\"wp-image-15861\" style=\"aspect-ratio:16\/9;object-fit:cover\" srcset=\"\" sizes=\"(max-width: 1024px) 100vw, 1024px\" data-srcset=\"\" \/><\/figure>\n\n\n\n<div class=\"wp-block-columns innerbox is-layout-flex wp-container-core-columns-is-layout-9d6595d7 wp-block-columns-is-layout-flex\">\n<div class=\"wp-block-column is-layout-flow wp-block-column-is-layout-flow\">\n<h3 class=\"wp-block-heading\"><a href=\"https:\/\/ink7lab.com\/de\/%f0%9d%97%96%f0%9d%97%b2%f0%9d%97%b9%f0%9d%97%b2%f0%9d%97%af%f0%9d%97%bf%f0%9d%97%ae%f0%9d%98%81%f0%9d%97%b6%f0%9d%97%bb%f0%9d%97%b4-antonellas-%f0%9d%97%a4%f0%9d%98%82%f0%9d%97%b6\/\" title=\"\">\ud835\uddd6\ud835\uddf2\ud835\uddf9\ud835\uddf2\ud835\uddef\ud835\uddff\ud835\uddee\ud835\ude01\ud835\uddf6\ud835\uddfb\ud835\uddf4 Antonella \ud835\udde4\ud835\ude02\ud835\uddf6\ud835\uddfb\ud835\uddf0\ud835\uddf2\ud835\uddee\ud835\uddfb\u0303\ud835\uddf2\ud835\uddff\ud835\uddee in spektakul\u00e4rem Stil<\/a><\/h3>\n\n\n\n<p><a href=\"https:\/\/ink7lab.com\/de\/%f0%9d%97%96%f0%9d%97%b2%f0%9d%97%b9%f0%9d%97%b2%f0%9d%97%af%f0%9d%97%bf%f0%9d%97%ae%f0%9d%98%81%f0%9d%97%b6%f0%9d%97%bb%f0%9d%97%b4-antonellas-%f0%9d%97%a4%f0%9d%98%82%f0%9d%97%b6\/\" title=\"\">Mehr lesen<\/a><\/p>\n<\/div>\n<\/div>\n<\/div>\n\n\n\n<div class=\"wp-block-column has-background is-layout-flow wp-block-column-is-layout-flow\" style=\"background-color:#19181a\">\n<figure class=\"wp-block-image size-large\"><img decoding=\"async\" width=\"1024\" height=\"1024\" src=\"https:\/\/ink7lab.com\/wp-content\/uploads\/2025\/06\/Construct-Euorpe-04-1024x1024.png\" alt=\"\" class=\"wp-image-15862\" style=\"aspect-ratio:16\/9;object-fit:cover\" srcset=\"https:\/\/ink7lab.com\/wp-content\/uploads\/2025\/06\/Construct-Euorpe-04-1024x1024.png 1024w, https:\/\/ink7lab.com\/wp-content\/uploads\/2025\/06\/Construct-Euorpe-04-300x300.png 300w, https:\/\/ink7lab.com\/wp-content\/uploads\/2025\/06\/Construct-Euorpe-04-150x150.png 150w, https:\/\/ink7lab.com\/wp-content\/uploads\/2025\/06\/Construct-Euorpe-04-768x768.png 768w, https:\/\/ink7lab.com\/wp-content\/uploads\/2025\/06\/Construct-Euorpe-04-800x800.png 800w, https:\/\/ink7lab.com\/wp-content\/uploads\/2025\/06\/Construct-Euorpe-04-560x560.png 560w, https:\/\/ink7lab.com\/wp-content\/uploads\/2025\/06\/Construct-Euorpe-04-250x250.png 250w, https:\/\/ink7lab.com\/wp-content\/uploads\/2025\/06\/Construct-Euorpe-04-120x120.png 120w, https:\/\/ink7lab.com\/wp-content\/uploads\/2025\/06\/Construct-Euorpe-04.png 1200w\" sizes=\"(max-width: 1024px) 100vw, 1024px\" \/><\/figure>\n\n\n\n<div class=\"wp-block-columns innerbox is-layout-flex wp-container-core-columns-is-layout-9d6595d7 wp-block-columns-is-layout-flex\">\n<div class=\"wp-block-column is-layout-flow wp-block-column-is-layout-flow\">\n<h3 class=\"wp-block-heading\"><a href=\"https:\/\/ink7lab.com\/de\/zweiteilige-drohnen-lichtshow-mit-einem-live-orchester\/\" title=\"\">Zweiteilige Drohnen-Lichtshow mit Live-Orchester<\/a><\/h3>\n\n\n\n<p><a href=\"https:\/\/ink7lab.com\/de\/zweiteilige-drohnen-lichtshow-mit-einem-live-orchester\/\" title=\"Mehr lesen\"><a href=\"https:\/\/ink7lab.com\/de\/%f0%9d%97%96%f0%9d%97%b2%f0%9d%97%b9%f0%9d%97%b2%f0%9d%97%af%f0%9d%97%bf%f0%9d%97%ae%f0%9d%98%81%f0%9d%97%b6%f0%9d%97%bb%f0%9d%97%b4-antonellas-%f0%9d%97%a4%f0%9d%98%82%f0%9d%97%b6\/\" title=\"\">Mehr lesen<\/a><\/a><\/p>\n<\/div>\n<\/div>\n<\/div>\n<\/div>","protected":false},"excerpt":{"rendered":"Wedding Drone Show \u2013 Alessandra &amp; Stefano | Como 27.09.2025 80 droni","protected":false},"author":1,"featured_media":0,"parent":0,"menu_order":0,"comment_status":"closed","ping_status":"closed","template":"","meta":{"om_disable_all_campaigns":false,"_monsterinsights_skip_tracking":false,"_monsterinsights_sitenote_active":false,"_monsterinsights_sitenote_note":"","_monsterinsights_sitenote_category":0,"_uf_show_specific_survey":0,"_uf_disable_surveys":false,"footnotes":""},"class_list":["post-17011","page","type-page","status-publish","hentry"],"aioseo_notices":[],"_links":{"self":[{"href":"https:\/\/ink7lab.com\/de\/wp-json\/wp\/v2\/pages\/17011","targetHints":{"allow":["GET"]}}],"collection":[{"href":"https:\/\/ink7lab.com\/de\/wp-json\/wp\/v2\/pages"}],"about":[{"href":"https:\/\/ink7lab.com\/de\/wp-json\/wp\/v2\/types\/page"}],"author":[{"embeddable":true,"href":"https:\/\/ink7lab.com\/de\/wp-json\/wp\/v2\/users\/1"}],"replies":[{"embeddable":true,"href":"https:\/\/ink7lab.com\/de\/wp-json\/wp\/v2\/comments?post=17011"}],"version-history":[{"count":0,"href":"https:\/\/ink7lab.com\/de\/wp-json\/wp\/v2\/pages\/17011\/revisions"}],"wp:attachment":[{"href":"https:\/\/ink7lab.com\/de\/wp-json\/wp\/v2\/media?parent=17011"}],"curies":[{"name":"wp","href":"https:\/\/api.w.org\/{rel}","templated":true}]}}