{"id":17012,"date":"2025-10-12T00:29:49","date_gmt":"2025-10-12T00:29:49","guid":{"rendered":"https:\/\/ink7lab.com\/?page_id=17012"},"modified":"2025-10-15T01:24:11","modified_gmt":"2025-10-15T01:24:11","slug":"drohnenshow-im-devils-club-saisonfinale-2025","status":"publish","type":"page","link":"https:\/\/ink7lab.com\/de\/drone-show-al-club-del-diavolo-finale-di-stagione-2025\/","title":{"rendered":"Drohnenshow im Club Del Diavolo - Finale der Saison 2025"},"content":{"rendered":"<h3 class=\"wp-block-heading\">Drohnenshow im Club Del Diavolo - Finale der Saison 2025<\/h3>\n\n\n\n<div class=\"wp-block-buttons is-layout-flex wp-block-buttons-is-layout-flex\">\n<div class=\"wp-block-button\"><a class=\"wp-block-button__link has-background wp-element-button\" style=\"border-radius:57px;background-color:#78d524\">150 DRONEN<\/a><\/div>\n\n\n\n<div class=\"wp-block-button\"><a class=\"wp-block-button__link has-background wp-element-button\" style=\"border-radius:57px;background-color:#78d524\">TUSCANY<\/a><\/div>\n\n\n\n<div class=\"wp-block-button\"><a class=\"wp-block-button__link has-background wp-element-button\" style=\"border-radius:57px;background-color:#78d524\">NIGHT CLUB<\/a><\/div>\n\n\n\n<div class=\"wp-block-button\"><a class=\"wp-block-button__link has-background wp-element-button\" style=\"border-radius:57px;background-color:#78d524\">SCHLIESSUNG<\/a><\/div>\n\n\n\n<div class=\"wp-block-button\"><a class=\"wp-block-button__link has-background wp-element-button\" style=\"border-radius:57px;background-color:#78d524\">DJ-SET<\/a><\/div>\n<\/div>\n\n\n\n<figure class=\"wp-block-embed is-type-video is-provider-youtube wp-block-embed-youtube wp-embed-aspect-16-9 wp-has-aspect-ratio\"><div class=\"wp-block-embed__wrapper\">\n<iframe title=\"Devil&#039;s Drone Show Club 2025\" width=\"1128\" height=\"635\" src=\"https:\/\/www.youtube.com\/embed\/5Y4K9gA8x_M?feature=oembed\" frameborder=\"0\" allow=\"accelerometer; autoplay; clipboard-write; encrypted-media; gyroscope; picture-in-picture; web-share\" referrerpolicy=\"strict-origin-when-cross-origin\" allowfullscreen><\/iframe>\n<\/div><\/figure>\n\n\n\n<div class=\"wp-block-columns is-layout-flex wp-container-core-columns-is-layout-9d6595d7 wp-block-columns-is-layout-flex\">\n<div class=\"wp-block-column is-layout-flow wp-block-column-is-layout-flow\" style=\"flex-basis:33.33%\">\n<ul class=\"wp-block-list\">\n<li>Quarrata, Pistoia. Italien.<\/li>\n<\/ul>\n<\/div>\n\n\n\n<div class=\"wp-block-column is-layout-flow wp-block-column-is-layout-flow\" style=\"flex-basis:66.66%\">\n<p><strong>150 Drohnen | Quarrata (Pistoia) | 28. September 2025<\/strong><\/p>\n\n\n\n<p>Am 28. September 2025 wird der Himmel \u00fcber der <strong>Club Del Diavolo in Quarrata (Pistoia)<\/strong> mit Licht und Emotionen erhellt, mit einer spektakul\u00e4ren <strong>Drone Show unterzeichnete ink7lab - Division And Lights f\u00fcr Italien und die Schweiz.<\/strong><\/p>\n\n\n\n<p>Ein gro\u00dfartiges Saisonfinale wurde zu einem einzigartigen visuellen und sensorischen Erlebnis: <strong>dreidimensionale Choreographien, die mit Musik synchronisiert sind<\/strong>, dynamische Bilder und ein M\u00e4rchen am Himmel, das das Publikum in eine Atmosph\u00e4re reiner Magie versetzt.<\/p>\n\n\n\n<p>Die Drohnenshow stellte vor <strong>eine neue Art, Abendunterhaltung zu erleben, <\/strong>den Veranstaltungsort zu einem ikonischen Moment der visuellen Kommunikation und <strong>Markenerlebnis. <\/strong>Eine Auswahl <strong>nachhaltig, elegant und innovativ,<\/strong> die in der Lage sind, jedes Ereignis aufzuwerten und es unvergesslich zu machen - perfekt zum Teilen in den sozialen Netzwerken und in der Erinnerung derjenigen, die es erleben.<\/p>\n\n\n\n<p>\ud83d\udc49 <strong>Hinzuf\u00fcgen einer Drohnenshow zu dieser Art von Veranstaltung<\/strong> bedeutet, der \u00d6ffentlichkeit anzubieten<br>ein spektakul\u00e4res Erlebnis, das <strong>Technik, Kunst und Emotionen<\/strong>, die den Veranstaltungsort auszeichnen und sein Image als Referenzpunkt f\u00fcr Unterhaltung der n\u00e4chsten Generation st\u00e4rken.<\/p>\n\n\n\n<p>A <strong>ein unvergessliches Saisonfinale,<\/strong> wo das Licht der Drohnen am Himmel die <strong>Leidenschaft und Energie des Club Del Diavolo. \u2728<\/strong><\/p>\n\n\n\n<p><a href=\"https:\/\/ink7lab.com\/de\/kontakte\/\" target=\"_blank\" rel=\"noopener\" title=\"\">M\u00f6chten Sie Ihre Veranstaltung mit einer Drohnenshow erg\u00e4nzen?<\/a><\/p>\n\n\n\n<p><a href=\"https:\/\/ink7lab.com\/de\/kontakte\/\" target=\"_blank\" rel=\"noopener\" title=\"\"><br>\ud83d\udc49 Angebot anfordern<\/a><\/p>\n<\/div>\n<\/div>\n\n\n\n<div style=\"height:50px\" aria-hidden=\"true\" class=\"wp-block-spacer\"><\/div>\n\n\n\n<h3 class=\"wp-block-heading\">VERBUNDENE VERANSTALTUNGEN<\/h3>\n\n\n\n<div style=\"height:30px\" aria-hidden=\"true\" class=\"wp-block-spacer\"><\/div>\n\n\n\n<div class=\"wp-block-columns outerbox is-layout-flex wp-container-core-columns-is-layout-9d6595d7 wp-block-columns-is-layout-flex\">\n<div class=\"wp-block-column has-background is-layout-flow wp-block-column-is-layout-flow\" style=\"background-color:#19181a\">\n<figure class=\"wp-block-image size-large\"><img decoding=\"async\" width=\"1024\" height=\"1024\" src=\"https:\/\/ink7lab.com\/wp-content\/uploads\/2025\/06\/Verjaardag-Antonella-\u2013-11-1030x1030-1-1024x1024.png\" alt=\"\" class=\"wp-image-15861\" style=\"aspect-ratio:16\/9;object-fit:cover\" srcset=\"\" sizes=\"(max-width: 1024px) 100vw, 1024px\" data-srcset=\"\" \/><\/figure>\n\n\n\n<div class=\"wp-block-columns innerbox is-layout-flex wp-container-core-columns-is-layout-9d6595d7 wp-block-columns-is-layout-flex\">\n<div class=\"wp-block-column is-layout-flow wp-block-column-is-layout-flow\">\n<h3 class=\"wp-block-heading\"><a href=\"https:\/\/ink7lab.com\/de\/%f0%9d%97%96%f0%9d%97%b2%f0%9d%97%b9%f0%9d%97%b2%f0%9d%97%af%f0%9d%97%bf%f0%9d%97%ae%f0%9d%98%81%f0%9d%97%b6%f0%9d%97%bb%f0%9d%97%b4-antonellas-%f0%9d%97%a4%f0%9d%98%82%f0%9d%97%b6\/\" title=\"\">\ud835\uddd6\ud835\uddf2\ud835\uddf9\ud835\uddf2\ud835\uddef\ud835\uddff\ud835\uddee\ud835\ude01\ud835\uddf6\ud835\uddfb\ud835\uddf4 Antonella \ud835\udde4\ud835\ude02\ud835\uddf6\ud835\uddfb\ud835\uddf0\ud835\uddf2\ud835\uddee\ud835\uddfb\u0303\ud835\uddf2\ud835\uddff\ud835\uddee in spektakul\u00e4rem Stil<\/a><\/h3>\n\n\n\n<p><a href=\"https:\/\/ink7lab.com\/de\/%f0%9d%97%96%f0%9d%97%b2%f0%9d%97%b9%f0%9d%97%b2%f0%9d%97%af%f0%9d%97%bf%f0%9d%97%ae%f0%9d%98%81%f0%9d%97%b6%f0%9d%97%bb%f0%9d%97%b4-antonellas-%f0%9d%97%a4%f0%9d%98%82%f0%9d%97%b6\/\" title=\"\">Mehr lesen<\/a><\/p>\n<\/div>\n<\/div>\n<\/div>\n\n\n\n<div class=\"wp-block-column has-background is-layout-flow wp-block-column-is-layout-flow\" style=\"background-color:#19181a\">\n<figure class=\"wp-block-image size-large\"><img decoding=\"async\" width=\"1024\" height=\"1024\" src=\"https:\/\/ink7lab.com\/wp-content\/uploads\/2025\/06\/Construct-Euorpe-04-1024x1024.png\" alt=\"\" class=\"wp-image-15862\" style=\"aspect-ratio:16\/9;object-fit:cover\" srcset=\"https:\/\/ink7lab.com\/wp-content\/uploads\/2025\/06\/Construct-Euorpe-04-1024x1024.png 1024w, https:\/\/ink7lab.com\/wp-content\/uploads\/2025\/06\/Construct-Euorpe-04-300x300.png 300w, https:\/\/ink7lab.com\/wp-content\/uploads\/2025\/06\/Construct-Euorpe-04-150x150.png 150w, https:\/\/ink7lab.com\/wp-content\/uploads\/2025\/06\/Construct-Euorpe-04-768x768.png 768w, https:\/\/ink7lab.com\/wp-content\/uploads\/2025\/06\/Construct-Euorpe-04-800x800.png 800w, https:\/\/ink7lab.com\/wp-content\/uploads\/2025\/06\/Construct-Euorpe-04-560x560.png 560w, https:\/\/ink7lab.com\/wp-content\/uploads\/2025\/06\/Construct-Euorpe-04-250x250.png 250w, https:\/\/ink7lab.com\/wp-content\/uploads\/2025\/06\/Construct-Euorpe-04-120x120.png 120w, https:\/\/ink7lab.com\/wp-content\/uploads\/2025\/06\/Construct-Euorpe-04.png 1200w\" sizes=\"(max-width: 1024px) 100vw, 1024px\" \/><\/figure>\n\n\n\n<div class=\"wp-block-columns innerbox is-layout-flex wp-container-core-columns-is-layout-9d6595d7 wp-block-columns-is-layout-flex\">\n<div class=\"wp-block-column is-layout-flow wp-block-column-is-layout-flow\">\n<h3 class=\"wp-block-heading\"><a href=\"https:\/\/ink7lab.com\/de\/zweiteilige-drohnen-lichtshow-mit-einem-live-orchester\/\" title=\"\">Zweiteilige Drohnen-Lichtshow mit Live-Orchester<\/a><\/h3>\n\n\n\n<p><a href=\"https:\/\/ink7lab.com\/de\/zweiteilige-drohnen-lichtshow-mit-einem-live-orchester\/\" title=\"Mehr lesen\"><a href=\"https:\/\/ink7lab.com\/de\/%f0%9d%97%96%f0%9d%97%b2%f0%9d%97%b9%f0%9d%97%b2%f0%9d%97%af%f0%9d%97%bf%f0%9d%97%ae%f0%9d%98%81%f0%9d%97%b6%f0%9d%97%bb%f0%9d%97%b4-antonellas-%f0%9d%97%a4%f0%9d%98%82%f0%9d%97%b6\/\" title=\"\">Mehr lesen<\/a><\/a><\/p>\n<\/div>\n<\/div>\n<\/div>\n<\/div>","protected":false},"excerpt":{"rendered":"Drone Show al Club Del Diavolo \u2013 Finale di Stagione 2025 150","protected":false},"author":1,"featured_media":0,"parent":0,"menu_order":0,"comment_status":"closed","ping_status":"closed","template":"","meta":{"om_disable_all_campaigns":false,"_monsterinsights_skip_tracking":false,"_monsterinsights_sitenote_active":false,"_monsterinsights_sitenote_note":"","_monsterinsights_sitenote_category":0,"_uf_show_specific_survey":0,"_uf_disable_surveys":false,"footnotes":""},"class_list":["post-17012","page","type-page","status-publish","hentry"],"aioseo_notices":[],"_links":{"self":[{"href":"https:\/\/ink7lab.com\/de\/wp-json\/wp\/v2\/pages\/17012","targetHints":{"allow":["GET"]}}],"collection":[{"href":"https:\/\/ink7lab.com\/de\/wp-json\/wp\/v2\/pages"}],"about":[{"href":"https:\/\/ink7lab.com\/de\/wp-json\/wp\/v2\/types\/page"}],"author":[{"embeddable":true,"href":"https:\/\/ink7lab.com\/de\/wp-json\/wp\/v2\/users\/1"}],"replies":[{"embeddable":true,"href":"https:\/\/ink7lab.com\/de\/wp-json\/wp\/v2\/comments?post=17012"}],"version-history":[{"count":0,"href":"https:\/\/ink7lab.com\/de\/wp-json\/wp\/v2\/pages\/17012\/revisions"}],"wp:attachment":[{"href":"https:\/\/ink7lab.com\/de\/wp-json\/wp\/v2\/media?parent=17012"}],"curies":[{"name":"wp","href":"https:\/\/api.w.org\/{rel}","templated":true}]}}