{"id":17010,"date":"2025-10-11T23:55:21","date_gmt":"2025-10-11T23:55:21","guid":{"rendered":"https:\/\/ink7lab.com\/?page_id=17010"},"modified":"2025-10-15T01:24:25","modified_gmt":"2025-10-15T01:24:25","slug":"drone-show-boda-valerie-sam-bruselas-6-septiembre-2025","status":"publish","type":"page","link":"https:\/\/ink7lab.com\/es\/drone-show-matrimonio-valerie-sam-bruxelles-6-settembre-2025\/","title":{"rendered":"Boda Drone Show Virginie &amp; Sam - Bruselas, 6 de septiembre de 2025"},"content":{"rendered":"<h3 class=\"wp-block-heading\">Drone Show Matrimonio Virginie & Sam \u2013 Bruxelles, 6 Settembre 2025<\/h3>\n\n\n\n<div class=\"wp-block-buttons is-layout-flex wp-block-buttons-is-layout-flex\">\n<div class=\"wp-block-button\"><a class=\"wp-block-button__link has-background wp-element-button\" style=\"border-radius:57px;background-color:#78d524\">175 DRONES<\/a><\/div>\n\n\n\n<div class=\"wp-block-button\"><a class=\"wp-block-button__link has-background wp-element-button\" style=\"border-radius:57px;background-color:#78d524\">BRUSELAS<\/a><\/div>\n\n\n\n<div class=\"wp-block-button\"><a class=\"wp-block-button__link has-background wp-element-button\" style=\"border-radius:57px;background-color:#78d524\">BODA<\/a><\/div>\n\n\n\n<div class=\"wp-block-button\"><a class=\"wp-block-button__link has-background wp-element-button\" style=\"border-radius:57px;background-color:#78d524\">SORPRESA<\/a><\/div>\n<\/div>\n\n\n\n<figure class=\"wp-block-embed is-type-video is-provider-youtube wp-block-embed-youtube wp-embed-aspect-16-9 wp-has-aspect-ratio\"><div class=\"wp-block-embed__wrapper\">\n<iframe title=\"Una boda para recordar \" width=\"1128\" height=\"635\" src=\"https:\/\/www.youtube.com\/embed\/vxQ1C3ZKwbI?feature=oembed\" frameborder=\"0\" allow=\"accelerometer; autoplay; clipboard-write; encrypted-media; gyroscope; picture-in-picture; web-share\" referrerpolicy=\"strict-origin-when-cross-origin\" allowfullscreen><\/iframe>\n<\/div><\/figure>\n\n\n\n<div class=\"wp-block-columns is-layout-flex wp-container-core-columns-is-layout-9d6595d7 wp-block-columns-is-layout-flex\">\n<div class=\"wp-block-column is-layout-flow wp-block-column-is-layout-flow\" style=\"flex-basis:33.33%\">\n<ul class=\"wp-block-list\">\n<li>Bruselas, B\u00e9lgica<\/li>\n<\/ul>\n<\/div>\n\n\n\n<div class=\"wp-block-column is-layout-flow wp-block-column-is-layout-flow\" style=\"flex-basis:66.66%\">\n<p>El 6 de septiembre de 2025, en el bello marco de <strong>Bruselas<\/strong>, el cielo se transform\u00f3 en un lienzo de pura emoci\u00f3n gracias a un <strong>Show de drones<\/strong> <strong>con 175 drones<\/strong>, firmado <strong>ink7lab -<br>Divisi\u00f3n y luces para Italia y Suiza.<\/strong><\/p>\n\n\n\n<p>Durante el d\u00eda de la boda de <strong>Virginie & Sam<\/strong>, un momento inesperado dej\u00f3 a todos boquiabiertos.<br>De repente, el cielo se ilumin\u00f3:<strong> mariposas que se encuentran, palomas que<\/strong><br><strong>vuelan juntos, figuras que danzan en el aire como en un poema luminoso. \u2728<\/strong><\/p>\n\n\n\n<p>A<strong> Espect\u00e1culo sorpresa con drones<\/strong>, concebido por el novio como <strong>gesto de amor<\/strong>, convirtieron la velada en una experiencia de puro asombro.<br>Silencio. Asombro. Aplausos.<br>Cada movimiento, cada luz, contaba una historia de unidad, armon\u00eda y sentimiento genuino.<\/p>\n\n\n\n<p>Fabricado con drones de \u00faltima generaci\u00f3n, certificados seg\u00fan las normas europeas m\u00e1s estrictas, el espect\u00e1culo combinaba <strong>tecnolog\u00eda, arte y sostenibilidad<\/strong> en una sola emoci\u00f3n. Un recuerdo destinado a permanecer para siempre en el coraz\u00f3n de los novios y sus invitados. \ud83d\udc8d<\/p>\n\n\n\n<p><a href=\"https:\/\/ink7lab.com\/es\/cartera-de-exposiciones-de-drones\/\" title=\"\">\ud83d\udc49 Ver nuestra cartera<\/a><\/p>\n\n\n\n<p><a href=\"https:\/\/ink7lab.com\/es\/espectaculos-de-luz-con-drones\/\" title=\"\"><br>M\u00e1s informaci\u00f3n<\/a><\/p>\n\n\n\n<p><a href=\"https:\/\/ink7lab.com\/es\/contactos\/\" title=\"\"><br>\ud83d\udc49 Solicitar presupuesto<\/a><\/p>\n<\/div>\n<\/div>\n\n\n\n<div style=\"height:50px\" aria-hidden=\"true\" class=\"wp-block-spacer\"><\/div>\n\n\n\n<h3 class=\"wp-block-heading\">EVENTOS RELACIONADOS<\/h3>\n\n\n\n<div style=\"height:30px\" aria-hidden=\"true\" class=\"wp-block-spacer\"><\/div>\n\n\n\n<div class=\"wp-block-columns outerbox is-layout-flex wp-container-core-columns-is-layout-9d6595d7 wp-block-columns-is-layout-flex\">\n<div class=\"wp-block-column has-background is-layout-flow wp-block-column-is-layout-flow\" style=\"background-color:#19181a\">\n<figure class=\"wp-block-image size-large\"><img decoding=\"async\" width=\"1024\" height=\"1024\" src=\"https:\/\/ink7lab.com\/wp-content\/uploads\/2025\/06\/Verjaardag-Antonella-\u2013-11-1030x1030-1-1024x1024.png\" alt=\"\" class=\"wp-image-15861\" style=\"aspect-ratio:16\/9;object-fit:cover\" srcset=\"\" sizes=\"(max-width: 1024px) 100vw, 1024px\" data-srcset=\"\" \/><\/figure>\n\n\n\n<div class=\"wp-block-columns innerbox is-layout-flex wp-container-core-columns-is-layout-9d6595d7 wp-block-columns-is-layout-flex\">\n<div class=\"wp-block-column is-layout-flow wp-block-column-is-layout-flow\">\n<h3 class=\"wp-block-heading\"><a href=\"https:\/\/ink7lab.com\/es\/%f0%9d%97%96%f0%9d%97%b2%f0%9d%97%b9%f0%9d%97%b2%f0%9d%97%af%f0%9d%97%bf%f0%9d%97%ae%f0%9d%98%81%f0%9d%97%b6%f0%9d%97%bb%f0%9d%97%b4-antonellas-%f0%9d%97%a4%f0%9d%98%82%f0%9d%97%b6\/\" title=\"\">\ud835\uddd6\ud835\uddf2\ud835\uddf9\ud835\uddf2\ud835\uddef\ud835\uddff\ud835\uddee\ud835\ude01\ud835\uddf6\ud835\uddfb\ud835\uddf4 Antonella \ud835\udde4\ud835\ude02\ud835\uddf6\ud835\uddfb\ud835\uddf0\ud835\uddf2\ud835\uddee\ud835\uddfb\u0303\ud835\uddf2\ud835\uddff\ud835\uddee con un estilo espectacular<\/a><\/h3>\n\n\n\n<p><a href=\"https:\/\/ink7lab.com\/es\/%f0%9d%97%96%f0%9d%97%b2%f0%9d%97%b9%f0%9d%97%b2%f0%9d%97%af%f0%9d%97%bf%f0%9d%97%ae%f0%9d%98%81%f0%9d%97%b6%f0%9d%97%bb%f0%9d%97%b4-antonellas-%f0%9d%97%a4%f0%9d%98%82%f0%9d%97%b6\/\" title=\"\">Seguir leyendo<\/a><\/p>\n<\/div>\n<\/div>\n<\/div>\n\n\n\n<div class=\"wp-block-column has-background is-layout-flow wp-block-column-is-layout-flow\" style=\"background-color:#19181a\">\n<figure class=\"wp-block-image size-large\"><img decoding=\"async\" width=\"1024\" height=\"1024\" src=\"https:\/\/ink7lab.com\/wp-content\/uploads\/2025\/06\/Construct-Euorpe-04-1024x1024.png\" alt=\"\" class=\"wp-image-15862\" style=\"aspect-ratio:16\/9;object-fit:cover\" srcset=\"https:\/\/ink7lab.com\/wp-content\/uploads\/2025\/06\/Construct-Euorpe-04-1024x1024.png 1024w, https:\/\/ink7lab.com\/wp-content\/uploads\/2025\/06\/Construct-Euorpe-04-300x300.png 300w, https:\/\/ink7lab.com\/wp-content\/uploads\/2025\/06\/Construct-Euorpe-04-150x150.png 150w, https:\/\/ink7lab.com\/wp-content\/uploads\/2025\/06\/Construct-Euorpe-04-768x768.png 768w, https:\/\/ink7lab.com\/wp-content\/uploads\/2025\/06\/Construct-Euorpe-04-800x800.png 800w, https:\/\/ink7lab.com\/wp-content\/uploads\/2025\/06\/Construct-Euorpe-04-560x560.png 560w, https:\/\/ink7lab.com\/wp-content\/uploads\/2025\/06\/Construct-Euorpe-04-250x250.png 250w, https:\/\/ink7lab.com\/wp-content\/uploads\/2025\/06\/Construct-Euorpe-04-120x120.png 120w, https:\/\/ink7lab.com\/wp-content\/uploads\/2025\/06\/Construct-Euorpe-04.png 1200w\" sizes=\"(max-width: 1024px) 100vw, 1024px\" \/><\/figure>\n\n\n\n<div class=\"wp-block-columns innerbox is-layout-flex wp-container-core-columns-is-layout-9d6595d7 wp-block-columns-is-layout-flex\">\n<div class=\"wp-block-column is-layout-flow wp-block-column-is-layout-flow\">\n<h3 class=\"wp-block-heading\"><a href=\"https:\/\/ink7lab.com\/es\/espectaculo-de-luces-de-dos-piezas-con-una-orquesta-en-directo\/\" title=\"\">Espect\u00e1culo de luces de dos piezas con drones y orquesta en directo<\/a><\/h3>\n\n\n\n<p><a href=\"https:\/\/ink7lab.com\/es\/espectaculo-de-luces-de-dos-piezas-con-una-orquesta-en-directo\/\" title=\"Seguir leyendo\"><a href=\"https:\/\/ink7lab.com\/es\/%f0%9d%97%96%f0%9d%97%b2%f0%9d%97%b9%f0%9d%97%b2%f0%9d%97%af%f0%9d%97%bf%f0%9d%97%ae%f0%9d%98%81%f0%9d%97%b6%f0%9d%97%bb%f0%9d%97%b4-antonellas-%f0%9d%97%a4%f0%9d%98%82%f0%9d%97%b6\/\" title=\"\">Seguir leyendo<\/a><\/a><\/p>\n<\/div>\n<\/div>\n<\/div>\n<\/div>","protected":false},"excerpt":{"rendered":"Drone Show Matrimonio Virginie &amp; Sam \u2013 Bruxelles, 6 Settembre 2025 175","protected":false},"author":1,"featured_media":0,"parent":0,"menu_order":0,"comment_status":"closed","ping_status":"closed","template":"","meta":{"om_disable_all_campaigns":false,"_monsterinsights_skip_tracking":false,"_monsterinsights_sitenote_active":false,"_monsterinsights_sitenote_note":"","_monsterinsights_sitenote_category":0,"_uf_show_specific_survey":0,"_uf_disable_surveys":false,"footnotes":""},"class_list":["post-17010","page","type-page","status-publish","hentry"],"aioseo_notices":[],"_links":{"self":[{"href":"https:\/\/ink7lab.com\/es\/wp-json\/wp\/v2\/pages\/17010","targetHints":{"allow":["GET"]}}],"collection":[{"href":"https:\/\/ink7lab.com\/es\/wp-json\/wp\/v2\/pages"}],"about":[{"href":"https:\/\/ink7lab.com\/es\/wp-json\/wp\/v2\/types\/page"}],"author":[{"embeddable":true,"href":"https:\/\/ink7lab.com\/es\/wp-json\/wp\/v2\/users\/1"}],"replies":[{"embeddable":true,"href":"https:\/\/ink7lab.com\/es\/wp-json\/wp\/v2\/comments?post=17010"}],"version-history":[{"count":0,"href":"https:\/\/ink7lab.com\/es\/wp-json\/wp\/v2\/pages\/17010\/revisions"}],"wp:attachment":[{"href":"https:\/\/ink7lab.com\/es\/wp-json\/wp\/v2\/media?parent=17010"}],"curies":[{"name":"wp","href":"https:\/\/api.w.org\/{rel}","templated":true}]}}