{"id":17013,"date":"2025-10-12T00:50:25","date_gmt":"2025-10-12T00:50:25","guid":{"rendered":"https:\/\/ink7lab.com\/?page_id=17013"},"modified":"2025-10-29T11:32:02","modified_gmt":"2025-10-29T11:32:02","slug":"drone-show-boda-valerie-lorenzo-bellagio-8-octubre-2025","status":"publish","type":"page","link":"https:\/\/ink7lab.com\/es\/drone-show-matrimonio-valerie-lorenzo-bellagio-8-ottobre-2025\/","title":{"rendered":"Boda Drone Show Valerie &amp; Lorenzo - Bellagio, 8 de octubre de 2025"},"content":{"rendered":"<h3 class=\"wp-block-heading\">Drone Show Matrimonio Valerie & Lorenzo \u2013 Bellagio, 8 Ottobre 2025<\/h3>\n\n\n\n<div class=\"wp-block-buttons is-layout-flex wp-block-buttons-is-layout-flex\">\n<div class=\"wp-block-button\"><a class=\"wp-block-button__link has-background wp-element-button\" style=\"border-radius:57px;background-color:#78d524\">175 DRONES<\/a><\/div>\n\n\n\n<div class=\"wp-block-button\"><a class=\"wp-block-button__link has-background wp-element-button\" style=\"border-radius:57px;background-color:#78d524\">BELLAGIO<\/a><\/div>\n\n\n\n<div class=\"wp-block-button\"><a class=\"wp-block-button__link has-background wp-element-button\" style=\"border-radius:57px;background-color:#78d524\">BODA<\/a><\/div>\n\n\n\n<div class=\"wp-block-button\"><a class=\"wp-block-button__link has-background wp-element-button\" style=\"border-radius:57px;background-color:#78d524\">SORPRESA<\/a><\/div>\n\n\n\n<div class=\"wp-block-button\"><a class=\"wp-block-button__link has-background wp-element-button\" style=\"border-radius:57px;background-color:#78d524\">CUENTACUENTOS<\/a><\/div>\n<\/div>\n\n\n\n<figure class=\"wp-block-embed is-type-video is-provider-youtube wp-block-embed-youtube wp-embed-aspect-16-9 wp-has-aspect-ratio\"><div class=\"wp-block-embed__wrapper\">\n<iframe title=\"Drone Show Boda Bellagio 2025 | Valerie &amp; Lorenzo - L&#039;Amore nel Cielo di Como\" width=\"1128\" height=\"635\" src=\"https:\/\/www.youtube.com\/embed\/ZQgx4SfcDK4?feature=oembed\" frameborder=\"0\" allow=\"accelerometer; autoplay; clipboard-write; encrypted-media; gyroscope; picture-in-picture; web-share\" referrerpolicy=\"strict-origin-when-cross-origin\" allowfullscreen><\/iframe>\n<\/div><\/figure>\n\n\n\n<div class=\"wp-block-columns is-layout-flex wp-container-core-columns-is-layout-9d6595d7 wp-block-columns-is-layout-flex\">\n<div class=\"wp-block-column is-layout-flow wp-block-column-is-layout-flow\" style=\"flex-basis:33.33%\">\n<ul class=\"wp-block-list\">\n<li>Bellagio, Lago Como(CO). Italia.<\/li>\n<\/ul>\n<\/div>\n\n\n\n<div class=\"wp-block-column is-layout-flow wp-block-column-is-layout-flow\" style=\"flex-basis:66.66%\">\n<p>\u2728 El 8 de octubre de 2025, el cielo de Bellagio se ilumin\u00f3 de amor.<\/p>\n\n\n\n<p>Tuvimos el honor de realizar un espectacular <strong>Drone Show con 175 drones<\/strong> para celebrar el d\u00eda de la boda de Valerie y Lorenzo, una pareja extraordinaria unida por un amor aut\u00e9ntico e intemporal.<\/p>\n\n\n\n<p>Con el maravilloso tel\u00f3n de fondo del <strong>Lago de Como<\/strong>, entre el reflejo del agua y la magia de las luces, nuestros drones contaron su <strong>historia de amor en el cielo,<\/strong> convirtiendo cada momento en un recuerdo que vivir\u00e1 para siempre.<\/p>\n\n\n\n<p>El espect\u00e1culo, concebido como <strong>una sorpresa organizada por los novios para sus invitados, <\/strong>hizo que la velada fuera a\u00fan m\u00e1s emocionante: un momento inesperado, intenso e inolvidable.<\/p>\n\n\n\n<p>Hecho de <strong>colaboraci\u00f3n con Bellagio Wedding Co<\/strong>, el evento combin\u00f3 elegancia, precisi\u00f3n e innovaci\u00f3n, creando una experiencia que permanecer\u00e1 en el coraz\u00f3n de todos los invitados.<\/p>\n\n\n\n<p>Bellagio, con su elegancia y su ambiente rom\u00e1ntico, fue el escenario perfecto para esta celebraci\u00f3n \u00fanica.<\/p>\n\n\n\n<p><strong>\u2728 Detr\u00e1s de cada espect\u00e1culo con drones est\u00e1 nuestra pasi\u00f3n:<\/strong> la de traducir las emociones en luz y hacer hablar al cielo.<\/p>\n\n\n\n<p><a href=\"https:\/\/ink7lab.com\/es\/cartera-de-exposiciones-de-drones\/\" title=\"\">\ud83d\udc49 Ver nuestra cartera<\/a><\/p>\n\n\n\n<p><a href=\"https:\/\/ink7lab.com\/es\/espectaculos-de-luz-con-drones\/\" title=\"\"><br>M\u00e1s informaci\u00f3n<\/a><\/p>\n\n\n\n<p><a href=\"https:\/\/ink7lab.com\/es\/contactos\/\" title=\"\"><br>\ud83d\udc49 Solicitar presupuesto<\/a><\/p>\n<\/div>\n<\/div>\n\n\n\n<div style=\"height:50px\" aria-hidden=\"true\" class=\"wp-block-spacer\"><\/div>\n\n\n\n<h3 class=\"wp-block-heading\">EVENTOS RELACIONADOS<\/h3>\n\n\n\n<div style=\"height:30px\" aria-hidden=\"true\" class=\"wp-block-spacer\"><\/div>\n\n\n\n<div class=\"wp-block-columns outerbox is-layout-flex wp-container-core-columns-is-layout-9d6595d7 wp-block-columns-is-layout-flex\">\n<div class=\"wp-block-column has-background is-layout-flow wp-block-column-is-layout-flow\" style=\"background-color:#19181a\">\n<figure class=\"wp-block-image size-large\"><img decoding=\"async\" width=\"1024\" height=\"1024\" src=\"https:\/\/ink7lab.com\/wp-content\/uploads\/2025\/06\/Verjaardag-Antonella-\u2013-11-1030x1030-1-1024x1024.png\" alt=\"\" class=\"wp-image-15861\" style=\"aspect-ratio:16\/9;object-fit:cover\" srcset=\"\" sizes=\"(max-width: 1024px) 100vw, 1024px\" data-srcset=\"\" \/><\/figure>\n\n\n\n<div class=\"wp-block-columns innerbox is-layout-flex wp-container-core-columns-is-layout-9d6595d7 wp-block-columns-is-layout-flex\">\n<div class=\"wp-block-column is-layout-flow wp-block-column-is-layout-flow\">\n<h3 class=\"wp-block-heading\"><a href=\"https:\/\/ink7lab.com\/es\/%f0%9d%97%96%f0%9d%97%b2%f0%9d%97%b9%f0%9d%97%b2%f0%9d%97%af%f0%9d%97%bf%f0%9d%97%ae%f0%9d%98%81%f0%9d%97%b6%f0%9d%97%bb%f0%9d%97%b4-antonellas-%f0%9d%97%a4%f0%9d%98%82%f0%9d%97%b6\/\" title=\"\">\ud835\uddd6\ud835\uddf2\ud835\uddf9\ud835\uddf2\ud835\uddef\ud835\uddff\ud835\uddee\ud835\ude01\ud835\uddf6\ud835\uddfb\ud835\uddf4 Antonella \ud835\udde4\ud835\ude02\ud835\uddf6\ud835\uddfb\ud835\uddf0\ud835\uddf2\ud835\uddee\ud835\uddfb\u0303\ud835\uddf2\ud835\uddff\ud835\uddee con un estilo espectacular<\/a><\/h3>\n\n\n\n<p><a href=\"https:\/\/ink7lab.com\/es\/%f0%9d%97%96%f0%9d%97%b2%f0%9d%97%b9%f0%9d%97%b2%f0%9d%97%af%f0%9d%97%bf%f0%9d%97%ae%f0%9d%98%81%f0%9d%97%b6%f0%9d%97%bb%f0%9d%97%b4-antonellas-%f0%9d%97%a4%f0%9d%98%82%f0%9d%97%b6\/\" title=\"\">Seguir leyendo<\/a><\/p>\n<\/div>\n<\/div>\n<\/div>\n\n\n\n<div class=\"wp-block-column has-background is-layout-flow wp-block-column-is-layout-flow\" style=\"background-color:#19181a\">\n<figure class=\"wp-block-image size-large\"><img decoding=\"async\" width=\"1024\" height=\"1024\" src=\"https:\/\/ink7lab.com\/wp-content\/uploads\/2025\/06\/Construct-Euorpe-04-1024x1024.png\" alt=\"\" class=\"wp-image-15862\" style=\"aspect-ratio:16\/9;object-fit:cover\" srcset=\"https:\/\/ink7lab.com\/wp-content\/uploads\/2025\/06\/Construct-Euorpe-04-1024x1024.png 1024w, https:\/\/ink7lab.com\/wp-content\/uploads\/2025\/06\/Construct-Euorpe-04-300x300.png 300w, https:\/\/ink7lab.com\/wp-content\/uploads\/2025\/06\/Construct-Euorpe-04-150x150.png 150w, https:\/\/ink7lab.com\/wp-content\/uploads\/2025\/06\/Construct-Euorpe-04-768x768.png 768w, https:\/\/ink7lab.com\/wp-content\/uploads\/2025\/06\/Construct-Euorpe-04-800x800.png 800w, https:\/\/ink7lab.com\/wp-content\/uploads\/2025\/06\/Construct-Euorpe-04-560x560.png 560w, https:\/\/ink7lab.com\/wp-content\/uploads\/2025\/06\/Construct-Euorpe-04-250x250.png 250w, https:\/\/ink7lab.com\/wp-content\/uploads\/2025\/06\/Construct-Euorpe-04-120x120.png 120w, https:\/\/ink7lab.com\/wp-content\/uploads\/2025\/06\/Construct-Euorpe-04.png 1200w\" sizes=\"(max-width: 1024px) 100vw, 1024px\" \/><\/figure>\n\n\n\n<div class=\"wp-block-columns innerbox is-layout-flex wp-container-core-columns-is-layout-9d6595d7 wp-block-columns-is-layout-flex\">\n<div class=\"wp-block-column is-layout-flow wp-block-column-is-layout-flow\">\n<h3 class=\"wp-block-heading\"><a href=\"https:\/\/ink7lab.com\/es\/espectaculo-de-luces-de-dos-piezas-con-una-orquesta-en-directo\/\" title=\"\">Espect\u00e1culo de luces de dos piezas con drones y orquesta en directo<\/a><\/h3>\n\n\n\n<p><a href=\"https:\/\/ink7lab.com\/es\/espectaculo-de-luces-de-dos-piezas-con-una-orquesta-en-directo\/\" title=\"Seguir leyendo\"><a href=\"https:\/\/ink7lab.com\/es\/%f0%9d%97%96%f0%9d%97%b2%f0%9d%97%b9%f0%9d%97%b2%f0%9d%97%af%f0%9d%97%bf%f0%9d%97%ae%f0%9d%98%81%f0%9d%97%b6%f0%9d%97%bb%f0%9d%97%b4-antonellas-%f0%9d%97%a4%f0%9d%98%82%f0%9d%97%b6\/\" title=\"\">Seguir leyendo<\/a><\/a><\/p>\n<\/div>\n<\/div>\n<\/div>\n<\/div>","protected":false},"excerpt":{"rendered":"Drone Show Matrimonio Valerie &amp; Lorenzo \u2013 Bellagio, 8 Ottobre 2025 175","protected":false},"author":1,"featured_media":0,"parent":0,"menu_order":0,"comment_status":"closed","ping_status":"closed","template":"","meta":{"om_disable_all_campaigns":false,"_monsterinsights_skip_tracking":false,"_monsterinsights_sitenote_active":false,"_monsterinsights_sitenote_note":"","_monsterinsights_sitenote_category":0,"_uf_show_specific_survey":0,"_uf_disable_surveys":false,"footnotes":""},"class_list":["post-17013","page","type-page","status-publish","hentry"],"aioseo_notices":[],"_links":{"self":[{"href":"https:\/\/ink7lab.com\/es\/wp-json\/wp\/v2\/pages\/17013","targetHints":{"allow":["GET"]}}],"collection":[{"href":"https:\/\/ink7lab.com\/es\/wp-json\/wp\/v2\/pages"}],"about":[{"href":"https:\/\/ink7lab.com\/es\/wp-json\/wp\/v2\/types\/page"}],"author":[{"embeddable":true,"href":"https:\/\/ink7lab.com\/es\/wp-json\/wp\/v2\/users\/1"}],"replies":[{"embeddable":true,"href":"https:\/\/ink7lab.com\/es\/wp-json\/wp\/v2\/comments?post=17013"}],"version-history":[{"count":0,"href":"https:\/\/ink7lab.com\/es\/wp-json\/wp\/v2\/pages\/17013\/revisions"}],"wp:attachment":[{"href":"https:\/\/ink7lab.com\/es\/wp-json\/wp\/v2\/media?parent=17013"}],"curies":[{"name":"wp","href":"https:\/\/api.w.org\/{rel}","templated":true}]}}