{"id":15957,"date":"2025-06-20T22:17:42","date_gmt":"2025-06-20T22:17:42","guid":{"rendered":"https:\/\/ink7lab.com\/?page_id=15957"},"modified":"2025-10-15T01:34:22","modified_gmt":"2025-10-15T01:34:22","slug":"spectacle-lumineux-surprise-de-la-mere-du-couple-sur-le-drone-de-mariage","status":"publish","type":"page","link":"https:\/\/ink7lab.com\/fr\/surprise-wedding-drone-light-show-from-the-mother-of-the-couple\/","title":{"rendered":"Spectacle lumineux surprise de la m\u00e8re du couple sur le drone de mariage"},"content":{"rendered":"<h3 class=\"wp-block-heading\">Spectacle de lumi\u00e8re surprise avec les drones de mariage par la m\u00e8re du couple<\/h3>\n\n\n\n<div class=\"wp-block-buttons is-layout-flex wp-block-buttons-is-layout-flex\">\n<div class=\"wp-block-button\"><a class=\"wp-block-button__link has-background wp-element-button\" style=\"border-radius:57px;background-color:#78d524\">150 Drones<\/a><\/div>\n\n\n\n<div class=\"wp-block-button\"><a class=\"wp-block-button__link has-background wp-element-button\" style=\"border-radius:57px;background-color:#78d524\">musique<\/a><\/div>\n\n\n\n<div class=\"wp-block-button\"><a class=\"wp-block-button__link has-background wp-element-button\" style=\"border-radius:57px;background-color:#78d524\">Ev\u00e9nement priv\u00e9<\/a><\/div>\n\n\n\n<div class=\"wp-block-button\"><a class=\"wp-block-button__link has-background wp-element-button\" style=\"border-radius:57px;background-color:#78d524\">mariage<\/a><\/div>\n<\/div>\n\n\n\n<figure class=\"wp-block-embed is-type-video is-provider-youtube wp-block-embed-youtube wp-embed-aspect-16-9 wp-has-aspect-ratio\"><div class=\"wp-block-embed__wrapper\">\n<iframe title=\"Un mariage de r\u00eave avec notre Drone Show\" width=\"1128\" height=\"635\" src=\"https:\/\/www.youtube.com\/embed\/zKOX81MbAkE?feature=oembed\" frameborder=\"0\" allow=\"accelerometer; autoplay; clipboard-write; encrypted-media; gyroscope; picture-in-picture; web-share\" referrerpolicy=\"strict-origin-when-cross-origin\" allowfullscreen><\/iframe>\n<\/div><\/figure>\n\n\n\n<div class=\"wp-block-columns is-layout-flex wp-container-core-columns-is-layout-9d6595d7 wp-block-columns-is-layout-flex\">\n<div class=\"wp-block-column is-layout-flow wp-block-column-is-layout-flow\" style=\"flex-basis:33.33%\">\n<ul class=\"wp-block-list\">\n<li>Ath\u00e8nes, Gr\u00e8ce<\/li>\n\n\n\n<li>20 juin 2024<\/li>\n<\/ul>\n<\/div>\n\n\n\n<div class=\"wp-block-column is-layout-flow wp-block-column-is-layout-flow\" style=\"flex-basis:66.66%\">\n<p>Pour le merveilleux couple Saif et Sarah, nous avons cr\u00e9\u00e9 un spectacle surprise. Ce r\u00eave est devenu r\u00e9alit\u00e9 gr\u00e2ce au souhait de leur m\u00e8re d'ajouter une touche suppl\u00e9mentaire \u00e0 leur soir\u00e9e sp\u00e9ciale. La maman avait beaucoup entendu parler de ces spectacles et voulait rendre la soir\u00e9e encore plus sp\u00e9ciale en organisant un \u00e9v\u00e9nement particulier lors de leur mariage.<\/p>\n\n\n\n<p>Nous avons tout pr\u00e9par\u00e9 en secret et, lorsque tout le monde \u00e9tait pr\u00e9sent pour le discours des mari\u00e9s, nous avons rapidement mis en place le spectacle.<\/p>\n\n\n\n<p>Nous avons apport\u00e9 un message tr\u00e8s personnel synchronis\u00e9 avec la musique de leur DJ pr\u00e9f\u00e9r\u00e9. En montrant leurs noms, mais aussi leurs mascottes. Le spectacle a \u00e9t\u00e9 m\u00e9ticuleusement chor\u00e9graphi\u00e9 pour montrer les liens qui les unissent, \u00e0 la fois individuellement et collectivement. M\u00eame leur logo a \u00e9t\u00e9 soigneusement anim\u00e9 dans le ciel.<\/p>\n\n\n\n<p>Les r\u00e9actions ont \u00e9t\u00e9 extraordinaires. D\u00e8s que les drones ont d\u00e9coll\u00e9, tout le monde \u00e9tait enchant\u00e9 et n'arrivait pas \u00e0 croire qu'il s'agissait d'un spectacle de lumi\u00e8re en direct. Nous avons soigneusement choisi l'emplacement pour un impact maximal et le succ\u00e8s \u00e9tait assur\u00e9. M\u00eame les organisateurs du mariage sont rest\u00e9s bouche b\u00e9e, car le spectacle a d\u00e9pass\u00e9 toutes les attentes.<\/p>\n\n\n\n<p>Apr\u00e8s le spectacle, les mari\u00e9s sont venus en personne nous remercier pour notre magnifique prestation. Mission accomplie.<\/p>\n<\/div>\n<\/div>\n\n\n\n<div style=\"height:50px\" aria-hidden=\"true\" class=\"wp-block-spacer\"><\/div>\n\n\n\n<h3 class=\"wp-block-heading\">\u00c9V\u00c9NEMENTS CONNEXES<\/h3>\n\n\n\n<div style=\"height:30px\" aria-hidden=\"true\" class=\"wp-block-spacer\"><\/div>\n\n\n\n<div class=\"wp-block-columns outerbox is-layout-flex wp-container-core-columns-is-layout-9d6595d7 wp-block-columns-is-layout-flex\">\n<div class=\"wp-block-column has-background is-layout-flow wp-block-column-is-layout-flow\" style=\"background-color:#19181a\">\n<figure class=\"wp-block-image size-large\"><img decoding=\"async\" width=\"1024\" height=\"1024\" src=\"https:\/\/ink7lab.com\/wp-content\/uploads\/2025\/06\/Verjaardag-Antonella-\u2013-11-1030x1030-1-1024x1024.png\" alt=\"\" class=\"wp-image-15861\" style=\"aspect-ratio:16\/9;object-fit:cover\" srcset=\"\" sizes=\"(max-width: 1024px) 100vw, 1024px\" data-srcset=\"\" \/><\/figure>\n\n\n\n<div class=\"wp-block-columns innerbox is-layout-flex wp-container-core-columns-is-layout-9d6595d7 wp-block-columns-is-layout-flex\">\n<div class=\"wp-block-column is-layout-flow wp-block-column-is-layout-flow\">\n<h3 class=\"wp-block-heading\"><a href=\"https:\/\/ink7lab.com\/fr\/%f0%9d%97%96%f0%9d%97%b2%f0%9d%97%b9%f0%9d%97%b2%f0%9d%97%af%f0%9d%97%bf%f0%9d%97%ae%f0%9d%98%81%f0%9d%97%b6%f0%9d%97%bb%f0%9d%97%b4-antonellas-%f0%9d%97%a4%f0%9d%98%82%f0%9d%97%b6\/\" title=\"\">\ud835\uddd6\ud835\uddf2\ud835\uddf9\ud835\uddf2\ud835\uddef\ud835\uddff\ud835\uddee\ud835\ude01\ud835\uddf6\ud835\uddfb\ud835\uddf4 Antonella \ud835\udde4\ud835\ude02\ud835\uddf6\ud835\uddfb\ud835\uddf0\ud835\uddf2\ud835\uddee\ud835\uddfb\u0303\ud835\uddf2\ud835\uddff\ud835\uddee dans un style spectaculaire<\/a><\/h3>\n\n\n\n<p><a href=\"https:\/\/ink7lab.com\/fr\/%f0%9d%97%96%f0%9d%97%b2%f0%9d%97%b9%f0%9d%97%b2%f0%9d%97%af%f0%9d%97%bf%f0%9d%97%ae%f0%9d%98%81%f0%9d%97%b6%f0%9d%97%bb%f0%9d%97%b4-antonellas-%f0%9d%97%a4%f0%9d%98%82%f0%9d%97%b6\/\" title=\"\">En savoir plus<\/a><\/p>\n<\/div>\n<\/div>\n<\/div>\n\n\n\n<div class=\"wp-block-column has-background is-layout-flow wp-block-column-is-layout-flow\" style=\"background-color:#19181a\">\n<figure class=\"wp-block-image size-large\"><img decoding=\"async\" width=\"1024\" height=\"1024\" src=\"https:\/\/ink7lab.com\/wp-content\/uploads\/2025\/06\/Construct-Euorpe-04-1024x1024.png\" alt=\"\" class=\"wp-image-15862\" style=\"aspect-ratio:16\/9;object-fit:cover\" srcset=\"https:\/\/ink7lab.com\/wp-content\/uploads\/2025\/06\/Construct-Euorpe-04-1024x1024.png 1024w, https:\/\/ink7lab.com\/wp-content\/uploads\/2025\/06\/Construct-Euorpe-04-300x300.png 300w, https:\/\/ink7lab.com\/wp-content\/uploads\/2025\/06\/Construct-Euorpe-04-150x150.png 150w, https:\/\/ink7lab.com\/wp-content\/uploads\/2025\/06\/Construct-Euorpe-04-768x768.png 768w, https:\/\/ink7lab.com\/wp-content\/uploads\/2025\/06\/Construct-Euorpe-04-800x800.png 800w, https:\/\/ink7lab.com\/wp-content\/uploads\/2025\/06\/Construct-Euorpe-04-560x560.png 560w, https:\/\/ink7lab.com\/wp-content\/uploads\/2025\/06\/Construct-Euorpe-04-250x250.png 250w, https:\/\/ink7lab.com\/wp-content\/uploads\/2025\/06\/Construct-Euorpe-04-120x120.png 120w, https:\/\/ink7lab.com\/wp-content\/uploads\/2025\/06\/Construct-Euorpe-04.png 1200w\" sizes=\"(max-width: 1024px) 100vw, 1024px\" \/><\/figure>\n\n\n\n<div class=\"wp-block-columns innerbox is-layout-flex wp-container-core-columns-is-layout-9d6595d7 wp-block-columns-is-layout-flex\">\n<div class=\"wp-block-column is-layout-flow wp-block-column-is-layout-flow\">\n<h3 class=\"wp-block-heading\"><a href=\"https:\/\/ink7lab.com\/fr\/spectacle-de-lumiere-par-drone-en-deux-parties-avec-un-orchestre-en-direct\/\" title=\"\">Spectacle de lumi\u00e8re par drone en deux parties avec orchestre en direct<\/a><\/h3>\n\n\n\n<p><a href=\"https:\/\/ink7lab.com\/fr\/spectacle-de-lumiere-par-drone-en-deux-parties-avec-un-orchestre-en-direct\/\" title=\"Lire la suite\"><a href=\"https:\/\/ink7lab.com\/fr\/%f0%9d%97%96%f0%9d%97%b2%f0%9d%97%b9%f0%9d%97%b2%f0%9d%97%af%f0%9d%97%bf%f0%9d%97%ae%f0%9d%98%81%f0%9d%97%b6%f0%9d%97%bb%f0%9d%97%b4-antonellas-%f0%9d%97%a4%f0%9d%98%82%f0%9d%97%b6\/\" title=\"\">En savoir plus<\/a><\/a><\/p>\n<\/div>\n<\/div>\n<\/div>\n<\/div>","protected":false},"excerpt":{"rendered":"Spettacolo di luci a sorpresa con droni per matrimonio dalla madre della","protected":false},"author":1,"featured_media":0,"parent":0,"menu_order":0,"comment_status":"closed","ping_status":"closed","template":"","meta":{"om_disable_all_campaigns":false,"_monsterinsights_skip_tracking":false,"_monsterinsights_sitenote_active":false,"_monsterinsights_sitenote_note":"","_monsterinsights_sitenote_category":0,"_uf_show_specific_survey":0,"_uf_disable_surveys":false,"footnotes":""},"class_list":["post-15957","page","type-page","status-publish","hentry"],"aioseo_notices":[],"_links":{"self":[{"href":"https:\/\/ink7lab.com\/fr\/wp-json\/wp\/v2\/pages\/15957","targetHints":{"allow":["GET"]}}],"collection":[{"href":"https:\/\/ink7lab.com\/fr\/wp-json\/wp\/v2\/pages"}],"about":[{"href":"https:\/\/ink7lab.com\/fr\/wp-json\/wp\/v2\/types\/page"}],"author":[{"embeddable":true,"href":"https:\/\/ink7lab.com\/fr\/wp-json\/wp\/v2\/users\/1"}],"replies":[{"embeddable":true,"href":"https:\/\/ink7lab.com\/fr\/wp-json\/wp\/v2\/comments?post=15957"}],"version-history":[{"count":0,"href":"https:\/\/ink7lab.com\/fr\/wp-json\/wp\/v2\/pages\/15957\/revisions"}],"wp:attachment":[{"href":"https:\/\/ink7lab.com\/fr\/wp-json\/wp\/v2\/media?parent=15957"}],"curies":[{"name":"wp","href":"https:\/\/api.w.org\/{rel}","templated":true}]}}