{"id":15962,"date":"2025-06-20T22:26:46","date_gmt":"2025-06-20T22:26:46","guid":{"rendered":"https:\/\/ink7lab.com\/?page_id=15962"},"modified":"2025-10-15T01:34:41","modified_gmt":"2025-10-15T01:34:41","slug":"celebration-du-nouvel-an-avec-des-drones-dans-le-centre-de-la-ville-de-malines","status":"publish","type":"page","link":"https:\/\/ink7lab.com\/fr\/new-years-eve-celebration-with-drones-in-the-center-of-mechelen-city\/","title":{"rendered":"C\u00e9l\u00e9bration du Nouvel An avec des drones dans le centre de Malines"},"content":{"rendered":"<h2 class=\"wp-block-heading\">R\u00e9veillon du Nouvel An avec des drones dans le centre-ville de Malines<\/h2>\n\n\n\n<div class=\"wp-block-buttons is-layout-flex wp-block-buttons-is-layout-flex\">\n<div class=\"wp-block-button\"><a class=\"wp-block-button__link has-background wp-element-button\" style=\"border-radius:57px;background-color:#78d524\">150 Drones<\/a><\/div>\n\n\n\n<div class=\"wp-block-button\"><a class=\"wp-block-button__link has-background wp-element-button\" style=\"border-radius:57px;background-color:#78d524\">musique<\/a><\/div>\n\n\n\n<div class=\"wp-block-button\"><a class=\"wp-block-button__link has-background wp-element-button\" style=\"border-radius:57px;background-color:#78d524\">new year\u2019s eve<\/a><\/div>\n\n\n\n<div class=\"wp-block-button\"><a class=\"wp-block-button__link has-background wp-element-button\" style=\"border-radius:57px;background-color:#78d524\">\u00c9v\u00e9nement public<\/a><\/div>\n<\/div>\n\n\n\n<figure class=\"wp-block-embed is-type-video is-provider-youtube wp-block-embed-youtube wp-embed-aspect-16-9 wp-has-aspect-ratio\"><div class=\"wp-block-embed__wrapper\">\n<iframe title=\"New Year&#039;s Eve Drone Show \u00e0 Malines, Belgique - Version compl\u00e8te\" width=\"1128\" height=\"635\" src=\"https:\/\/www.youtube.com\/embed\/MZl9EH9lQU4?feature=oembed\" frameborder=\"0\" allow=\"accelerometer; autoplay; clipboard-write; encrypted-media; gyroscope; picture-in-picture; web-share\" referrerpolicy=\"strict-origin-when-cross-origin\" allowfullscreen><\/iframe>\n<\/div><\/figure>\n\n\n\n<div class=\"wp-block-columns is-layout-flex wp-container-core-columns-is-layout-9d6595d7 wp-block-columns-is-layout-flex\">\n<div class=\"wp-block-column is-layout-flow wp-block-column-is-layout-flow\" style=\"flex-basis:33.33%\">\n<ul class=\"wp-block-list\">\n<li>Malines, Belgique<\/li>\n\n\n\n<li>31 d\u00e9cembre 2023<\/li>\n<\/ul>\n<\/div>\n\n\n\n<div class=\"wp-block-column is-layout-flow wp-block-column-is-layout-flow\" style=\"flex-basis:66.66%\">\n<p>La veille du Nouvel An entre 2023 et 2024, Malines a organis\u00e9 une f\u00eate sur la place du march\u00e9.<\/p>\n\n\n\n<p>In questo spettacolo, mettiamo in risalto diversi elementi iconici della citt\u00e0 di Mechelen. Si potevano vedere l\u2019iconico edificio di Technopolis e un panda con il cappello di Natale che rappresenta Planckendael.<\/p>\n\n\n\n<p>Malines est \u00e9galement la premi\u00e8re ville de Belgique \u00e0 \u00eatre reli\u00e9e au r\u00e9seau ferroviaire. Nous avons donc transform\u00e9 une ancienne locomotive \u00e0 vapeur en un nouveau train \u00e0 grande vitesse. Cela repr\u00e9sente la construction en cours de la nouvelle gare.<\/p>\n\n\n\n<p>Abbiamo anche incorporato \u201cde Maneblussers\u201d, un soprannome abbracciato dai cittadini, mostrando la luna che si spegne.<\/p>\n\n\n\n<p>Sur le ton de la f\u00eate, un r\u00e9veillon inoubliable.<\/p>\n\n\n\n<p><strong>Mise \u00e0 jour :<br><\/strong>Purtroppo, questo spettacolo \u00e8 un rendering dello spettacolo reale perch\u00e9, a Capodanno, il vento era eccezionalmente forte. I nostri droni hanno un raggio d\u2019azione molto ampio, ma tutti i fuochi d\u2019artificio nel quartiere, cos\u00ec come lo spettacolo dei droni, sono stati cancellati. Stiamo collaborando con la citt\u00e0 per trovare una nuova opportunit\u00e0 per questo spettacolo. <\/p>\n\n\n\n<p><strong>Mise \u00e0 jour :<br><\/strong>\u00c8 stato annunciato un nuovo spettacolo a Mechelen, il nostro primo spettacolo con droni in cui voleremo pi\u00f9 volte nella stessa serata insieme a un\u2019orchestra al completo. Date un\u2019occhiata!<\/p>\n<\/div>\n<\/div>\n\n\n\n<div style=\"height:50px\" aria-hidden=\"true\" class=\"wp-block-spacer\"><\/div>\n\n\n\n<h3 class=\"wp-block-heading\">\u00c9V\u00c9NEMENTS CONNEXES<\/h3>\n\n\n\n<div style=\"height:30px\" aria-hidden=\"true\" class=\"wp-block-spacer\"><\/div>\n\n\n\n<div class=\"wp-block-columns outerbox is-layout-flex wp-container-core-columns-is-layout-9d6595d7 wp-block-columns-is-layout-flex\">\n<div class=\"wp-block-column has-background is-layout-flow wp-block-column-is-layout-flow\" style=\"background-color:#19181a\">\n<figure class=\"wp-block-image size-large\"><img decoding=\"async\" width=\"1024\" height=\"1024\" src=\"https:\/\/ink7lab.com\/wp-content\/uploads\/2025\/06\/Verjaardag-Antonella-\u2013-11-1030x1030-1-1024x1024.png\" alt=\"\" class=\"wp-image-15861\" style=\"aspect-ratio:16\/9;object-fit:cover\" srcset=\"\" sizes=\"(max-width: 1024px) 100vw, 1024px\" data-srcset=\"\" \/><\/figure>\n\n\n\n<div class=\"wp-block-columns innerbox is-layout-flex wp-container-core-columns-is-layout-9d6595d7 wp-block-columns-is-layout-flex\">\n<div class=\"wp-block-column is-layout-flow wp-block-column-is-layout-flow\">\n<h3 class=\"wp-block-heading\"><a href=\"https:\/\/ink7lab.com\/fr\/%f0%9d%97%96%f0%9d%97%b2%f0%9d%97%b9%f0%9d%97%b2%f0%9d%97%af%f0%9d%97%bf%f0%9d%97%ae%f0%9d%98%81%f0%9d%97%b6%f0%9d%97%bb%f0%9d%97%b4-antonellas-%f0%9d%97%a4%f0%9d%98%82%f0%9d%97%b6\/\" title=\"\">\ud835\uddd6\ud835\uddf2\ud835\uddf9\ud835\uddf2\ud835\uddef\ud835\uddff\ud835\uddee\ud835\ude01\ud835\uddf6\ud835\uddfb\ud835\uddf4 Antonella \ud835\udde4\ud835\ude02\ud835\uddf6\ud835\uddfb\ud835\uddf0\ud835\uddf2\ud835\uddee\ud835\uddfb\u0303\ud835\uddf2\ud835\uddff\ud835\uddee dans un style spectaculaire<\/a><\/h3>\n\n\n\n<p><a href=\"https:\/\/ink7lab.com\/fr\/%f0%9d%97%96%f0%9d%97%b2%f0%9d%97%b9%f0%9d%97%b2%f0%9d%97%af%f0%9d%97%bf%f0%9d%97%ae%f0%9d%98%81%f0%9d%97%b6%f0%9d%97%bb%f0%9d%97%b4-antonellas-%f0%9d%97%a4%f0%9d%98%82%f0%9d%97%b6\/\" title=\"\">En savoir plus<\/a><\/p>\n<\/div>\n<\/div>\n<\/div>\n\n\n\n<div class=\"wp-block-column has-background is-layout-flow wp-block-column-is-layout-flow\" style=\"background-color:#19181a\">\n<figure class=\"wp-block-image size-large\"><img decoding=\"async\" width=\"1024\" height=\"1024\" src=\"https:\/\/ink7lab.com\/wp-content\/uploads\/2025\/06\/Construct-Euorpe-04-1024x1024.png\" alt=\"\" class=\"wp-image-15862\" style=\"aspect-ratio:16\/9;object-fit:cover\" srcset=\"https:\/\/ink7lab.com\/wp-content\/uploads\/2025\/06\/Construct-Euorpe-04-1024x1024.png 1024w, https:\/\/ink7lab.com\/wp-content\/uploads\/2025\/06\/Construct-Euorpe-04-300x300.png 300w, https:\/\/ink7lab.com\/wp-content\/uploads\/2025\/06\/Construct-Euorpe-04-150x150.png 150w, https:\/\/ink7lab.com\/wp-content\/uploads\/2025\/06\/Construct-Euorpe-04-768x768.png 768w, https:\/\/ink7lab.com\/wp-content\/uploads\/2025\/06\/Construct-Euorpe-04-800x800.png 800w, https:\/\/ink7lab.com\/wp-content\/uploads\/2025\/06\/Construct-Euorpe-04-560x560.png 560w, https:\/\/ink7lab.com\/wp-content\/uploads\/2025\/06\/Construct-Euorpe-04-250x250.png 250w, https:\/\/ink7lab.com\/wp-content\/uploads\/2025\/06\/Construct-Euorpe-04-120x120.png 120w, https:\/\/ink7lab.com\/wp-content\/uploads\/2025\/06\/Construct-Euorpe-04.png 1200w\" sizes=\"(max-width: 1024px) 100vw, 1024px\" \/><\/figure>\n\n\n\n<div class=\"wp-block-columns innerbox is-layout-flex wp-container-core-columns-is-layout-9d6595d7 wp-block-columns-is-layout-flex\">\n<div class=\"wp-block-column is-layout-flow wp-block-column-is-layout-flow\">\n<h3 class=\"wp-block-heading\"><a href=\"https:\/\/ink7lab.com\/fr\/spectacle-de-lumiere-par-drone-en-deux-parties-avec-un-orchestre-en-direct\/\" title=\"\">Spectacle de lumi\u00e8re par drone en deux parties avec orchestre en direct<\/a><\/h3>\n\n\n\n<p><a href=\"https:\/\/ink7lab.com\/fr\/spectacle-de-lumiere-par-drone-en-deux-parties-avec-un-orchestre-en-direct\/\" title=\"Lire la suite\"><a href=\"https:\/\/ink7lab.com\/fr\/%f0%9d%97%96%f0%9d%97%b2%f0%9d%97%b9%f0%9d%97%b2%f0%9d%97%af%f0%9d%97%bf%f0%9d%97%ae%f0%9d%98%81%f0%9d%97%b6%f0%9d%97%bb%f0%9d%97%b4-antonellas-%f0%9d%97%a4%f0%9d%98%82%f0%9d%97%b6\/\" title=\"\">En savoir plus<\/a><\/a><\/p>\n<\/div>\n<\/div>\n<\/div>\n<\/div>","protected":false},"excerpt":{"rendered":"Festa di Capodanno con droni nel centro della citt\u00e0 di Mechelen 150","protected":false},"author":1,"featured_media":0,"parent":0,"menu_order":0,"comment_status":"closed","ping_status":"closed","template":"","meta":{"om_disable_all_campaigns":false,"_monsterinsights_skip_tracking":false,"_monsterinsights_sitenote_active":false,"_monsterinsights_sitenote_note":"","_monsterinsights_sitenote_category":0,"_uf_show_specific_survey":0,"_uf_disable_surveys":false,"footnotes":""},"class_list":["post-15962","page","type-page","status-publish","hentry"],"aioseo_notices":[],"_links":{"self":[{"href":"https:\/\/ink7lab.com\/fr\/wp-json\/wp\/v2\/pages\/15962","targetHints":{"allow":["GET"]}}],"collection":[{"href":"https:\/\/ink7lab.com\/fr\/wp-json\/wp\/v2\/pages"}],"about":[{"href":"https:\/\/ink7lab.com\/fr\/wp-json\/wp\/v2\/types\/page"}],"author":[{"embeddable":true,"href":"https:\/\/ink7lab.com\/fr\/wp-json\/wp\/v2\/users\/1"}],"replies":[{"embeddable":true,"href":"https:\/\/ink7lab.com\/fr\/wp-json\/wp\/v2\/comments?post=15962"}],"version-history":[{"count":0,"href":"https:\/\/ink7lab.com\/fr\/wp-json\/wp\/v2\/pages\/15962\/revisions"}],"wp:attachment":[{"href":"https:\/\/ink7lab.com\/fr\/wp-json\/wp\/v2\/media?parent=15962"}],"curies":[{"name":"wp","href":"https:\/\/api.w.org\/{rel}","templated":true}]}}