{"id":15981,"date":"2025-06-20T22:50:18","date_gmt":"2025-06-20T22:50:18","guid":{"rendered":"https:\/\/ink7lab.com\/?page_id=15981"},"modified":"2025-10-15T01:35:37","modified_gmt":"2025-10-15T01:35:37","slug":"gala-extravaganza-de-drones-lors-de-la-fete-de-lannee-a-athenes-n1s","status":"publish","type":"page","link":"https:\/\/ink7lab.com\/fr\/gala-extravaganza-drone-show-during-n1s-athens-party-of-the-year\/","title":{"rendered":"Gala Extravaganza : spectacle de drones lors de la soir\u00e9e de l'ann\u00e9e \u00e0 Ath\u00e8nes organis\u00e9e par N1"},"content":{"rendered":"<figure class=\"wp-block-embed is-type-video is-provider-youtube wp-block-embed-youtube wp-embed-aspect-16-9 wp-has-aspect-ratio\"><div class=\"wp-block-embed__wrapper\">\n<iframe title=\"Gala \u00e0 Ath\u00e8nes : spectacle de drones \u00e0 la F\u00eate de l&#039;ann\u00e9e N1\" width=\"1128\" height=\"635\" src=\"https:\/\/www.youtube.com\/embed\/2j2CdGlVf88?feature=oembed\" frameborder=\"0\" allow=\"accelerometer; autoplay; clipboard-write; encrypted-media; gyroscope; picture-in-picture; web-share\" referrerpolicy=\"strict-origin-when-cross-origin\" allowfullscreen><\/iframe>\n<\/div><\/figure>\n\n\n\n<h3 class=\"wp-block-heading\">Gala Extravaganza : spectacle de drones lors de la c\u00e9l\u00e9bration de l'Ann\u00e9e de l'Europe par le N1 Ath\u00e8nes<\/h3>\n\n\n\n<div class=\"wp-block-buttons is-layout-flex wp-block-buttons-is-layout-flex\">\n<div class=\"wp-block-button\"><a class=\"wp-block-button__link has-background wp-element-button\" style=\"border-radius:57px;background-color:#78d524\">150 Drones<\/a><\/div>\n\n\n\n<div class=\"wp-block-button\"><a class=\"wp-block-button__link has-background wp-element-button\" style=\"border-radius:57px;background-color:#78d524\">\u00e9v\u00e9nement priv\u00e9<\/a><\/div>\n<\/div>\n\n\n\n<div class=\"wp-block-columns is-layout-flex wp-container-core-columns-is-layout-9d6595d7 wp-block-columns-is-layout-flex\">\n<div class=\"wp-block-column is-layout-flow wp-block-column-is-layout-flow\" style=\"flex-basis:33.33%\">\n<ul class=\"wp-block-list\">\n<li>Lemos, Ath\u00e8nes, Gr\u00e8ce<\/li>\n\n\n\n<li>11 octobre 2023<\/li>\n<\/ul>\n<\/div>\n\n\n\n<div class=\"wp-block-column is-layout-flow wp-block-column-is-layout-flow\" style=\"flex-basis:66.66%\">\n<p>N1 Casino Greece ha raggiunto un nuovo livello! A ottobre, ha organizzato un evento straordinario ad Atene con circa 300 ospiti, tra cui top player, influencer, celebrit\u00e0, star, imprenditori, politici e partner. Hanno presentato il primo spettacolo privato di droni in Grecia, che ha stupito tutti gli ospiti e la gente del posto. L\u2019headliner della festa, il famoso star trapper greco LIGHT, \u00e8 stato presentato dai nostri droni.<\/p>\n\n\n\n<p>L\u2019evento si \u00e8 svolto presso l\u2019esclusivo porto turistico, creando un\u2019atmosfera straordinaria. Il ristorante Moorings \u00e8 stato completamente trasformato per l\u2019occasione.<\/p>\n\n\n\n<p>Compte tenu de l'environnement vallonn\u00e9, nous avons d\u00e9coll\u00e9 des courts de tennis de l'h\u00f4tel Four Seasons, situ\u00e9s \u00e0 environ 300 m\u00e8tres. C'\u00e9tait excitant de survoler le point de d\u00e9collage !<\/p>\n\n\n\n<p>La zona di volo si trovava anche all\u2019interno della traiettoria di avvicinamento degli aerei in atterraggio all\u2019aeroporto internazionale di Atene. Questo non ha rappresentato un problema per la nostra licenza transfrontaliera, ma ringraziamo le autorit\u00e0 HCAA per la loro collaborazione e la rapida approvazione.<\/p>\n\n\n\n<p>Une fois de plus, ce fut un spectacle de drones parfait.<\/p>\n<\/div>\n<\/div>\n\n\n\n<div style=\"height:50px\" aria-hidden=\"true\" class=\"wp-block-spacer\"><\/div>\n\n\n\n<h3 class=\"wp-block-heading\">\u00c9V\u00c9NEMENTS CONNEXES<\/h3>\n\n\n\n<div style=\"height:30px\" aria-hidden=\"true\" class=\"wp-block-spacer\"><\/div>\n\n\n\n<div class=\"wp-block-columns outerbox is-layout-flex wp-container-core-columns-is-layout-9d6595d7 wp-block-columns-is-layout-flex\">\n<div class=\"wp-block-column has-background is-layout-flow wp-block-column-is-layout-flow\" style=\"background-color:#19181a\">\n<figure class=\"wp-block-image size-large\"><img decoding=\"async\" width=\"1024\" height=\"1024\" src=\"https:\/\/ink7lab.com\/wp-content\/uploads\/2025\/06\/Verjaardag-Antonella-\u2013-11-1030x1030-1-1024x1024.png\" alt=\"\" class=\"wp-image-15861\" style=\"aspect-ratio:16\/9;object-fit:cover\" srcset=\"\" sizes=\"(max-width: 1024px) 100vw, 1024px\" data-srcset=\"\" \/><\/figure>\n\n\n\n<div class=\"wp-block-columns innerbox is-layout-flex wp-container-core-columns-is-layout-9d6595d7 wp-block-columns-is-layout-flex\">\n<div class=\"wp-block-column is-layout-flow wp-block-column-is-layout-flow\">\n<h3 class=\"wp-block-heading\"><a href=\"https:\/\/ink7lab.com\/fr\/%f0%9d%97%96%f0%9d%97%b2%f0%9d%97%b9%f0%9d%97%b2%f0%9d%97%af%f0%9d%97%bf%f0%9d%97%ae%f0%9d%98%81%f0%9d%97%b6%f0%9d%97%bb%f0%9d%97%b4-antonellas-%f0%9d%97%a4%f0%9d%98%82%f0%9d%97%b6\/\" title=\"\">\ud835\uddd6\ud835\uddf2\ud835\uddf9\ud835\uddf2\ud835\uddef\ud835\uddff\ud835\uddee\ud835\ude01\ud835\uddf6\ud835\uddfb\ud835\uddf4 Antonella \ud835\udde4\ud835\ude02\ud835\uddf6\ud835\uddfb\ud835\uddf0\ud835\uddf2\ud835\uddee\ud835\uddfb\u0303\ud835\uddf2\ud835\uddff\ud835\uddee dans un style spectaculaire<\/a><\/h3>\n\n\n\n<p><a href=\"https:\/\/ink7lab.com\/fr\/%f0%9d%97%96%f0%9d%97%b2%f0%9d%97%b9%f0%9d%97%b2%f0%9d%97%af%f0%9d%97%bf%f0%9d%97%ae%f0%9d%98%81%f0%9d%97%b6%f0%9d%97%bb%f0%9d%97%b4-antonellas-%f0%9d%97%a4%f0%9d%98%82%f0%9d%97%b6\/\" title=\"\">En savoir plus<\/a><\/p>\n<\/div>\n<\/div>\n<\/div>\n\n\n\n<div class=\"wp-block-column has-background is-layout-flow wp-block-column-is-layout-flow\" style=\"background-color:#19181a\">\n<figure class=\"wp-block-image size-large\"><img decoding=\"async\" width=\"1024\" height=\"1024\" src=\"https:\/\/ink7lab.com\/wp-content\/uploads\/2025\/06\/Construct-Euorpe-04-1024x1024.png\" alt=\"\" class=\"wp-image-15862\" style=\"aspect-ratio:16\/9;object-fit:cover\" srcset=\"https:\/\/ink7lab.com\/wp-content\/uploads\/2025\/06\/Construct-Euorpe-04-1024x1024.png 1024w, https:\/\/ink7lab.com\/wp-content\/uploads\/2025\/06\/Construct-Euorpe-04-300x300.png 300w, https:\/\/ink7lab.com\/wp-content\/uploads\/2025\/06\/Construct-Euorpe-04-150x150.png 150w, https:\/\/ink7lab.com\/wp-content\/uploads\/2025\/06\/Construct-Euorpe-04-768x768.png 768w, https:\/\/ink7lab.com\/wp-content\/uploads\/2025\/06\/Construct-Euorpe-04-800x800.png 800w, https:\/\/ink7lab.com\/wp-content\/uploads\/2025\/06\/Construct-Euorpe-04-560x560.png 560w, https:\/\/ink7lab.com\/wp-content\/uploads\/2025\/06\/Construct-Euorpe-04-250x250.png 250w, https:\/\/ink7lab.com\/wp-content\/uploads\/2025\/06\/Construct-Euorpe-04-120x120.png 120w, https:\/\/ink7lab.com\/wp-content\/uploads\/2025\/06\/Construct-Euorpe-04.png 1200w\" sizes=\"(max-width: 1024px) 100vw, 1024px\" \/><\/figure>\n\n\n\n<div class=\"wp-block-columns innerbox is-layout-flex wp-container-core-columns-is-layout-9d6595d7 wp-block-columns-is-layout-flex\">\n<div class=\"wp-block-column is-layout-flow wp-block-column-is-layout-flow\">\n<h3 class=\"wp-block-heading\"><a href=\"https:\/\/ink7lab.com\/fr\/spectacle-de-lumiere-par-drone-en-deux-parties-avec-un-orchestre-en-direct\/\" title=\"\">Spectacle de lumi\u00e8re par drone en deux parties avec orchestre en direct<\/a><\/h3>\n\n\n\n<p><a href=\"https:\/\/ink7lab.com\/fr\/spectacle-de-lumiere-par-drone-en-deux-parties-avec-un-orchestre-en-direct\/\" title=\"Lire la suite\"><a href=\"https:\/\/ink7lab.com\/fr\/%f0%9d%97%96%f0%9d%97%b2%f0%9d%97%b9%f0%9d%97%b2%f0%9d%97%af%f0%9d%97%bf%f0%9d%97%ae%f0%9d%98%81%f0%9d%97%b6%f0%9d%97%bb%f0%9d%97%b4-antonellas-%f0%9d%97%a4%f0%9d%98%82%f0%9d%97%b6\/\" title=\"\">En savoir plus<\/a><\/a><\/p>\n<\/div>\n<\/div>\n<\/div>\n<\/div>","protected":false},"excerpt":{"rendered":"https:\/\/youtu.be\/2j2CdGlVf88?si=p5FBor_Ylm-dEvh0 Gala Extravaganza: spettacolo di droni durante la festa dell\u2019anno di Atene","protected":false},"author":1,"featured_media":0,"parent":0,"menu_order":0,"comment_status":"closed","ping_status":"closed","template":"","meta":{"om_disable_all_campaigns":false,"_monsterinsights_skip_tracking":false,"_monsterinsights_sitenote_active":false,"_monsterinsights_sitenote_note":"","_monsterinsights_sitenote_category":0,"_uf_show_specific_survey":0,"_uf_disable_surveys":false,"footnotes":""},"class_list":["post-15981","page","type-page","status-publish","hentry"],"aioseo_notices":[],"_links":{"self":[{"href":"https:\/\/ink7lab.com\/fr\/wp-json\/wp\/v2\/pages\/15981","targetHints":{"allow":["GET"]}}],"collection":[{"href":"https:\/\/ink7lab.com\/fr\/wp-json\/wp\/v2\/pages"}],"about":[{"href":"https:\/\/ink7lab.com\/fr\/wp-json\/wp\/v2\/types\/page"}],"author":[{"embeddable":true,"href":"https:\/\/ink7lab.com\/fr\/wp-json\/wp\/v2\/users\/1"}],"replies":[{"embeddable":true,"href":"https:\/\/ink7lab.com\/fr\/wp-json\/wp\/v2\/comments?post=15981"}],"version-history":[{"count":0,"href":"https:\/\/ink7lab.com\/fr\/wp-json\/wp\/v2\/pages\/15981\/revisions"}],"wp:attachment":[{"href":"https:\/\/ink7lab.com\/fr\/wp-json\/wp\/v2\/media?parent=15981"}],"curies":[{"name":"wp","href":"https:\/\/api.w.org\/{rel}","templated":true}]}}