{"id":16511,"date":"2025-08-08T13:50:05","date_gmt":"2025-08-08T13:50:05","guid":{"rendered":"https:\/\/ink7lab.com\/?page_id=16511"},"modified":"2025-10-28T15:06:10","modified_gmt":"2025-10-28T15:06:10","slug":"spectacles-drones-como-1907-como-cup-adidas","status":"publish","type":"page","link":"https:\/\/ink7lab.com\/fr\/drone-shows-portfolio\/spettacoli-droni-como-1907-como-cup-adidas\/","title":{"rendered":"Como 1907 | Como Cup et Adidas drone show"},"content":{"rendered":"<h3 class=\"wp-block-heading\">\ud83c\udfc6 Como Cup 2025 : le spectacle de drones d'ink7lab qui a transform\u00e9 le ciel du lac de C\u00f4me \ud83c\udf0c<\/h3>\n\n\n\n<div class=\"wp-block-buttons is-layout-flex wp-block-buttons-is-layout-flex\">\n<div class=\"wp-block-button\"><a class=\"wp-block-button__link has-background wp-element-button\" style=\"border-radius:57px;background-color:#78d524\">250 DRONES<\/a><\/div>\n\n\n\n<div class=\"wp-block-button\"><a class=\"wp-block-button__link has-background wp-element-button\" style=\"border-radius:57px;background-color:#78d524\">COMO CUP<\/a><\/div>\n\n\n\n<div class=\"wp-block-button\"><a class=\"wp-block-button__link has-background wp-element-button\" style=\"border-radius:57px;background-color:#78d524\">TOURNOI DE FOOTBALL<\/a><\/div>\n\n\n\n<div class=\"wp-block-button\"><a class=\"wp-block-button__link has-background wp-element-button\" style=\"border-radius:57px;background-color:#78d524\">\u00c9V\u00c9NEMENT DE CL\u00d4TURE<\/a><\/div>\n<\/div>\n\n\n\n<figure class=\"wp-block-embed is-type-video is-provider-youtube wp-block-embed-youtube wp-embed-aspect-16-9 wp-has-aspect-ratio\"><div class=\"wp-block-embed__wrapper\">\n<iframe title=\"Un final magique pour la Como Cup 2025 : le spectacle de drone d&#039;ink7lab a enchant\u00e9 le lac de C\u00f4me \u2728\" width=\"1128\" height=\"635\" src=\"https:\/\/www.youtube.com\/embed\/5x6VwkPB2L8?feature=oembed\" frameborder=\"0\" allow=\"accelerometer; autoplay; clipboard-write; encrypted-media; gyroscope; picture-in-picture; web-share\" referrerpolicy=\"strict-origin-when-cross-origin\" allowfullscreen><\/iframe>\n<\/div><\/figure>\n\n\n\n<div class=\"wp-block-columns is-layout-flex wp-container-core-columns-is-layout-9d6595d7 wp-block-columns-is-layout-flex\">\n<div class=\"wp-block-column is-layout-flow wp-block-column-is-layout-flow\" style=\"flex-basis:33.33%\">\n<ul class=\"wp-block-list\">\n<li>C\u00f4me, Italie<\/li>\n\n\n\n<li>27 juillet 2025<\/li>\n<\/ul>\n<\/div>\n\n\n\n<div class=\"wp-block-column is-layout-flow wp-block-column-is-layout-flow\" style=\"flex-basis:66.66%\">\n<h3 class=\"wp-block-heading\">\u26bd Une f\u00eate du football, de la culture et de la communaut\u00e9<\/h3>\n\n\n\n<p>La premi\u00e8re \u00e9dition du <strong>Coupe de C\u00f4me 2025<\/strong>, dans le cadre du festival <strong>Football sur le lac<\/strong>, L'\u00e9v\u00e9nement, qui s'est d\u00e9roul\u00e9 au mois d'octobre, a \u00e9t\u00e9 l'occasion de cinq jours extraordinaires de football, de musique, de culture et de divertissements.<br>Dans l'un des cadres les plus embl\u00e9matiques au monde - le <strong>Lac de C\u00f4me<\/strong> - quatre \u00e9quipes internationales ont enchant\u00e9 les fans et les spectateurs : <strong>C\u00f4me 1907<\/strong>, <strong>Ajax<\/strong>, <strong>Al-Ahli Saudi FC<\/strong> e <strong>Celtic FC<\/strong>.<\/p>\n\n\n\n<p>Les rues, les places et le stade <strong>Giuseppe Sinigaglia<\/strong> \u00e9taient remplis de fans, cr\u00e9ant une atmosph\u00e8re \u00e9lectrisante qui a r\u00e9uni des personnes du monde entier.<\/p>\n\n\n\n<hr class=\"wp-block-separator has-alpha-channel-opacity\"\/>\n\n\n\n<h2 class=\"wp-block-heading\">\ud83c\udfc5 La finale : la c\u00e9l\u00e9bration de C\u00f4me 1907 et de ses supporters<\/h2>\n\n\n\n<p>La finale entre <strong>C\u00f4me 1907 et Ajax<\/strong> a \u00e9t\u00e9 le point d'orgue de l'\u00e9v\u00e9nement. Apr\u00e8s un match intense, le coup de sifflet final a enflamm\u00e9 la joie des supporters lariens : une c\u00e9l\u00e9bration qui a d\u00e9pass\u00e9 le cadre du football, renfor\u00e7ant le lien entre la ville, l'\u00e9quipe et le territoire.<\/p>\n\n\n\n<p>Alors que le public applaudit la victoire, une invitation silencieuse se fait entendre : <strong>en regardant vers le ciel<\/strong>.<\/p>\n\n\n\n<hr class=\"wp-block-separator has-alpha-channel-opacity\"\/>\n\n\n\n<h2 class=\"wp-block-heading\">\ud83c\udf0c The Drone Show : l'art et la technologie r\u00e9unis en une seule exposition<\/h2>\n\n\n\n<h3 class=\"wp-block-heading\">\u2728 Un projet de ink7lab - Division And Lights<\/h3>\n\n\n\n<p>Fermeture de la <strong>Coupe de C\u00f4me 2025<\/strong> \u00e9tait un <strong>spectacle \u00e9pique de drones<\/strong> sign\u00e9 <strong>ink7lab - Division Et Lumi\u00e8res pour l'Italie et la Suisse<\/strong>, en collaboration avec <strong>C\u00f4me 1907<\/strong> e <strong>Adidas<\/strong>.<\/p>\n\n\n\n<p>Des centaines de drones ont transform\u00e9 le ciel du lac de C\u00f4me en une toile lumineuse, racontant les \u00e9motions du festival \u00e0 l'aide d'images embl\u00e9matiques et d'animations spectaculaires.<\/p>\n\n\n\n<p><\/p>\n\n\n\n<figure class=\"wp-block-embed is-type-video is-provider-youtube wp-block-embed-youtube wp-embed-aspect-16-9 wp-has-aspect-ratio\"><div class=\"wp-block-embed__wrapper\">\n<iframe title=\"\ud83c\udfa5 Drone Show - Full Video 1 | Como Cup 2025 - Lake Como by ink7lab\" width=\"1128\" height=\"635\" src=\"https:\/\/www.youtube.com\/embed\/DQXyIUB7ui0?feature=oembed\" frameborder=\"0\" allow=\"accelerometer; autoplay; clipboard-write; encrypted-media; gyroscope; picture-in-picture; web-share\" referrerpolicy=\"strict-origin-when-cross-origin\" allowfullscreen><\/iframe>\n<\/div><\/figure>\n\n\n\n<hr class=\"wp-block-separator has-alpha-channel-opacity\"\/>\n\n\n\n<h2 class=\"wp-block-heading\">\ud83c\udf1f Des histoires qui touchent tout le monde<\/h2>\n\n\n\n<p>Le spectacle de drone de <strong>laboratoire d'encre<\/strong>, qui a dur\u00e9 plus de <strong>12 minutes<\/strong>, a rejoint <strong>art, technologie et symbolisme<\/strong>:<\/p>\n\n\n\n<ul class=\"wp-block-list\">\n<li>\ud83c\udf0a Vagues de lumi\u00e8re inspir\u00e9es du lac de C\u00f4me<\/li>\n\n\n\n<li>\ud83c\udfa8 Couleurs et symboles des \u00e9quipes participantes<\/li>\n\n\n\n<li>\ud83c\udfc6 La Coupe de C\u00f4me suspendue parmi les \u00e9toiles<\/li>\n\n\n\n<li>\ud83d\udcab Messages d\u00e9di\u00e9s aux supporters, aux villes et aux valeurs du sport<\/li>\n<\/ul>\n\n\n\n<p><\/p>\n\n\n\n<figure class=\"wp-block-gallery has-nested-images columns-default is-cropped wp-block-gallery-1 is-layout-flex wp-block-gallery-is-layout-flex\">\n<figure class=\"wp-block-image size-large\"><img decoding=\"async\" width=\"577\" height=\"1024\" data-id=\"16423\" src=\"https:\/\/ink7lab.com\/wp-content\/uploads\/2025\/07\/WhatsApp-Image-2025-07-31-at-10.31.35-577x1024.jpeg\" alt=\"\" class=\"wp-image-16423\" srcset=\"https:\/\/ink7lab.com\/wp-content\/uploads\/2025\/07\/WhatsApp-Image-2025-07-31-at-10.31.35-577x1024.jpeg 577w, https:\/\/ink7lab.com\/wp-content\/uploads\/2025\/07\/WhatsApp-Image-2025-07-31-at-10.31.35-169x300.jpeg 169w, https:\/\/ink7lab.com\/wp-content\/uploads\/2025\/07\/WhatsApp-Image-2025-07-31-at-10.31.35-768x1364.jpeg 768w, https:\/\/ink7lab.com\/wp-content\/uploads\/2025\/07\/WhatsApp-Image-2025-07-31-at-10.31.35-865x1536.jpeg 865w, https:\/\/ink7lab.com\/wp-content\/uploads\/2025\/07\/WhatsApp-Image-2025-07-31-at-10.31.35-800x1421.jpeg 800w, https:\/\/ink7lab.com\/wp-content\/uploads\/2025\/07\/WhatsApp-Image-2025-07-31-at-10.31.35-560x995.jpeg 560w, https:\/\/ink7lab.com\/wp-content\/uploads\/2025\/07\/WhatsApp-Image-2025-07-31-at-10.31.35.jpeg 1126w\" sizes=\"(max-width: 577px) 100vw, 577px\" \/><\/figure>\n\n\n\n<figure class=\"wp-block-image size-large\"><img decoding=\"async\" width=\"1024\" height=\"1024\" data-id=\"16421\" src=\"https:\/\/ink7lab.com\/wp-content\/uploads\/2025\/07\/WhatsApp-Image-2025-07-30-at-13.52.42-1024x1024.jpeg\" alt=\"\" class=\"wp-image-16421\" srcset=\"https:\/\/ink7lab.com\/wp-content\/uploads\/2025\/07\/WhatsApp-Image-2025-07-30-at-13.52.42-1024x1024.jpeg 1024w, https:\/\/ink7lab.com\/wp-content\/uploads\/2025\/07\/WhatsApp-Image-2025-07-30-at-13.52.42-300x300.jpeg 300w, https:\/\/ink7lab.com\/wp-content\/uploads\/2025\/07\/WhatsApp-Image-2025-07-30-at-13.52.42-150x150.jpeg 150w, https:\/\/ink7lab.com\/wp-content\/uploads\/2025\/07\/WhatsApp-Image-2025-07-30-at-13.52.42-768x768.jpeg 768w, https:\/\/ink7lab.com\/wp-content\/uploads\/2025\/07\/WhatsApp-Image-2025-07-30-at-13.52.42-800x800.jpeg 800w, https:\/\/ink7lab.com\/wp-content\/uploads\/2025\/07\/WhatsApp-Image-2025-07-30-at-13.52.42-560x560.jpeg 560w, https:\/\/ink7lab.com\/wp-content\/uploads\/2025\/07\/WhatsApp-Image-2025-07-30-at-13.52.42-250x250.jpeg 250w, https:\/\/ink7lab.com\/wp-content\/uploads\/2025\/07\/WhatsApp-Image-2025-07-30-at-13.52.42-120x120.jpeg 120w, https:\/\/ink7lab.com\/wp-content\/uploads\/2025\/07\/WhatsApp-Image-2025-07-30-at-13.52.42.jpeg 1200w\" sizes=\"(max-width: 1024px) 100vw, 1024px\" \/><\/figure>\n\n\n\n<figure class=\"wp-block-image size-large\"><img decoding=\"async\" width=\"1024\" height=\"1024\" data-id=\"16416\" src=\"https:\/\/ink7lab.com\/wp-content\/uploads\/2025\/07\/WhatsApp-Image-2025-07-30-at-13.47.41-1024x1024.jpeg\" alt=\"\" class=\"wp-image-16416\" srcset=\"https:\/\/ink7lab.com\/wp-content\/uploads\/2025\/07\/WhatsApp-Image-2025-07-30-at-13.47.41-1024x1024.jpeg 1024w, https:\/\/ink7lab.com\/wp-content\/uploads\/2025\/07\/WhatsApp-Image-2025-07-30-at-13.47.41-300x300.jpeg 300w, https:\/\/ink7lab.com\/wp-content\/uploads\/2025\/07\/WhatsApp-Image-2025-07-30-at-13.47.41-150x150.jpeg 150w, https:\/\/ink7lab.com\/wp-content\/uploads\/2025\/07\/WhatsApp-Image-2025-07-30-at-13.47.41-768x768.jpeg 768w, https:\/\/ink7lab.com\/wp-content\/uploads\/2025\/07\/WhatsApp-Image-2025-07-30-at-13.47.41-800x800.jpeg 800w, https:\/\/ink7lab.com\/wp-content\/uploads\/2025\/07\/WhatsApp-Image-2025-07-30-at-13.47.41-560x560.jpeg 560w, https:\/\/ink7lab.com\/wp-content\/uploads\/2025\/07\/WhatsApp-Image-2025-07-30-at-13.47.41-250x250.jpeg 250w, https:\/\/ink7lab.com\/wp-content\/uploads\/2025\/07\/WhatsApp-Image-2025-07-30-at-13.47.41-120x120.jpeg 120w, https:\/\/ink7lab.com\/wp-content\/uploads\/2025\/07\/WhatsApp-Image-2025-07-30-at-13.47.41.jpeg 1200w\" sizes=\"(max-width: 1024px) 100vw, 1024px\" \/><\/figure>\n\n\n\n<figure class=\"wp-block-image size-large\"><img decoding=\"async\" width=\"1024\" height=\"1024\" data-id=\"16420\" src=\"https:\/\/ink7lab.com\/wp-content\/uploads\/2025\/07\/WhatsApp-Image-2025-07-30-at-13.47.41-4-1024x1024.jpeg\" alt=\"\" class=\"wp-image-16420\" srcset=\"https:\/\/ink7lab.com\/wp-content\/uploads\/2025\/07\/WhatsApp-Image-2025-07-30-at-13.47.41-4-1024x1024.jpeg 1024w, https:\/\/ink7lab.com\/wp-content\/uploads\/2025\/07\/WhatsApp-Image-2025-07-30-at-13.47.41-4-300x300.jpeg 300w, https:\/\/ink7lab.com\/wp-content\/uploads\/2025\/07\/WhatsApp-Image-2025-07-30-at-13.47.41-4-150x150.jpeg 150w, https:\/\/ink7lab.com\/wp-content\/uploads\/2025\/07\/WhatsApp-Image-2025-07-30-at-13.47.41-4-768x768.jpeg 768w, https:\/\/ink7lab.com\/wp-content\/uploads\/2025\/07\/WhatsApp-Image-2025-07-30-at-13.47.41-4-800x800.jpeg 800w, https:\/\/ink7lab.com\/wp-content\/uploads\/2025\/07\/WhatsApp-Image-2025-07-30-at-13.47.41-4-560x560.jpeg 560w, https:\/\/ink7lab.com\/wp-content\/uploads\/2025\/07\/WhatsApp-Image-2025-07-30-at-13.47.41-4-250x250.jpeg 250w, https:\/\/ink7lab.com\/wp-content\/uploads\/2025\/07\/WhatsApp-Image-2025-07-30-at-13.47.41-4-120x120.jpeg 120w, https:\/\/ink7lab.com\/wp-content\/uploads\/2025\/07\/WhatsApp-Image-2025-07-30-at-13.47.41-4.jpeg 1200w\" sizes=\"(max-width: 1024px) 100vw, 1024px\" \/><\/figure>\n\n\n\n<figure class=\"wp-block-image size-large\"><img decoding=\"async\" width=\"1024\" height=\"1024\" data-id=\"16419\" src=\"https:\/\/ink7lab.com\/wp-content\/uploads\/2025\/07\/WhatsApp-Image-2025-07-30-at-13.47.41-3-1024x1024.jpeg\" alt=\"\" class=\"wp-image-16419\" srcset=\"https:\/\/ink7lab.com\/wp-content\/uploads\/2025\/07\/WhatsApp-Image-2025-07-30-at-13.47.41-3-1024x1024.jpeg 1024w, https:\/\/ink7lab.com\/wp-content\/uploads\/2025\/07\/WhatsApp-Image-2025-07-30-at-13.47.41-3-300x300.jpeg 300w, https:\/\/ink7lab.com\/wp-content\/uploads\/2025\/07\/WhatsApp-Image-2025-07-30-at-13.47.41-3-150x150.jpeg 150w, https:\/\/ink7lab.com\/wp-content\/uploads\/2025\/07\/WhatsApp-Image-2025-07-30-at-13.47.41-3-768x768.jpeg 768w, https:\/\/ink7lab.com\/wp-content\/uploads\/2025\/07\/WhatsApp-Image-2025-07-30-at-13.47.41-3-800x800.jpeg 800w, https:\/\/ink7lab.com\/wp-content\/uploads\/2025\/07\/WhatsApp-Image-2025-07-30-at-13.47.41-3-560x560.jpeg 560w, https:\/\/ink7lab.com\/wp-content\/uploads\/2025\/07\/WhatsApp-Image-2025-07-30-at-13.47.41-3-250x250.jpeg 250w, https:\/\/ink7lab.com\/wp-content\/uploads\/2025\/07\/WhatsApp-Image-2025-07-30-at-13.47.41-3-120x120.jpeg 120w, https:\/\/ink7lab.com\/wp-content\/uploads\/2025\/07\/WhatsApp-Image-2025-07-30-at-13.47.41-3.jpeg 1200w\" sizes=\"(max-width: 1024px) 100vw, 1024px\" \/><\/figure>\n\n\n\n<figure class=\"wp-block-image size-large\"><img decoding=\"async\" width=\"1024\" height=\"1024\" data-id=\"16418\" src=\"https:\/\/ink7lab.com\/wp-content\/uploads\/2025\/07\/WhatsApp-Image-2025-07-30-at-13.47.41-2-1024x1024.jpeg\" alt=\"\" class=\"wp-image-16418\" srcset=\"https:\/\/ink7lab.com\/wp-content\/uploads\/2025\/07\/WhatsApp-Image-2025-07-30-at-13.47.41-2-1024x1024.jpeg 1024w, https:\/\/ink7lab.com\/wp-content\/uploads\/2025\/07\/WhatsApp-Image-2025-07-30-at-13.47.41-2-300x300.jpeg 300w, https:\/\/ink7lab.com\/wp-content\/uploads\/2025\/07\/WhatsApp-Image-2025-07-30-at-13.47.41-2-150x150.jpeg 150w, https:\/\/ink7lab.com\/wp-content\/uploads\/2025\/07\/WhatsApp-Image-2025-07-30-at-13.47.41-2-768x768.jpeg 768w, https:\/\/ink7lab.com\/wp-content\/uploads\/2025\/07\/WhatsApp-Image-2025-07-30-at-13.47.41-2-800x800.jpeg 800w, https:\/\/ink7lab.com\/wp-content\/uploads\/2025\/07\/WhatsApp-Image-2025-07-30-at-13.47.41-2-560x560.jpeg 560w, https:\/\/ink7lab.com\/wp-content\/uploads\/2025\/07\/WhatsApp-Image-2025-07-30-at-13.47.41-2-250x250.jpeg 250w, https:\/\/ink7lab.com\/wp-content\/uploads\/2025\/07\/WhatsApp-Image-2025-07-30-at-13.47.41-2-120x120.jpeg 120w, https:\/\/ink7lab.com\/wp-content\/uploads\/2025\/07\/WhatsApp-Image-2025-07-30-at-13.47.41-2.jpeg 1200w\" sizes=\"(max-width: 1024px) 100vw, 1024px\" \/><\/figure>\n\n\n\n<figure class=\"wp-block-image size-large\"><img decoding=\"async\" width=\"1024\" height=\"1024\" data-id=\"16415\" src=\"https:\/\/ink7lab.com\/wp-content\/uploads\/2025\/07\/WhatsApp-Image-2025-07-30-at-13.47.40-3-1024x1024.jpeg\" alt=\"\" class=\"wp-image-16415\" srcset=\"https:\/\/ink7lab.com\/wp-content\/uploads\/2025\/07\/WhatsApp-Image-2025-07-30-at-13.47.40-3-1024x1024.jpeg 1024w, https:\/\/ink7lab.com\/wp-content\/uploads\/2025\/07\/WhatsApp-Image-2025-07-30-at-13.47.40-3-300x300.jpeg 300w, https:\/\/ink7lab.com\/wp-content\/uploads\/2025\/07\/WhatsApp-Image-2025-07-30-at-13.47.40-3-150x150.jpeg 150w, https:\/\/ink7lab.com\/wp-content\/uploads\/2025\/07\/WhatsApp-Image-2025-07-30-at-13.47.40-3-768x768.jpeg 768w, https:\/\/ink7lab.com\/wp-content\/uploads\/2025\/07\/WhatsApp-Image-2025-07-30-at-13.47.40-3-800x800.jpeg 800w, https:\/\/ink7lab.com\/wp-content\/uploads\/2025\/07\/WhatsApp-Image-2025-07-30-at-13.47.40-3-560x560.jpeg 560w, https:\/\/ink7lab.com\/wp-content\/uploads\/2025\/07\/WhatsApp-Image-2025-07-30-at-13.47.40-3-250x250.jpeg 250w, https:\/\/ink7lab.com\/wp-content\/uploads\/2025\/07\/WhatsApp-Image-2025-07-30-at-13.47.40-3-120x120.jpeg 120w, https:\/\/ink7lab.com\/wp-content\/uploads\/2025\/07\/WhatsApp-Image-2025-07-30-at-13.47.40-3.jpeg 1200w\" sizes=\"(max-width: 1024px) 100vw, 1024px\" \/><\/figure>\n\n\n\n<figure class=\"wp-block-image size-large\"><img decoding=\"async\" width=\"1024\" height=\"1024\" data-id=\"16412\" src=\"https:\/\/ink7lab.com\/wp-content\/uploads\/2025\/07\/WhatsApp-Image-2025-07-30-at-13.47.40-1-1024x1024.jpeg\" alt=\"\" class=\"wp-image-16412\" srcset=\"https:\/\/ink7lab.com\/wp-content\/uploads\/2025\/07\/WhatsApp-Image-2025-07-30-at-13.47.40-1-1024x1024.jpeg 1024w, https:\/\/ink7lab.com\/wp-content\/uploads\/2025\/07\/WhatsApp-Image-2025-07-30-at-13.47.40-1-300x300.jpeg 300w, https:\/\/ink7lab.com\/wp-content\/uploads\/2025\/07\/WhatsApp-Image-2025-07-30-at-13.47.40-1-150x150.jpeg 150w, https:\/\/ink7lab.com\/wp-content\/uploads\/2025\/07\/WhatsApp-Image-2025-07-30-at-13.47.40-1-768x768.jpeg 768w, https:\/\/ink7lab.com\/wp-content\/uploads\/2025\/07\/WhatsApp-Image-2025-07-30-at-13.47.40-1-800x800.jpeg 800w, https:\/\/ink7lab.com\/wp-content\/uploads\/2025\/07\/WhatsApp-Image-2025-07-30-at-13.47.40-1-560x560.jpeg 560w, https:\/\/ink7lab.com\/wp-content\/uploads\/2025\/07\/WhatsApp-Image-2025-07-30-at-13.47.40-1-250x250.jpeg 250w, https:\/\/ink7lab.com\/wp-content\/uploads\/2025\/07\/WhatsApp-Image-2025-07-30-at-13.47.40-1-120x120.jpeg 120w, https:\/\/ink7lab.com\/wp-content\/uploads\/2025\/07\/WhatsApp-Image-2025-07-30-at-13.47.40-1.jpeg 1200w\" sizes=\"(max-width: 1024px) 100vw, 1024px\" \/><\/figure>\n<\/figure>\n\n\n\n<hr class=\"wp-block-separator has-alpha-channel-opacity\"\/>\n\n\n\n<h2 class=\"wp-block-heading\">\ud83d\udc4f La r\u00e9action du public<\/h2>\n\n\n\n<p>Tonnerre d'applaudissements, ch\u0153urs et yeux lev\u00e9s vers le ciel : la r\u00e9action du public a \u00e9t\u00e9 extraordinaire.<br>Le spectacle de drone de <strong>laboratoire d'encre<\/strong> n'a pas seulement c\u00e9l\u00e9br\u00e9 la victoire de la <strong>C\u00f4me 1907<\/strong>, mais a rendu hommage au festival <strong>Football sur le lac<\/strong> et sa capacit\u00e9 \u00e0 unir le sport, la culture et la communaut\u00e9.<\/p>\n\n\n\n<hr class=\"wp-block-separator has-alpha-channel-opacity\"\/>\n\n\n\n<h2 class=\"wp-block-heading\">\ud83e\udd1d Collaboration d'excellence<\/h2>\n\n\n\n<p>Le succ\u00e8s de l'\u00e9v\u00e9nement a \u00e9t\u00e9 possible gr\u00e2ce \u00e0 la parfaite synergie entre <strong>ink7lab - Division Et Lumi\u00e8res pour l'Italie et la Suisse<\/strong>, <strong>C\u00f4me 1907<\/strong> e <strong>Adidas<\/strong>, qui ont \u0153uvr\u00e9 pour garantir un spectacle s\u00fbr et de renomm\u00e9e internationale.<\/p>\n\n\n\n<hr class=\"wp-block-separator has-alpha-channel-opacity\"\/>\n\n\n\n<h2 class=\"wp-block-heading\">\ud83c\udf0d Football On The Lake : l'avenir des \u00e9v\u00e9nements \u00e0 C\u00f4me<\/h2>\n\n\n\n<p>La <strong>Coupe C\u00f4me<\/strong> et le festival <strong>Football sur le lac<\/strong> ont montr\u00e9 comment le sport, le divertissement et le spectacle peuvent coexister pour cr\u00e9er des exp\u00e9riences m\u00e9morables.<\/p>\n\n\n\n<p>Les images du ciel illumin\u00e9 ont fait le tour des m\u00e9dias sociaux, devenant un symbole de la ville et de l'Union europ\u00e9enne. <strong>Lac de C\u00f4me<\/strong>.<\/p>\n<\/div>\n<\/div>\n\n\n\n<figure class=\"wp-block-embed is-type-video is-provider-youtube wp-block-embed-youtube wp-embed-aspect-16-9 wp-has-aspect-ratio\"><div class=\"wp-block-embed__wrapper\">\n<iframe title=\"Un spectacle de drones ink7lab, ce n&#039;est pas seulement un spectacle : c&#039;est de la pr\u00e9cision, de l&#039;\u00e9motion et une signature unique dans le ciel.\" width=\"1128\" height=\"635\" src=\"https:\/\/www.youtube.com\/embed\/UTZqz3akDak?feature=oembed\" frameborder=\"0\" allow=\"accelerometer; autoplay; clipboard-write; encrypted-media; gyroscope; picture-in-picture; web-share\" referrerpolicy=\"strict-origin-when-cross-origin\" allowfullscreen><\/iframe>\n<\/div><\/figure>\n\n\n\n<div style=\"height:50px\" aria-hidden=\"true\" class=\"wp-block-spacer\"><\/div>\n\n\n\n<h3 class=\"wp-block-heading\">\u00c9V\u00c9NEMENTS CONNEXES<\/h3>\n\n\n\n<div style=\"height:50px\" aria-hidden=\"true\" class=\"wp-block-spacer\"><\/div>\n\n\n\n<div class=\"wp-block-columns outerbox is-layout-flex wp-container-core-columns-is-layout-9d6595d7 wp-block-columns-is-layout-flex\">\n<div class=\"wp-block-column has-background is-layout-flow wp-block-column-is-layout-flow\" style=\"background-color:#19181a\">\n<figure class=\"wp-block-image size-large\"><img decoding=\"async\" width=\"1024\" height=\"1024\" src=\"https:\/\/ink7lab.com\/wp-content\/uploads\/2025\/06\/Verjaardag-Antonella-\u2013-11-1030x1030-1-1024x1024.png\" alt=\"\" class=\"wp-image-15861\" style=\"aspect-ratio:16\/9;object-fit:cover\" srcset=\"\" sizes=\"(max-width: 1024px) 100vw, 1024px\" data-srcset=\"\" \/><\/figure>\n\n\n\n<div class=\"wp-block-columns innerbox is-layout-flex wp-container-core-columns-is-layout-9d6595d7 wp-block-columns-is-layout-flex\">\n<div class=\"wp-block-column is-layout-flow wp-block-column-is-layout-flow\">\n<h3 class=\"wp-block-heading\"><a href=\"https:\/\/ink7lab.com\/fr\/%f0%9d%97%96%f0%9d%97%b2%f0%9d%97%b9%f0%9d%97%b2%f0%9d%97%af%f0%9d%97%bf%f0%9d%97%ae%f0%9d%98%81%f0%9d%97%b6%f0%9d%97%bb%f0%9d%97%b4-antonellas-%f0%9d%97%a4%f0%9d%98%82%f0%9d%97%b6\/\" title=\"\">\ud835\uddd6\ud835\uddf2\ud835\uddf9\ud835\uddf2\ud835\uddef\ud835\uddff\ud835\uddee\ud835\ude01\ud835\uddf6\ud835\uddfb\ud835\uddf4 Antonella \ud835\udde4\ud835\ude02\ud835\uddf6\ud835\uddfb\ud835\uddf0\ud835\uddf2\ud835\uddee\ud835\uddfb\u0303\ud835\uddf2\ud835\uddff\ud835\uddee dans un style spectaculaire<\/a><\/h3>\n\n\n\n<p><a href=\"https:\/\/ink7lab.com\/fr\/%f0%9d%97%96%f0%9d%97%b2%f0%9d%97%b9%f0%9d%97%b2%f0%9d%97%af%f0%9d%97%bf%f0%9d%97%ae%f0%9d%98%81%f0%9d%97%b6%f0%9d%97%bb%f0%9d%97%b4-antonellas-%f0%9d%97%a4%f0%9d%98%82%f0%9d%97%b6\/\" title=\"\">En savoir plus<\/a><\/p>\n<\/div>\n<\/div>\n<\/div>\n\n\n\n<div class=\"wp-block-column has-background is-layout-flow wp-block-column-is-layout-flow\" style=\"background-color:#19181a\">\n<figure class=\"wp-block-image size-large\"><img decoding=\"async\" width=\"1024\" height=\"1024\" src=\"https:\/\/ink7lab.com\/wp-content\/uploads\/2025\/06\/Construct-Euorpe-04-1024x1024.png\" alt=\"\" class=\"wp-image-15862\" style=\"aspect-ratio:16\/9;object-fit:cover\" srcset=\"https:\/\/ink7lab.com\/wp-content\/uploads\/2025\/06\/Construct-Euorpe-04-1024x1024.png 1024w, https:\/\/ink7lab.com\/wp-content\/uploads\/2025\/06\/Construct-Euorpe-04-300x300.png 300w, https:\/\/ink7lab.com\/wp-content\/uploads\/2025\/06\/Construct-Euorpe-04-150x150.png 150w, https:\/\/ink7lab.com\/wp-content\/uploads\/2025\/06\/Construct-Euorpe-04-768x768.png 768w, https:\/\/ink7lab.com\/wp-content\/uploads\/2025\/06\/Construct-Euorpe-04-800x800.png 800w, https:\/\/ink7lab.com\/wp-content\/uploads\/2025\/06\/Construct-Euorpe-04-560x560.png 560w, https:\/\/ink7lab.com\/wp-content\/uploads\/2025\/06\/Construct-Euorpe-04-250x250.png 250w, https:\/\/ink7lab.com\/wp-content\/uploads\/2025\/06\/Construct-Euorpe-04-120x120.png 120w, https:\/\/ink7lab.com\/wp-content\/uploads\/2025\/06\/Construct-Euorpe-04.png 1200w\" sizes=\"(max-width: 1024px) 100vw, 1024px\" \/><\/figure>\n\n\n\n<div class=\"wp-block-columns innerbox is-layout-flex wp-container-core-columns-is-layout-9d6595d7 wp-block-columns-is-layout-flex\">\n<div class=\"wp-block-column is-layout-flow wp-block-column-is-layout-flow\">\n<h3 class=\"wp-block-heading\"><a href=\"https:\/\/ink7lab.com\/fr\/spectacle-de-lumiere-par-drone-en-deux-parties-avec-un-orchestre-en-direct\/\" title=\"\">Spectacle de lumi\u00e8re par drone en deux parties avec orchestre en direct<\/a><\/h3>\n\n\n\n<p><a href=\"https:\/\/ink7lab.com\/fr\/spectacle-de-lumiere-par-drone-en-deux-parties-avec-un-orchestre-en-direct\/\" title=\"Lire la suite\">En savoir plus<\/a><\/p>\n<\/div>\n<\/div>\n<\/div>\n<\/div>","protected":false},"excerpt":{"rendered":"\ud83c\udfc6 Como Cup 2025: il drone show di ink7lab che ha trasformato","protected":false},"author":1,"featured_media":16421,"parent":15845,"menu_order":0,"comment_status":"closed","ping_status":"closed","template":"","meta":{"om_disable_all_campaigns":false,"_monsterinsights_skip_tracking":false,"_monsterinsights_sitenote_active":false,"_monsterinsights_sitenote_note":"","_monsterinsights_sitenote_category":0,"_uf_show_specific_survey":0,"_uf_disable_surveys":false,"footnotes":""},"class_list":["post-16511","page","type-page","status-publish","has-post-thumbnail","hentry"],"aioseo_notices":[],"_links":{"self":[{"href":"https:\/\/ink7lab.com\/fr\/wp-json\/wp\/v2\/pages\/16511","targetHints":{"allow":["GET"]}}],"collection":[{"href":"https:\/\/ink7lab.com\/fr\/wp-json\/wp\/v2\/pages"}],"about":[{"href":"https:\/\/ink7lab.com\/fr\/wp-json\/wp\/v2\/types\/page"}],"author":[{"embeddable":true,"href":"https:\/\/ink7lab.com\/fr\/wp-json\/wp\/v2\/users\/1"}],"replies":[{"embeddable":true,"href":"https:\/\/ink7lab.com\/fr\/wp-json\/wp\/v2\/comments?post=16511"}],"version-history":[{"count":0,"href":"https:\/\/ink7lab.com\/fr\/wp-json\/wp\/v2\/pages\/16511\/revisions"}],"up":[{"embeddable":true,"href":"https:\/\/ink7lab.com\/fr\/wp-json\/wp\/v2\/pages\/15845"}],"wp:featuredmedia":[{"embeddable":true,"href":"https:\/\/ink7lab.com\/fr\/wp-json\/wp\/v2\/media\/16421"}],"wp:attachment":[{"href":"https:\/\/ink7lab.com\/fr\/wp-json\/wp\/v2\/media?parent=16511"}],"curies":[{"name":"wp","href":"https:\/\/api.w.org\/{rel}","templated":true}]}}