{"id":17012,"date":"2025-10-12T00:29:49","date_gmt":"2025-10-12T00:29:49","guid":{"rendered":"https:\/\/ink7lab.com\/?page_id=17012"},"modified":"2025-10-15T01:24:11","modified_gmt":"2025-10-15T01:24:11","slug":"spectacle-de-drone-au-devils-club-fin-de-saison-2025","status":"publish","type":"page","link":"https:\/\/ink7lab.com\/fr\/drone-show-al-club-del-diavolo-finale-di-stagione-2025\/","title":{"rendered":"Drone Show au Club Del Diavolo - Finale de la saison 2025"},"content":{"rendered":"<h3 class=\"wp-block-heading\">Drone Show au Club Del Diavolo - Finale de la saison 2025<\/h3>\n\n\n\n<div class=\"wp-block-buttons is-layout-flex wp-block-buttons-is-layout-flex\">\n<div class=\"wp-block-button\"><a class=\"wp-block-button__link has-background wp-element-button\" style=\"border-radius:57px;background-color:#78d524\">150 DRONES<\/a><\/div>\n\n\n\n<div class=\"wp-block-button\"><a class=\"wp-block-button__link has-background wp-element-button\" style=\"border-radius:57px;background-color:#78d524\">TUSCANY<\/a><\/div>\n\n\n\n<div class=\"wp-block-button\"><a class=\"wp-block-button__link has-background wp-element-button\" style=\"border-radius:57px;background-color:#78d524\">CLUB DE NUIT<\/a><\/div>\n\n\n\n<div class=\"wp-block-button\"><a class=\"wp-block-button__link has-background wp-element-button\" style=\"border-radius:57px;background-color:#78d524\">FERMETURE<\/a><\/div>\n\n\n\n<div class=\"wp-block-button\"><a class=\"wp-block-button__link has-background wp-element-button\" style=\"border-radius:57px;background-color:#78d524\">DJ SET<\/a><\/div>\n<\/div>\n\n\n\n<figure class=\"wp-block-embed is-type-video is-provider-youtube wp-block-embed-youtube wp-embed-aspect-16-9 wp-has-aspect-ratio\"><div class=\"wp-block-embed__wrapper\">\n<iframe title=\"Devil&#039;s Drone Show Club 2025\" width=\"1128\" height=\"635\" src=\"https:\/\/www.youtube.com\/embed\/5Y4K9gA8x_M?feature=oembed\" frameborder=\"0\" allow=\"accelerometer; autoplay; clipboard-write; encrypted-media; gyroscope; picture-in-picture; web-share\" referrerpolicy=\"strict-origin-when-cross-origin\" allowfullscreen><\/iframe>\n<\/div><\/figure>\n\n\n\n<div class=\"wp-block-columns is-layout-flex wp-container-core-columns-is-layout-9d6595d7 wp-block-columns-is-layout-flex\">\n<div class=\"wp-block-column is-layout-flow wp-block-column-is-layout-flow\" style=\"flex-basis:33.33%\">\n<ul class=\"wp-block-list\">\n<li>Quarrata, Pistoia. Italie.<\/li>\n<\/ul>\n<\/div>\n\n\n\n<div class=\"wp-block-column is-layout-flow wp-block-column-is-layout-flow\" style=\"flex-basis:66.66%\">\n<p><strong>150 Drones | Quarrata (Pistoia) | 28 septembre 2025<\/strong><\/p>\n\n\n\n<p>Le 28 septembre 2025, le ciel au-dessus de la <strong>Club Del Diavolo \u00e0 Quarrata (Pistoia)<\/strong> La lumi\u00e8re et l'\u00e9motion sont au rendez-vous avec un spectacle <strong>Drone Show a sign\u00e9 ink7lab - Division And Lights pour l'Italie et la Suisse.<\/strong><\/p>\n\n\n\n<p>Une grande fin de saison transform\u00e9e en une exp\u00e9rience visuelle et sensorielle unique : <strong>chor\u00e9graphies tridimensionnelles synchronis\u00e9es avec la musique<\/strong>, des images dynamiques et une histoire dans le ciel qui plonge le public dans une atmosph\u00e8re de pure magie.<\/p>\n\n\n\n<p>Le salon du drone a pr\u00e9sent\u00e9 <strong>une nouvelle fa\u00e7on de vivre le divertissement en soir\u00e9e, <\/strong>offrant au lieu un moment embl\u00e9matique de communication visuelle et <strong>l'exp\u00e9rience de la marque. <\/strong>Un choix <strong>durable, \u00e9l\u00e9gante et innovante,<\/strong> capable de valoriser chaque \u00e9v\u00e9nement et de le rendre m\u00e9morable - parfaitement partageable sur les r\u00e9seaux sociaux et dans la m\u00e9moire de ceux qui le vivent.<\/p>\n\n\n\n<p>\ud83d\udc49 <strong>Ajouter un spectacle de drone \u00e0 ce type d'\u00e9v\u00e9nement<\/strong> signifie offrir au public<br>une exp\u00e9rience spectaculaire combinant <strong>technologie, art et \u00e9motion<\/strong>, distinguer le lieu et renforcer son image en tant que point de r\u00e9f\u00e9rence pour les divertissements de la prochaine g\u00e9n\u00e9ration.<\/p>\n\n\n\n<p>A <strong>Une fin de saison inoubliable,<\/strong> o\u00f9 la lumi\u00e8re des drones racontait dans le ciel les <strong>La passion et l'\u00e9nergie du Club Del Diavolo. \u2728<\/strong><\/p>\n\n\n\n<p><a href=\"https:\/\/ink7lab.com\/fr\/contacts\/\" target=\"_blank\" rel=\"noopener\" title=\"\">Vous souhaitez ajouter un spectacle de drone \u00e0 votre \u00e9v\u00e9nement ?<\/a><\/p>\n\n\n\n<p><a href=\"https:\/\/ink7lab.com\/fr\/contacts\/\" target=\"_blank\" rel=\"noopener\" title=\"\"><br>\ud83d\udc49 Demande de devis<\/a><\/p>\n<\/div>\n<\/div>\n\n\n\n<div style=\"height:50px\" aria-hidden=\"true\" class=\"wp-block-spacer\"><\/div>\n\n\n\n<h3 class=\"wp-block-heading\">\u00c9V\u00c9NEMENTS CONNEXES<\/h3>\n\n\n\n<div style=\"height:30px\" aria-hidden=\"true\" class=\"wp-block-spacer\"><\/div>\n\n\n\n<div class=\"wp-block-columns outerbox is-layout-flex wp-container-core-columns-is-layout-9d6595d7 wp-block-columns-is-layout-flex\">\n<div class=\"wp-block-column has-background is-layout-flow wp-block-column-is-layout-flow\" style=\"background-color:#19181a\">\n<figure class=\"wp-block-image size-large\"><img decoding=\"async\" width=\"1024\" height=\"1024\" src=\"https:\/\/ink7lab.com\/wp-content\/uploads\/2025\/06\/Verjaardag-Antonella-\u2013-11-1030x1030-1-1024x1024.png\" alt=\"\" class=\"wp-image-15861\" style=\"aspect-ratio:16\/9;object-fit:cover\" srcset=\"\" sizes=\"(max-width: 1024px) 100vw, 1024px\" data-srcset=\"\" \/><\/figure>\n\n\n\n<div class=\"wp-block-columns innerbox is-layout-flex wp-container-core-columns-is-layout-9d6595d7 wp-block-columns-is-layout-flex\">\n<div class=\"wp-block-column is-layout-flow wp-block-column-is-layout-flow\">\n<h3 class=\"wp-block-heading\"><a href=\"https:\/\/ink7lab.com\/fr\/%f0%9d%97%96%f0%9d%97%b2%f0%9d%97%b9%f0%9d%97%b2%f0%9d%97%af%f0%9d%97%bf%f0%9d%97%ae%f0%9d%98%81%f0%9d%97%b6%f0%9d%97%bb%f0%9d%97%b4-antonellas-%f0%9d%97%a4%f0%9d%98%82%f0%9d%97%b6\/\" title=\"\">\ud835\uddd6\ud835\uddf2\ud835\uddf9\ud835\uddf2\ud835\uddef\ud835\uddff\ud835\uddee\ud835\ude01\ud835\uddf6\ud835\uddfb\ud835\uddf4 Antonella \ud835\udde4\ud835\ude02\ud835\uddf6\ud835\uddfb\ud835\uddf0\ud835\uddf2\ud835\uddee\ud835\uddfb\u0303\ud835\uddf2\ud835\uddff\ud835\uddee dans un style spectaculaire<\/a><\/h3>\n\n\n\n<p><a href=\"https:\/\/ink7lab.com\/fr\/%f0%9d%97%96%f0%9d%97%b2%f0%9d%97%b9%f0%9d%97%b2%f0%9d%97%af%f0%9d%97%bf%f0%9d%97%ae%f0%9d%98%81%f0%9d%97%b6%f0%9d%97%bb%f0%9d%97%b4-antonellas-%f0%9d%97%a4%f0%9d%98%82%f0%9d%97%b6\/\" title=\"\">En savoir plus<\/a><\/p>\n<\/div>\n<\/div>\n<\/div>\n\n\n\n<div class=\"wp-block-column has-background is-layout-flow wp-block-column-is-layout-flow\" style=\"background-color:#19181a\">\n<figure class=\"wp-block-image size-large\"><img decoding=\"async\" width=\"1024\" height=\"1024\" src=\"https:\/\/ink7lab.com\/wp-content\/uploads\/2025\/06\/Construct-Euorpe-04-1024x1024.png\" alt=\"\" class=\"wp-image-15862\" style=\"aspect-ratio:16\/9;object-fit:cover\" srcset=\"https:\/\/ink7lab.com\/wp-content\/uploads\/2025\/06\/Construct-Euorpe-04-1024x1024.png 1024w, https:\/\/ink7lab.com\/wp-content\/uploads\/2025\/06\/Construct-Euorpe-04-300x300.png 300w, https:\/\/ink7lab.com\/wp-content\/uploads\/2025\/06\/Construct-Euorpe-04-150x150.png 150w, https:\/\/ink7lab.com\/wp-content\/uploads\/2025\/06\/Construct-Euorpe-04-768x768.png 768w, https:\/\/ink7lab.com\/wp-content\/uploads\/2025\/06\/Construct-Euorpe-04-800x800.png 800w, https:\/\/ink7lab.com\/wp-content\/uploads\/2025\/06\/Construct-Euorpe-04-560x560.png 560w, https:\/\/ink7lab.com\/wp-content\/uploads\/2025\/06\/Construct-Euorpe-04-250x250.png 250w, https:\/\/ink7lab.com\/wp-content\/uploads\/2025\/06\/Construct-Euorpe-04-120x120.png 120w, https:\/\/ink7lab.com\/wp-content\/uploads\/2025\/06\/Construct-Euorpe-04.png 1200w\" sizes=\"(max-width: 1024px) 100vw, 1024px\" \/><\/figure>\n\n\n\n<div class=\"wp-block-columns innerbox is-layout-flex wp-container-core-columns-is-layout-9d6595d7 wp-block-columns-is-layout-flex\">\n<div class=\"wp-block-column is-layout-flow wp-block-column-is-layout-flow\">\n<h3 class=\"wp-block-heading\"><a href=\"https:\/\/ink7lab.com\/fr\/spectacle-de-lumiere-par-drone-en-deux-parties-avec-un-orchestre-en-direct\/\" title=\"\">Spectacle de lumi\u00e8re par drone en deux parties avec orchestre en direct<\/a><\/h3>\n\n\n\n<p><a href=\"https:\/\/ink7lab.com\/fr\/spectacle-de-lumiere-par-drone-en-deux-parties-avec-un-orchestre-en-direct\/\" title=\"Lire la suite\"><a href=\"https:\/\/ink7lab.com\/fr\/%f0%9d%97%96%f0%9d%97%b2%f0%9d%97%b9%f0%9d%97%b2%f0%9d%97%af%f0%9d%97%bf%f0%9d%97%ae%f0%9d%98%81%f0%9d%97%b6%f0%9d%97%bb%f0%9d%97%b4-antonellas-%f0%9d%97%a4%f0%9d%98%82%f0%9d%97%b6\/\" title=\"\">En savoir plus<\/a><\/a><\/p>\n<\/div>\n<\/div>\n<\/div>\n<\/div>","protected":false},"excerpt":{"rendered":"Drone Show al Club Del Diavolo \u2013 Finale di Stagione 2025 150","protected":false},"author":1,"featured_media":0,"parent":0,"menu_order":0,"comment_status":"closed","ping_status":"closed","template":"","meta":{"om_disable_all_campaigns":false,"_monsterinsights_skip_tracking":false,"_monsterinsights_sitenote_active":false,"_monsterinsights_sitenote_note":"","_monsterinsights_sitenote_category":0,"_uf_show_specific_survey":0,"_uf_disable_surveys":false,"footnotes":""},"class_list":["post-17012","page","type-page","status-publish","hentry"],"aioseo_notices":[],"_links":{"self":[{"href":"https:\/\/ink7lab.com\/fr\/wp-json\/wp\/v2\/pages\/17012","targetHints":{"allow":["GET"]}}],"collection":[{"href":"https:\/\/ink7lab.com\/fr\/wp-json\/wp\/v2\/pages"}],"about":[{"href":"https:\/\/ink7lab.com\/fr\/wp-json\/wp\/v2\/types\/page"}],"author":[{"embeddable":true,"href":"https:\/\/ink7lab.com\/fr\/wp-json\/wp\/v2\/users\/1"}],"replies":[{"embeddable":true,"href":"https:\/\/ink7lab.com\/fr\/wp-json\/wp\/v2\/comments?post=17012"}],"version-history":[{"count":0,"href":"https:\/\/ink7lab.com\/fr\/wp-json\/wp\/v2\/pages\/17012\/revisions"}],"wp:attachment":[{"href":"https:\/\/ink7lab.com\/fr\/wp-json\/wp\/v2\/media?parent=17012"}],"curies":[{"name":"wp","href":"https:\/\/api.w.org\/{rel}","templated":true}]}}