{"id":15996,"date":"2025-06-20T23:02:21","date_gmt":"2025-06-20T23:02:21","guid":{"rendered":"https:\/\/ink7lab.com\/?page_id=15996"},"modified":"2025-10-29T11:43:03","modified_gmt":"2025-10-29T11:43:03","slug":"slavi-naslov-prvaka-feyenoorda-u-eridiviziji","status":"publish","type":"page","link":"https:\/\/ink7lab.com\/hr\/celebrating-the-feyenoord-eredivision-title\/","title":{"rendered":"Slavimo naslov prvaka Feyenoorda u Erediviziji"},"content":{"rendered":"<h3 class=\"wp-block-heading\">Feyenoordova proslava naslova u Eredivisionu<\/h3>\n\n\n\n<div class=\"wp-block-buttons is-layout-flex wp-block-buttons-is-layout-flex\">\n<div class=\"wp-block-button\"><a class=\"wp-block-button__link has-background wp-element-button\" style=\"border-radius:57px;background-color:#78d524\">150 dronova<\/a><\/div>\n\n\n\n<div class=\"wp-block-button\"><a class=\"wp-block-button__link has-background wp-element-button\" style=\"border-radius:57px;background-color:#78d524\">proslava<\/a><\/div>\n\n\n\n<div class=\"wp-block-button\"><a class=\"wp-block-button__link has-background wp-element-button\" style=\"border-radius:57px;background-color:#78d524\">Javni doga\u0111aj<\/a><\/div>\n<\/div>\n\n\n\n<figure class=\"wp-block-gallery has-nested-images columns-default is-cropped wp-block-gallery-1 is-layout-flex wp-block-gallery-is-layout-flex\">\n<figure class=\"wp-block-image size-large\"><img decoding=\"async\" width=\"300\" height=\"300\" data-id=\"15999\" src=\"https:\/\/ink7lab.com\/wp-content\/uploads\/2025\/06\/347258520_780426436958814_5435678085501174896_n-300x300-1.jpg\" alt=\"\" class=\"wp-image-15999\" srcset=\"https:\/\/ink7lab.com\/wp-content\/uploads\/2025\/06\/347258520_780426436958814_5435678085501174896_n-300x300-1.jpg 300w, https:\/\/ink7lab.com\/wp-content\/uploads\/2025\/06\/347258520_780426436958814_5435678085501174896_n-300x300-1-150x150.jpg 150w, https:\/\/ink7lab.com\/wp-content\/uploads\/2025\/06\/347258520_780426436958814_5435678085501174896_n-300x300-1-250x250.jpg 250w, https:\/\/ink7lab.com\/wp-content\/uploads\/2025\/06\/347258520_780426436958814_5435678085501174896_n-300x300-1-120x120.jpg 120w\" sizes=\"(max-width: 300px) 100vw, 300px\" \/><\/figure>\n\n\n\n<figure class=\"wp-block-image size-large\"><img decoding=\"async\" width=\"300\" height=\"300\" data-id=\"16000\" src=\"https:\/\/ink7lab.com\/wp-content\/uploads\/2025\/06\/347100372_640996867371013_4991787838617486167_n-300x300-1.jpg\" alt=\"\" class=\"wp-image-16000\" srcset=\"https:\/\/ink7lab.com\/wp-content\/uploads\/2025\/06\/347100372_640996867371013_4991787838617486167_n-300x300-1.jpg 300w, https:\/\/ink7lab.com\/wp-content\/uploads\/2025\/06\/347100372_640996867371013_4991787838617486167_n-300x300-1-150x150.jpg 150w, https:\/\/ink7lab.com\/wp-content\/uploads\/2025\/06\/347100372_640996867371013_4991787838617486167_n-300x300-1-250x250.jpg 250w, https:\/\/ink7lab.com\/wp-content\/uploads\/2025\/06\/347100372_640996867371013_4991787838617486167_n-300x300-1-120x120.jpg 120w\" sizes=\"(max-width: 300px) 100vw, 300px\" \/><\/figure>\n\n\n\n<figure class=\"wp-block-image size-large\"><img decoding=\"async\" width=\"300\" height=\"300\" data-id=\"16001\" src=\"https:\/\/ink7lab.com\/wp-content\/uploads\/2025\/06\/434425524_838587178266181_7241008078151618074_n-300x300-1.jpg\" alt=\"\" class=\"wp-image-16001\" srcset=\"https:\/\/ink7lab.com\/wp-content\/uploads\/2025\/06\/434425524_838587178266181_7241008078151618074_n-300x300-1.jpg 300w, https:\/\/ink7lab.com\/wp-content\/uploads\/2025\/06\/434425524_838587178266181_7241008078151618074_n-300x300-1-150x150.jpg 150w, https:\/\/ink7lab.com\/wp-content\/uploads\/2025\/06\/434425524_838587178266181_7241008078151618074_n-300x300-1-250x250.jpg 250w, https:\/\/ink7lab.com\/wp-content\/uploads\/2025\/06\/434425524_838587178266181_7241008078151618074_n-300x300-1-120x120.jpg 120w\" sizes=\"(max-width: 300px) 100vw, 300px\" \/><\/figure>\n<\/figure>\n\n\n\n<div class=\"wp-block-columns is-layout-flex wp-container-core-columns-is-layout-9d6595d7 wp-block-columns-is-layout-flex\">\n<div class=\"wp-block-column is-layout-flow wp-block-column-is-layout-flow\" style=\"flex-basis:33.33%\">\n<ul class=\"wp-block-list\">\n<li>Rotterdam, Nizozemska<\/li>\n\n\n\n<li>14. svibnja 2023.<\/li>\n<\/ul>\n<\/div>\n\n\n\n<div class=\"wp-block-column is-layout-flow wp-block-column-is-layout-flow\" style=\"flex-basis:66.66%\">\n<p>Nel calcio olandese, il Feyenoord si \u00e8 assicurato un posto nella storia, diventando campione nazionale per la sedicesima volta, trionfando sui \u201cGo Ahead\u201d con un decisivo 3-0. Questa vittoria memorabile ha scatenato i festeggiamenti in tutta la citt\u00e0 e ha segnato l\u2019inizio di una grande festa. Per rendere l\u2019occasione ancora pi\u00f9 speciale, il Feyenoord ci ha affidato l\u2019organizzazione di uno spettacolare spettacolo di droni.<\/p>\n\n\n\n<p>Abbiamo illuminato con piacere il cielo notturno con i suoi iconici colori rosso e bianco, creando un\u2019esperienza visiva indimenticabile per i tifosi. I nostri droni hanno creato spettacoli mozzafiato, tra cui l\u2019inconfondibile logo del Feyenoord che brillava per la squadra di calcio. \u00c8 stato un momento di orgoglio per la squadra e per tutti i partecipanti, poich\u00e9 il nostro spettacolo \u00e8 diventato un momento chiave della celebrazione del campionato, catturando lo spirito di vittoria e unit\u00e0.<\/p>\n\n\n\n<p>Feyenoordova zajednica pamtit \u0107e ovu pobjedu i blistav spektakl koji je uslijedio godinama koje dolaze.<\/p>\n<\/div>\n<\/div>\n\n\n\n<div style=\"height:50px\" aria-hidden=\"true\" class=\"wp-block-spacer\"><\/div>\n\n\n\n<h3 class=\"wp-block-heading\">POVEZANI DOGA\u0110AJI<\/h3>\n\n\n\n<div style=\"height:30px\" aria-hidden=\"true\" class=\"wp-block-spacer\"><\/div>\n\n\n\n<div class=\"wp-block-columns outerbox is-layout-flex wp-container-core-columns-is-layout-9d6595d7 wp-block-columns-is-layout-flex\">\n<div class=\"wp-block-column has-background is-layout-flow wp-block-column-is-layout-flow\" style=\"background-color:#19181a\">\n<figure class=\"wp-block-image size-large\"><img decoding=\"async\" width=\"1024\" height=\"1024\" src=\"https:\/\/ink7lab.com\/wp-content\/uploads\/2025\/06\/LT-07-1030x1030-1-1024x1024.png\" alt=\"\" class=\"wp-image-15848\" style=\"aspect-ratio:16\/9;object-fit:cover\" srcset=\"https:\/\/ink7lab.com\/wp-content\/uploads\/2025\/06\/LT-07-1030x1030-1-1024x1024.png 1024w, https:\/\/ink7lab.com\/wp-content\/uploads\/2025\/06\/LT-07-1030x1030-1-300x300.png 300w, https:\/\/ink7lab.com\/wp-content\/uploads\/2025\/06\/LT-07-1030x1030-1-150x150.png 150w, https:\/\/ink7lab.com\/wp-content\/uploads\/2025\/06\/LT-07-1030x1030-1-768x768.png 768w, https:\/\/ink7lab.com\/wp-content\/uploads\/2025\/06\/LT-07-1030x1030-1.png 1030w\" sizes=\"(max-width: 1024px) 100vw, 1024px\" \/><\/figure>\n\n\n\n<div class=\"wp-block-columns innerbox is-layout-flex wp-container-core-columns-is-layout-9d6595d7 wp-block-columns-is-layout-flex\">\n<div class=\"wp-block-column is-layout-flow wp-block-column-is-layout-flow\">\n<h3 class=\"wp-block-heading\"><a href=\"https:\/\/ink7lab.com\/hr\/prijevoz-buducnosti-isprican-dronovima\/\" title=\"\">Budu\u0107i prijevoz ispri\u010dan kroz dron show<\/a><\/h3>\n\n\n\n<p><a href=\"https:\/\/ink7lab.com\/hr\/prijevoz-buducnosti-isprican-dronovima\/\" title=\"\u010citaj vi\u0161e\">Saznajte vi\u0161e<\/a><\/p>\n<\/div>\n<\/div>\n<\/div>\n\n\n\n<div class=\"wp-block-column has-background is-layout-flow wp-block-column-is-layout-flow\" style=\"background-color:#19181a\">\n<figure class=\"wp-block-image size-large\"><img decoding=\"async\" width=\"1024\" height=\"576\" src=\"https:\/\/ink7lab.com\/wp-content\/uploads\/2025\/06\/2024-07-21-Brussel-feestdag000-v2-1030x579-1-1024x576.jpg\" alt=\"\" class=\"wp-image-15857\" srcset=\"https:\/\/ink7lab.com\/wp-content\/uploads\/2025\/06\/2024-07-21-Brussel-feestdag000-v2-1030x579-1-1024x576.jpg 1024w, https:\/\/ink7lab.com\/wp-content\/uploads\/2025\/06\/2024-07-21-Brussel-feestdag000-v2-1030x579-1-300x169.jpg 300w, https:\/\/ink7lab.com\/wp-content\/uploads\/2025\/06\/2024-07-21-Brussel-feestdag000-v2-1030x579-1-768x432.jpg 768w, https:\/\/ink7lab.com\/wp-content\/uploads\/2025\/06\/2024-07-21-Brussel-feestdag000-v2-1030x579-1-800x450.jpg 800w, https:\/\/ink7lab.com\/wp-content\/uploads\/2025\/06\/2024-07-21-Brussel-feestdag000-v2-1030x579-1-560x315.jpg 560w, https:\/\/ink7lab.com\/wp-content\/uploads\/2025\/06\/2024-07-21-Brussel-feestdag000-v2-1030x579-1.jpg 1030w\" sizes=\"(max-width: 1024px) 100vw, 1024px\" \/><\/figure>\n\n\n\n<div class=\"wp-block-columns innerbox is-layout-flex wp-container-core-columns-is-layout-9d6595d7 wp-block-columns-is-layout-flex\">\n<div class=\"wp-block-column is-layout-flow wp-block-column-is-layout-flow\">\n<h3 class=\"wp-block-heading\"><a href=\"https:\/\/ink7lab.com\/hr\/belgijski-nacionalni-dan-21-srpnja-svjetlosna-predstava-dronova-u-bruxellesu-jubelpark\/\" title=\"\">Belgijski nacionalni dan \u2013 21. srpnja \u2013 Svjetlosna predstava dronovima u Jubelparku u Bruxellesu<\/a><\/h3>\n\n\n\n<p><a href=\"https:\/\/ink7lab.com\/hr\/belgijski-nacionalni-dan-21-srpnja-svjetlosna-predstava-dronova-u-bruxellesu-jubelpark\/\" title=\"\">Saznajte vi\u0161e<\/a><\/p>\n<\/div>\n<\/div>\n<\/div>\n<\/div>","protected":false},"excerpt":{"rendered":"Celebrazione del titolo di Eredivision del Feyenoord 150 Drones celebration Public event","protected":false},"author":1,"featured_media":0,"parent":0,"menu_order":0,"comment_status":"closed","ping_status":"closed","template":"","meta":{"om_disable_all_campaigns":false,"_monsterinsights_skip_tracking":false,"_monsterinsights_sitenote_active":false,"_monsterinsights_sitenote_note":"","_monsterinsights_sitenote_category":0,"_uf_show_specific_survey":0,"_uf_disable_surveys":false,"footnotes":""},"class_list":["post-15996","page","type-page","status-publish","hentry"],"aioseo_notices":[],"_links":{"self":[{"href":"https:\/\/ink7lab.com\/hr\/wp-json\/wp\/v2\/pages\/15996","targetHints":{"allow":["GET"]}}],"collection":[{"href":"https:\/\/ink7lab.com\/hr\/wp-json\/wp\/v2\/pages"}],"about":[{"href":"https:\/\/ink7lab.com\/hr\/wp-json\/wp\/v2\/types\/page"}],"author":[{"embeddable":true,"href":"https:\/\/ink7lab.com\/hr\/wp-json\/wp\/v2\/users\/1"}],"replies":[{"embeddable":true,"href":"https:\/\/ink7lab.com\/hr\/wp-json\/wp\/v2\/comments?post=15996"}],"version-history":[{"count":0,"href":"https:\/\/ink7lab.com\/hr\/wp-json\/wp\/v2\/pages\/15996\/revisions"}],"wp:attachment":[{"href":"https:\/\/ink7lab.com\/hr\/wp-json\/wp\/v2\/media?parent=15996"}],"curies":[{"name":"radni list","href":"https:\/\/api.w.org\/{rel}","templated":true}]}}