{"id":16003,"date":"2025-06-20T23:09:08","date_gmt":"2025-06-20T23:09:08","guid":{"rendered":"https:\/\/ink7lab.com\/?page_id=16003"},"modified":"2025-10-15T01:39:15","modified_gmt":"2025-10-15T01:39:15","slug":"predstavljanje-novog-pica-coca-cola-na-festivalu-paaspop","status":"publish","type":"page","link":"https:\/\/ink7lab.com\/hr\/introducing-a-new-coca-cola-drink-at-the-paaspop-festival\/","title":{"rendered":"Predstavljamo novo pi\u0107e Coca Cole na festivalu Paaspop"},"content":{"rendered":"<h3 class=\"wp-block-heading\">Coca-Cola lansira novi napitak na Paaspop festivalu<\/h3>\n\n\n\n<div class=\"wp-block-buttons is-layout-flex wp-block-buttons-is-layout-flex\">\n<div class=\"wp-block-button\"><a class=\"wp-block-button__link has-background wp-element-button\" style=\"border-radius:57px;background-color:#78d524\">150 dronova<\/a><\/div>\n\n\n\n<div class=\"wp-block-button\"><a class=\"wp-block-button__link has-background wp-element-button\" style=\"border-radius:57px;background-color:#78d524\">festival<\/a><\/div>\n\n\n\n<div class=\"wp-block-button\"><a class=\"wp-block-button__link has-background wp-element-button\" style=\"border-radius:57px;background-color:#78d524\">glazba<\/a><\/div>\n<\/div>\n\n\n\n<figure class=\"wp-block-embed is-type-video is-provider-youtube wp-block-embed-youtube wp-embed-aspect-16-9 wp-has-aspect-ratio\"><div class=\"wp-block-embed__wrapper\">\n<iframe title=\"Spektakularni dron show za predstavljanje novog pi\u0107a Coca-Cole!\" width=\"1128\" height=\"635\" src=\"https:\/\/www.youtube.com\/embed\/2Qt234dlpB4?feature=oembed\" frameborder=\"0\" allow=\"accelerometer; autoplay; clipboard-write; encrypted-media; gyroscope; picture-in-picture; web-share\" referrerpolicy=\"strict-origin-when-cross-origin\" allowfullscreen><\/iframe>\n<\/div><\/figure>\n\n\n\n<div class=\"wp-block-columns is-layout-flex wp-container-core-columns-is-layout-9d6595d7 wp-block-columns-is-layout-flex\">\n<div class=\"wp-block-column is-layout-flow wp-block-column-is-layout-flow\" style=\"flex-basis:33.33%\">\n<ul class=\"wp-block-list\">\n<li>Paaspop, Schijndel, Nizozemska<\/li>\n\n\n\n<li>7. travnja 2023.<\/li>\n<\/ul>\n<\/div>\n\n\n\n<div class=\"wp-block-column is-layout-flow wp-block-column-is-layout-flow\" style=\"flex-basis:66.66%\">\n<p>Posjetitelji festivala bili su zaintrigirani kada se na njihovim telefonima pojavila misteriozna poruka u kojoj su pozivani da se okupe na sredi\u0161njem trgu Paaspop festivala. Di-Rect je upravo zavr\u0161io svoj nastup, a svjetla na glavnom trgu su se prigu\u0161ila.<\/p>\n\n\n\n<p>In collaborazione, Jack Daniel\u2019s e Coca-Cola hanno sorpreso il pubblico con un accattivante spettacolo di droni per presentare la loro nuova bevanda del festival. Lo spettacolo \u00e8 iniziato con il benvenuto al pubblico del Paaspop, ma presto i droni hanno iniziato a raccontare una storia. Prima l\u2019immagine di una bottiglia di Jack Daniel\u2019s ha illuminato il cielo, seguita dall\u2019iconica lattina di Coca-Cola. I due simboli si sono poi trasformati nelle parole \u201cPerfect Match\u201d e \u201cBorn Ready\u201d.<\/p>\n\n\n\n<p>Roland van Buchem, voditelj marketinga, komentirao je:<br>Con lo spettacolo di droni, stiamo lanciando un messaggio forte, ma vogliamo immergerci ancora di pi\u00f9 nel panorama dei festival. Il Paaspop \u00e8 solo l\u2019inizio!<\/p>\n\n\n\n<p>Migliaia di persone hanno applaudito dopo lo spettacolo. Per loro, l\u2019esibizione di droni \u00e8 stata l\u2019inizio perfetto per un\u2019indimenticabile serata Paaspop, e per JD e Coca Cola \u00e8 stato il modo perfetto per lanciare il loro nuovo prodotto.<\/p>\n<\/div>\n<\/div>\n\n\n\n<div style=\"height:50px\" aria-hidden=\"true\" class=\"wp-block-spacer\"><\/div>\n\n\n\n<h3 class=\"wp-block-heading\">POVEZANI DOGA\u0110AJI<\/h3>\n\n\n\n<div style=\"height:30px\" aria-hidden=\"true\" class=\"wp-block-spacer\"><\/div>\n\n\n\n<div class=\"wp-block-columns outerbox is-layout-flex wp-container-core-columns-is-layout-9d6595d7 wp-block-columns-is-layout-flex\">\n<div class=\"wp-block-column has-background is-layout-flow wp-block-column-is-layout-flow\" style=\"background-color:#19181a\">\n<figure class=\"wp-block-image size-large\"><img decoding=\"async\" width=\"1024\" height=\"1024\" src=\"https:\/\/ink7lab.com\/wp-content\/uploads\/2025\/06\/Verjaardag-Antonella-\u2013-11-1030x1030-1-1024x1024.png\" alt=\"\" class=\"wp-image-15861\" style=\"aspect-ratio:16\/9;object-fit:cover\" srcset=\"\" sizes=\"(max-width: 1024px) 100vw, 1024px\" data-srcset=\"\" \/><\/figure>\n\n\n\n<div class=\"wp-block-columns innerbox is-layout-flex wp-container-core-columns-is-layout-9d6595d7 wp-block-columns-is-layout-flex\">\n<div class=\"wp-block-column is-layout-flow wp-block-column-is-layout-flow\">\n<h3 class=\"wp-block-heading\"><a href=\"https:\/\/ink7lab.com\/hr\/%f0%9d%97%97%f0%9d%97%94%f0%9d%97%9e%f0%9d%97%94%f0%9d%97%9e%f0%9d%97%94%f0%9d%97%9e%f0%9d%97%94%f0%9d%97%9e%f0%9d%97%94%f0%9d%97%9e%f0%9d%97%94%f0%9d%97%9e%f0%9d%97%94%f0%9d%97%9e%f0%9d%97%94\/\" title=\"\">Antonella \ud835\uddd6\ud835\uddf2\ud835\uddf9\ud835\uddf2\ud835\uddef\ud835\uddff\ud835\uddee\ud835\ude01\ud835\uddf6\ud835\uddfb\ud835\uddf4 \ud835\udde4\ud835\ude02\ud835\uddf6\ud835\uddfb\ud835\uddf0\ud835\uddf2\ud835\uddee\ud835\uddfb\u0303\ud835\uddf2\ud835\uddff\ud835\uddee u spektakularnom stilu<\/a><\/h3>\n\n\n\n<p><a href=\"https:\/\/ink7lab.com\/hr\/%f0%9d%97%97%f0%9d%97%94%f0%9d%97%9e%f0%9d%97%94%f0%9d%97%9e%f0%9d%97%94%f0%9d%97%9e%f0%9d%97%94%f0%9d%97%9e%f0%9d%97%94%f0%9d%97%9e%f0%9d%97%94%f0%9d%97%9e%f0%9d%97%94%f0%9d%97%9e%f0%9d%97%94\/\" title=\"\">Saznajte vi\u0161e<\/a><\/p>\n<\/div>\n<\/div>\n<\/div>\n\n\n\n<div class=\"wp-block-column has-background is-layout-flow wp-block-column-is-layout-flow\" style=\"background-color:#19181a\">\n<figure class=\"wp-block-image size-large\"><img decoding=\"async\" width=\"1024\" height=\"1024\" src=\"https:\/\/ink7lab.com\/wp-content\/uploads\/2025\/06\/Construct-Euorpe-04-1024x1024.png\" alt=\"\" class=\"wp-image-15862\" style=\"aspect-ratio:16\/9;object-fit:cover\" srcset=\"https:\/\/ink7lab.com\/wp-content\/uploads\/2025\/06\/Construct-Euorpe-04-1024x1024.png 1024w, https:\/\/ink7lab.com\/wp-content\/uploads\/2025\/06\/Construct-Euorpe-04-300x300.png 300w, https:\/\/ink7lab.com\/wp-content\/uploads\/2025\/06\/Construct-Euorpe-04-150x150.png 150w, https:\/\/ink7lab.com\/wp-content\/uploads\/2025\/06\/Construct-Euorpe-04-768x768.png 768w, https:\/\/ink7lab.com\/wp-content\/uploads\/2025\/06\/Construct-Euorpe-04-800x800.png 800w, https:\/\/ink7lab.com\/wp-content\/uploads\/2025\/06\/Construct-Euorpe-04-560x560.png 560w, https:\/\/ink7lab.com\/wp-content\/uploads\/2025\/06\/Construct-Euorpe-04-250x250.png 250w, https:\/\/ink7lab.com\/wp-content\/uploads\/2025\/06\/Construct-Euorpe-04-120x120.png 120w, https:\/\/ink7lab.com\/wp-content\/uploads\/2025\/06\/Construct-Euorpe-04.png 1200w\" sizes=\"(max-width: 1024px) 100vw, 1024px\" \/><\/figure>\n\n\n\n<div class=\"wp-block-columns innerbox is-layout-flex wp-container-core-columns-is-layout-9d6595d7 wp-block-columns-is-layout-flex\">\n<div class=\"wp-block-column is-layout-flow wp-block-column-is-layout-flow\">\n<h3 class=\"wp-block-heading\"><a href=\"https:\/\/ink7lab.com\/hr\/dvodjelni-svjetlosni-show-dronovima-s-orkestrom-uzivo\/\" title=\"\">Dvodjelni svjetlosni show s dronovima i orkestrom u\u017eivo<\/a><\/h3>\n\n\n\n<p><a href=\"https:\/\/ink7lab.com\/hr\/dvodjelni-svjetlosni-show-dronovima-s-orkestrom-uzivo\/\" title=\"\u010citaj vi\u0161e\"><a href=\"https:\/\/ink7lab.com\/hr\/%f0%9d%97%97%f0%9d%97%94%f0%9d%97%9e%f0%9d%97%94%f0%9d%97%9e%f0%9d%97%94%f0%9d%97%9e%f0%9d%97%94%f0%9d%97%9e%f0%9d%97%94%f0%9d%97%9e%f0%9d%97%94%f0%9d%97%9e%f0%9d%97%94%f0%9d%97%9e%f0%9d%97%94\/\" title=\"\">Saznajte vi\u0161e<\/a><\/a><\/p>\n<\/div>\n<\/div>\n<\/div>\n<\/div>","protected":false},"excerpt":{"rendered":"Presentazione di una nuova bevanda Coca Cola al festival Paaspop 150 Drones","protected":false},"author":1,"featured_media":0,"parent":0,"menu_order":0,"comment_status":"closed","ping_status":"closed","template":"","meta":{"om_disable_all_campaigns":false,"_monsterinsights_skip_tracking":false,"_monsterinsights_sitenote_active":false,"_monsterinsights_sitenote_note":"","_monsterinsights_sitenote_category":0,"_uf_show_specific_survey":0,"_uf_disable_surveys":false,"footnotes":""},"class_list":["post-16003","page","type-page","status-publish","hentry"],"aioseo_notices":[],"_links":{"self":[{"href":"https:\/\/ink7lab.com\/hr\/wp-json\/wp\/v2\/pages\/16003","targetHints":{"allow":["GET"]}}],"collection":[{"href":"https:\/\/ink7lab.com\/hr\/wp-json\/wp\/v2\/pages"}],"about":[{"href":"https:\/\/ink7lab.com\/hr\/wp-json\/wp\/v2\/types\/page"}],"author":[{"embeddable":true,"href":"https:\/\/ink7lab.com\/hr\/wp-json\/wp\/v2\/users\/1"}],"replies":[{"embeddable":true,"href":"https:\/\/ink7lab.com\/hr\/wp-json\/wp\/v2\/comments?post=16003"}],"version-history":[{"count":0,"href":"https:\/\/ink7lab.com\/hr\/wp-json\/wp\/v2\/pages\/16003\/revisions"}],"wp:attachment":[{"href":"https:\/\/ink7lab.com\/hr\/wp-json\/wp\/v2\/media?parent=16003"}],"curies":[{"name":"radni list","href":"https:\/\/api.w.org\/{rel}","templated":true}]}}