{"id":16511,"date":"2025-08-08T13:50:05","date_gmt":"2025-08-08T13:50:05","guid":{"rendered":"https:\/\/ink7lab.com\/?page_id=16511"},"modified":"2025-10-28T15:06:10","modified_gmt":"2025-10-28T15:06:10","slug":"dron-pokazuje-como-1907-como-cup-adidas","status":"publish","type":"page","link":"https:\/\/ink7lab.com\/hr\/drone-shows-portfolio\/spettacoli-droni-como-1907-como-cup-adidas\/","title":{"rendered":"Como 1907 Show dronova | Como Cup i Adidas"},"content":{"rendered":"<h3 class=\"wp-block-heading\">\ud83c\udfc6 Como Cup 2025: ink7lab show dronova koji je transformirao nebo iznad jezera Como \ud83c\udf0c<\/h3>\n\n\n\n<div class=\"wp-block-buttons is-layout-flex wp-block-buttons-is-layout-flex\">\n<div class=\"wp-block-button\"><a class=\"wp-block-button__link has-background wp-element-button\" style=\"border-radius:57px;background-color:#78d524\">250 DRONOVA<\/a><\/div>\n\n\n\n<div class=\"wp-block-button\"><a class=\"wp-block-button__link has-background wp-element-button\" style=\"border-radius:57px;background-color:#78d524\">COMO CUP<\/a><\/div>\n\n\n\n<div class=\"wp-block-button\"><a class=\"wp-block-button__link has-background wp-element-button\" style=\"border-radius:57px;background-color:#78d524\">NOGOMETNI TURNIR<\/a><\/div>\n\n\n\n<div class=\"wp-block-button\"><a class=\"wp-block-button__link has-background wp-element-button\" style=\"border-radius:57px;background-color:#78d524\">ZATVARANJE DOGA\u0110AJA<\/a><\/div>\n<\/div>\n\n\n\n<figure class=\"wp-block-embed is-type-video is-provider-youtube wp-block-embed-youtube wp-embed-aspect-16-9 wp-has-aspect-ratio\"><div class=\"wp-block-embed__wrapper\">\n<iframe title=\"\u010carobni finale Como Cupa 2025: predstava dronova ink7lab o\u010darala je jezero Como \u2728\" width=\"1128\" height=\"635\" src=\"https:\/\/www.youtube.com\/embed\/5x6VwkPB2L8?feature=oembed\" frameborder=\"0\" allow=\"accelerometer; autoplay; clipboard-write; encrypted-media; gyroscope; picture-in-picture; web-share\" referrerpolicy=\"strict-origin-when-cross-origin\" allowfullscreen><\/iframe>\n<\/div><\/figure>\n\n\n\n<div class=\"wp-block-columns is-layout-flex wp-container-core-columns-is-layout-9d6595d7 wp-block-columns-is-layout-flex\">\n<div class=\"wp-block-column is-layout-flow wp-block-column-is-layout-flow\" style=\"flex-basis:33.33%\">\n<ul class=\"wp-block-list\">\n<li>Como, Italija<\/li>\n\n\n\n<li>27. srpnja 2025.<\/li>\n<\/ul>\n<\/div>\n\n\n\n<div class=\"wp-block-column is-layout-flow wp-block-column-is-layout-flow\" style=\"flex-basis:66.66%\">\n<h3 class=\"wp-block-heading\">\u26bd Festival nogometa, kulture i zajedni\u0161tva<\/h3>\n\n\n\n<p>Prvo izdanje <strong>Como kup 2025.<\/strong>, u sklopu festivala <strong>Nogomet na jezeru<\/strong>, pru\u017eio nam je pet izvanrednih dana nogometa, glazbe, kulture i zabave.<br>U jednom od najzna\u010dajnijih mjesta na svijetu \u2013 <strong>Jezero Como<\/strong> \u2013 \u010detiri me\u0111unarodne mom\u010dadi odu\u0161evile su navija\u010de i publiku: <strong>Como 1907.<\/strong>, <strong>Ajax<\/strong>, <strong>Al-Ahli Saudi FC<\/strong> e <strong>Celtic FC<\/strong>.<\/p>\n\n\n\n<p>Ulice, trgovi i stadion <strong>Josip Sinigaglia<\/strong> Napunili su se obo\u017eavateljima, stvaraju\u0107i elektri\u010dnu atmosferu koja je okupila ljude iz cijelog svijeta.<\/p>\n\n\n\n<hr class=\"wp-block-separator has-alpha-channel-opacity\"\/>\n\n\n\n<h2 class=\"wp-block-heading\">Finale: slavlje za Como 1907 i njegove navija\u010de<\/h2>\n\n\n\n<p>Zavr\u0161etak izme\u0111u <strong>Como 1907 i Ajax<\/strong> Bio je to vrhunac doga\u0111aja. Nakon napete utakmice, posljednji zvi\u017eduk izazvao je radost navija\u010da Lariana: slavlje koje je nadilazilo nogomet, ja\u010daju\u0107i vezu izme\u0111u grada, mom\u010dadi i regije.<\/p>\n\n\n\n<p>I dok je publika pljeskala pobjedi, stigao je tihi poziv: <strong>pogledaj u nebo<\/strong>.<\/p>\n\n\n\n<hr class=\"wp-block-separator has-alpha-channel-opacity\"\/>\n\n\n\n<h2 class=\"wp-block-heading\">\ud83c\udf0c Predstava dronova: umjetnost i tehnologija spojene u jednoj predstavi<\/h2>\n\n\n\n<h3 class=\"wp-block-heading\">\u2728 Projekt tvrtke ink7lab \u2013 Divisione And Lights<\/h3>\n\n\n\n<p>Za zatvaranje <strong>Como kup 2025.<\/strong> bilo je <strong>epska predstava dronovima<\/strong> potpisan <strong>ink7lab \u2013 Odjel za rasvjetu i svjetiljke za Italiju i \u0160vicarsku<\/strong>, u suradnji s <strong>Como 1907.<\/strong> e <strong>Adidas<\/strong>.<\/p>\n\n\n\n<p>Stotine dronova pretvorile su nebo iznad jezera Como u svjetle\u0107e platno, pripovijedaju\u0107i emocije festivala ikonskim slikama i spektakularnim animacijama.<\/p>\n\n\n\n<p><\/p>\n\n\n\n<figure class=\"wp-block-embed is-type-video is-provider-youtube wp-block-embed-youtube wp-embed-aspect-16-9 wp-has-aspect-ratio\"><div class=\"wp-block-embed__wrapper\">\n<iframe title=\"\ud83c\udfa5 Drone Show \u2013 Cijeli video 1 | Como Cup 2025 \u2013 Jezero Como by ink7lab\" width=\"1128\" height=\"635\" src=\"https:\/\/www.youtube.com\/embed\/DQXyIUB7ui0?feature=oembed\" frameborder=\"0\" allow=\"accelerometer; autoplay; clipboard-write; encrypted-media; gyroscope; picture-in-picture; web-share\" referrerpolicy=\"strict-origin-when-cross-origin\" allowfullscreen><\/iframe>\n<\/div><\/figure>\n\n\n\n<hr class=\"wp-block-separator has-alpha-channel-opacity\"\/>\n\n\n\n<h2 class=\"wp-block-heading\">\ud83c\udf1f Pripovijedanje koje gane svakoga<\/h2>\n\n\n\n<p>Predstava dronova <strong>ink7lab<\/strong>, koji je trajao preko <strong>12 minuta<\/strong>, ujedinio se <strong>umjetnost, tehnologija i simbolika<\/strong>:<\/p>\n\n\n\n<ul class=\"wp-block-list\">\n<li>\ud83c\udf0a Svjetlosni valovi inspirirani jezerom Como<\/li>\n\n\n\n<li>\ud83c\udfa8 Boje i simboli timova koji sudjeluju<\/li>\n\n\n\n<li>Como Cup suspendiran me\u0111u zvijezdama<\/li>\n\n\n\n<li>\ud83d\udcab Poruke posve\u0107ene navija\u010dima, gradovima i vrijednostima sporta<\/li>\n<\/ul>\n\n\n\n<p><\/p>\n\n\n\n<figure class=\"wp-block-gallery has-nested-images columns-default is-cropped wp-block-gallery-1 is-layout-flex wp-block-gallery-is-layout-flex\">\n<figure class=\"wp-block-image size-large\"><img decoding=\"async\" width=\"577\" height=\"1024\" data-id=\"16423\" src=\"https:\/\/ink7lab.com\/wp-content\/uploads\/2025\/07\/WhatsApp-Image-2025-07-31-at-10.31.35-577x1024.jpeg\" alt=\"\" class=\"wp-image-16423\" srcset=\"https:\/\/ink7lab.com\/wp-content\/uploads\/2025\/07\/WhatsApp-Image-2025-07-31-at-10.31.35-577x1024.jpeg 577w, https:\/\/ink7lab.com\/wp-content\/uploads\/2025\/07\/WhatsApp-Image-2025-07-31-at-10.31.35-169x300.jpeg 169w, https:\/\/ink7lab.com\/wp-content\/uploads\/2025\/07\/WhatsApp-Image-2025-07-31-at-10.31.35-768x1364.jpeg 768w, https:\/\/ink7lab.com\/wp-content\/uploads\/2025\/07\/WhatsApp-Image-2025-07-31-at-10.31.35-865x1536.jpeg 865w, https:\/\/ink7lab.com\/wp-content\/uploads\/2025\/07\/WhatsApp-Image-2025-07-31-at-10.31.35-800x1421.jpeg 800w, https:\/\/ink7lab.com\/wp-content\/uploads\/2025\/07\/WhatsApp-Image-2025-07-31-at-10.31.35-560x995.jpeg 560w, https:\/\/ink7lab.com\/wp-content\/uploads\/2025\/07\/WhatsApp-Image-2025-07-31-at-10.31.35.jpeg 1126w\" sizes=\"(max-width: 577px) 100vw, 577px\" \/><\/figure>\n\n\n\n<figure class=\"wp-block-image size-large\"><img decoding=\"async\" width=\"1024\" height=\"1024\" data-id=\"16421\" src=\"https:\/\/ink7lab.com\/wp-content\/uploads\/2025\/07\/WhatsApp-Image-2025-07-30-at-13.52.42-1024x1024.jpeg\" alt=\"\" class=\"wp-image-16421\" srcset=\"https:\/\/ink7lab.com\/wp-content\/uploads\/2025\/07\/WhatsApp-Image-2025-07-30-at-13.52.42-1024x1024.jpeg 1024w, https:\/\/ink7lab.com\/wp-content\/uploads\/2025\/07\/WhatsApp-Image-2025-07-30-at-13.52.42-300x300.jpeg 300w, https:\/\/ink7lab.com\/wp-content\/uploads\/2025\/07\/WhatsApp-Image-2025-07-30-at-13.52.42-150x150.jpeg 150w, https:\/\/ink7lab.com\/wp-content\/uploads\/2025\/07\/WhatsApp-Image-2025-07-30-at-13.52.42-768x768.jpeg 768w, https:\/\/ink7lab.com\/wp-content\/uploads\/2025\/07\/WhatsApp-Image-2025-07-30-at-13.52.42-800x800.jpeg 800w, https:\/\/ink7lab.com\/wp-content\/uploads\/2025\/07\/WhatsApp-Image-2025-07-30-at-13.52.42-560x560.jpeg 560w, https:\/\/ink7lab.com\/wp-content\/uploads\/2025\/07\/WhatsApp-Image-2025-07-30-at-13.52.42-250x250.jpeg 250w, https:\/\/ink7lab.com\/wp-content\/uploads\/2025\/07\/WhatsApp-Image-2025-07-30-at-13.52.42-120x120.jpeg 120w, https:\/\/ink7lab.com\/wp-content\/uploads\/2025\/07\/WhatsApp-Image-2025-07-30-at-13.52.42.jpeg 1200w\" sizes=\"(max-width: 1024px) 100vw, 1024px\" \/><\/figure>\n\n\n\n<figure class=\"wp-block-image size-large\"><img decoding=\"async\" width=\"1024\" height=\"1024\" data-id=\"16416\" src=\"https:\/\/ink7lab.com\/wp-content\/uploads\/2025\/07\/WhatsApp-Image-2025-07-30-at-13.47.41-1024x1024.jpeg\" alt=\"\" class=\"wp-image-16416\" srcset=\"https:\/\/ink7lab.com\/wp-content\/uploads\/2025\/07\/WhatsApp-Image-2025-07-30-at-13.47.41-1024x1024.jpeg 1024w, https:\/\/ink7lab.com\/wp-content\/uploads\/2025\/07\/WhatsApp-Image-2025-07-30-at-13.47.41-300x300.jpeg 300w, https:\/\/ink7lab.com\/wp-content\/uploads\/2025\/07\/WhatsApp-Image-2025-07-30-at-13.47.41-150x150.jpeg 150w, https:\/\/ink7lab.com\/wp-content\/uploads\/2025\/07\/WhatsApp-Image-2025-07-30-at-13.47.41-768x768.jpeg 768w, https:\/\/ink7lab.com\/wp-content\/uploads\/2025\/07\/WhatsApp-Image-2025-07-30-at-13.47.41-800x800.jpeg 800w, https:\/\/ink7lab.com\/wp-content\/uploads\/2025\/07\/WhatsApp-Image-2025-07-30-at-13.47.41-560x560.jpeg 560w, https:\/\/ink7lab.com\/wp-content\/uploads\/2025\/07\/WhatsApp-Image-2025-07-30-at-13.47.41-250x250.jpeg 250w, https:\/\/ink7lab.com\/wp-content\/uploads\/2025\/07\/WhatsApp-Image-2025-07-30-at-13.47.41-120x120.jpeg 120w, https:\/\/ink7lab.com\/wp-content\/uploads\/2025\/07\/WhatsApp-Image-2025-07-30-at-13.47.41.jpeg 1200w\" sizes=\"(max-width: 1024px) 100vw, 1024px\" \/><\/figure>\n\n\n\n<figure class=\"wp-block-image size-large\"><img decoding=\"async\" width=\"1024\" height=\"1024\" data-id=\"16420\" src=\"https:\/\/ink7lab.com\/wp-content\/uploads\/2025\/07\/WhatsApp-Image-2025-07-30-at-13.47.41-4-1024x1024.jpeg\" alt=\"\" class=\"wp-image-16420\" srcset=\"https:\/\/ink7lab.com\/wp-content\/uploads\/2025\/07\/WhatsApp-Image-2025-07-30-at-13.47.41-4-1024x1024.jpeg 1024w, https:\/\/ink7lab.com\/wp-content\/uploads\/2025\/07\/WhatsApp-Image-2025-07-30-at-13.47.41-4-300x300.jpeg 300w, https:\/\/ink7lab.com\/wp-content\/uploads\/2025\/07\/WhatsApp-Image-2025-07-30-at-13.47.41-4-150x150.jpeg 150w, https:\/\/ink7lab.com\/wp-content\/uploads\/2025\/07\/WhatsApp-Image-2025-07-30-at-13.47.41-4-768x768.jpeg 768w, https:\/\/ink7lab.com\/wp-content\/uploads\/2025\/07\/WhatsApp-Image-2025-07-30-at-13.47.41-4-800x800.jpeg 800w, https:\/\/ink7lab.com\/wp-content\/uploads\/2025\/07\/WhatsApp-Image-2025-07-30-at-13.47.41-4-560x560.jpeg 560w, https:\/\/ink7lab.com\/wp-content\/uploads\/2025\/07\/WhatsApp-Image-2025-07-30-at-13.47.41-4-250x250.jpeg 250w, https:\/\/ink7lab.com\/wp-content\/uploads\/2025\/07\/WhatsApp-Image-2025-07-30-at-13.47.41-4-120x120.jpeg 120w, https:\/\/ink7lab.com\/wp-content\/uploads\/2025\/07\/WhatsApp-Image-2025-07-30-at-13.47.41-4.jpeg 1200w\" sizes=\"(max-width: 1024px) 100vw, 1024px\" \/><\/figure>\n\n\n\n<figure class=\"wp-block-image size-large\"><img decoding=\"async\" width=\"1024\" height=\"1024\" data-id=\"16419\" src=\"https:\/\/ink7lab.com\/wp-content\/uploads\/2025\/07\/WhatsApp-Image-2025-07-30-at-13.47.41-3-1024x1024.jpeg\" alt=\"\" class=\"wp-image-16419\" srcset=\"https:\/\/ink7lab.com\/wp-content\/uploads\/2025\/07\/WhatsApp-Image-2025-07-30-at-13.47.41-3-1024x1024.jpeg 1024w, https:\/\/ink7lab.com\/wp-content\/uploads\/2025\/07\/WhatsApp-Image-2025-07-30-at-13.47.41-3-300x300.jpeg 300w, https:\/\/ink7lab.com\/wp-content\/uploads\/2025\/07\/WhatsApp-Image-2025-07-30-at-13.47.41-3-150x150.jpeg 150w, https:\/\/ink7lab.com\/wp-content\/uploads\/2025\/07\/WhatsApp-Image-2025-07-30-at-13.47.41-3-768x768.jpeg 768w, https:\/\/ink7lab.com\/wp-content\/uploads\/2025\/07\/WhatsApp-Image-2025-07-30-at-13.47.41-3-800x800.jpeg 800w, https:\/\/ink7lab.com\/wp-content\/uploads\/2025\/07\/WhatsApp-Image-2025-07-30-at-13.47.41-3-560x560.jpeg 560w, https:\/\/ink7lab.com\/wp-content\/uploads\/2025\/07\/WhatsApp-Image-2025-07-30-at-13.47.41-3-250x250.jpeg 250w, https:\/\/ink7lab.com\/wp-content\/uploads\/2025\/07\/WhatsApp-Image-2025-07-30-at-13.47.41-3-120x120.jpeg 120w, https:\/\/ink7lab.com\/wp-content\/uploads\/2025\/07\/WhatsApp-Image-2025-07-30-at-13.47.41-3.jpeg 1200w\" sizes=\"(max-width: 1024px) 100vw, 1024px\" \/><\/figure>\n\n\n\n<figure class=\"wp-block-image size-large\"><img decoding=\"async\" width=\"1024\" height=\"1024\" data-id=\"16418\" src=\"https:\/\/ink7lab.com\/wp-content\/uploads\/2025\/07\/WhatsApp-Image-2025-07-30-at-13.47.41-2-1024x1024.jpeg\" alt=\"\" class=\"wp-image-16418\" srcset=\"https:\/\/ink7lab.com\/wp-content\/uploads\/2025\/07\/WhatsApp-Image-2025-07-30-at-13.47.41-2-1024x1024.jpeg 1024w, https:\/\/ink7lab.com\/wp-content\/uploads\/2025\/07\/WhatsApp-Image-2025-07-30-at-13.47.41-2-300x300.jpeg 300w, https:\/\/ink7lab.com\/wp-content\/uploads\/2025\/07\/WhatsApp-Image-2025-07-30-at-13.47.41-2-150x150.jpeg 150w, https:\/\/ink7lab.com\/wp-content\/uploads\/2025\/07\/WhatsApp-Image-2025-07-30-at-13.47.41-2-768x768.jpeg 768w, https:\/\/ink7lab.com\/wp-content\/uploads\/2025\/07\/WhatsApp-Image-2025-07-30-at-13.47.41-2-800x800.jpeg 800w, https:\/\/ink7lab.com\/wp-content\/uploads\/2025\/07\/WhatsApp-Image-2025-07-30-at-13.47.41-2-560x560.jpeg 560w, https:\/\/ink7lab.com\/wp-content\/uploads\/2025\/07\/WhatsApp-Image-2025-07-30-at-13.47.41-2-250x250.jpeg 250w, https:\/\/ink7lab.com\/wp-content\/uploads\/2025\/07\/WhatsApp-Image-2025-07-30-at-13.47.41-2-120x120.jpeg 120w, https:\/\/ink7lab.com\/wp-content\/uploads\/2025\/07\/WhatsApp-Image-2025-07-30-at-13.47.41-2.jpeg 1200w\" sizes=\"(max-width: 1024px) 100vw, 1024px\" \/><\/figure>\n\n\n\n<figure class=\"wp-block-image size-large\"><img decoding=\"async\" width=\"1024\" height=\"1024\" data-id=\"16415\" src=\"https:\/\/ink7lab.com\/wp-content\/uploads\/2025\/07\/WhatsApp-Image-2025-07-30-at-13.47.40-3-1024x1024.jpeg\" alt=\"\" class=\"wp-image-16415\" srcset=\"https:\/\/ink7lab.com\/wp-content\/uploads\/2025\/07\/WhatsApp-Image-2025-07-30-at-13.47.40-3-1024x1024.jpeg 1024w, https:\/\/ink7lab.com\/wp-content\/uploads\/2025\/07\/WhatsApp-Image-2025-07-30-at-13.47.40-3-300x300.jpeg 300w, https:\/\/ink7lab.com\/wp-content\/uploads\/2025\/07\/WhatsApp-Image-2025-07-30-at-13.47.40-3-150x150.jpeg 150w, https:\/\/ink7lab.com\/wp-content\/uploads\/2025\/07\/WhatsApp-Image-2025-07-30-at-13.47.40-3-768x768.jpeg 768w, https:\/\/ink7lab.com\/wp-content\/uploads\/2025\/07\/WhatsApp-Image-2025-07-30-at-13.47.40-3-800x800.jpeg 800w, https:\/\/ink7lab.com\/wp-content\/uploads\/2025\/07\/WhatsApp-Image-2025-07-30-at-13.47.40-3-560x560.jpeg 560w, https:\/\/ink7lab.com\/wp-content\/uploads\/2025\/07\/WhatsApp-Image-2025-07-30-at-13.47.40-3-250x250.jpeg 250w, https:\/\/ink7lab.com\/wp-content\/uploads\/2025\/07\/WhatsApp-Image-2025-07-30-at-13.47.40-3-120x120.jpeg 120w, https:\/\/ink7lab.com\/wp-content\/uploads\/2025\/07\/WhatsApp-Image-2025-07-30-at-13.47.40-3.jpeg 1200w\" sizes=\"(max-width: 1024px) 100vw, 1024px\" \/><\/figure>\n\n\n\n<figure class=\"wp-block-image size-large\"><img decoding=\"async\" width=\"1024\" height=\"1024\" data-id=\"16412\" src=\"https:\/\/ink7lab.com\/wp-content\/uploads\/2025\/07\/WhatsApp-Image-2025-07-30-at-13.47.40-1-1024x1024.jpeg\" alt=\"\" class=\"wp-image-16412\" srcset=\"https:\/\/ink7lab.com\/wp-content\/uploads\/2025\/07\/WhatsApp-Image-2025-07-30-at-13.47.40-1-1024x1024.jpeg 1024w, https:\/\/ink7lab.com\/wp-content\/uploads\/2025\/07\/WhatsApp-Image-2025-07-30-at-13.47.40-1-300x300.jpeg 300w, https:\/\/ink7lab.com\/wp-content\/uploads\/2025\/07\/WhatsApp-Image-2025-07-30-at-13.47.40-1-150x150.jpeg 150w, https:\/\/ink7lab.com\/wp-content\/uploads\/2025\/07\/WhatsApp-Image-2025-07-30-at-13.47.40-1-768x768.jpeg 768w, https:\/\/ink7lab.com\/wp-content\/uploads\/2025\/07\/WhatsApp-Image-2025-07-30-at-13.47.40-1-800x800.jpeg 800w, https:\/\/ink7lab.com\/wp-content\/uploads\/2025\/07\/WhatsApp-Image-2025-07-30-at-13.47.40-1-560x560.jpeg 560w, https:\/\/ink7lab.com\/wp-content\/uploads\/2025\/07\/WhatsApp-Image-2025-07-30-at-13.47.40-1-250x250.jpeg 250w, https:\/\/ink7lab.com\/wp-content\/uploads\/2025\/07\/WhatsApp-Image-2025-07-30-at-13.47.40-1-120x120.jpeg 120w, https:\/\/ink7lab.com\/wp-content\/uploads\/2025\/07\/WhatsApp-Image-2025-07-30-at-13.47.40-1.jpeg 1200w\" sizes=\"(max-width: 1024px) 100vw, 1024px\" \/><\/figure>\n<\/figure>\n\n\n\n<hr class=\"wp-block-separator has-alpha-channel-opacity\"\/>\n\n\n\n<h2 class=\"wp-block-heading\">\ud83d\udc4f Reakcija javnosti<\/h2>\n\n\n\n<p>Gromoglasan pljesak, skandiranje i pogledi uprti u nebo: reakcija publike bila je izvanredna.<br>Predstava dronova <strong>ink7lab<\/strong> ne samo slavio pobjedu <strong>Como 1907.<\/strong>, ali je odao po\u010dast festivalu <strong>Nogomet na jezeru<\/strong> i njegovu sposobnost ujedinjenja sporta, kulture i zajednice.<\/p>\n\n\n\n<hr class=\"wp-block-separator has-alpha-channel-opacity\"\/>\n\n\n\n<h2 class=\"wp-block-heading\">\ud83e\udd1d Izvrsna suradnja<\/h2>\n\n\n\n<p>Uspjeh doga\u0111aja bio je mogu\u0107 zahvaljuju\u0107i savr\u0161enoj sinergiji izme\u0111u <strong>ink7lab \u2013 Odjel za rasvjetu i svjetiljke za Italiju i \u0160vicarsku<\/strong>, <strong>Como 1907.<\/strong> e <strong>Adidas<\/strong>, koji je radio na osiguravanju sigurne i me\u0111unarodno priznate predstave.<\/p>\n\n\n\n<hr class=\"wp-block-separator has-alpha-channel-opacity\"\/>\n\n\n\n<h2 class=\"wp-block-heading\">Nogomet na jezeru: budu\u0107nost doga\u0111aja u Comu<\/h2>\n\n\n\n<p>Tamo <strong>Como kup<\/strong> i festival <strong>Nogomet na jezeru<\/strong> Pokazali su kako sport, zabava i spektakl mogu koegzistirati, stvaraju\u0107i nezaboravna iskustva.<\/p>\n\n\n\n<p>Slike osvijetljenog neba pro\u0161irile su se dru\u0161tvenim mre\u017eama i postale simbol grada i za... <strong>Jezero Como<\/strong>.<\/p>\n<\/div>\n<\/div>\n\n\n\n<figure class=\"wp-block-embed is-type-video is-provider-youtube wp-block-embed-youtube wp-embed-aspect-16-9 wp-has-aspect-ratio\"><div class=\"wp-block-embed__wrapper\">\n<iframe title=\"Ink7lab dronska predstava nije samo predstava: to je preciznost, emocija i jedinstveni potpis na nebu.\" width=\"1128\" height=\"635\" src=\"https:\/\/www.youtube.com\/embed\/UTZqz3akDak?feature=oembed\" frameborder=\"0\" allow=\"accelerometer; autoplay; clipboard-write; encrypted-media; gyroscope; picture-in-picture; web-share\" referrerpolicy=\"strict-origin-when-cross-origin\" allowfullscreen><\/iframe>\n<\/div><\/figure>\n\n\n\n<div style=\"height:50px\" aria-hidden=\"true\" class=\"wp-block-spacer\"><\/div>\n\n\n\n<h3 class=\"wp-block-heading\">POVEZANI DOGA\u0110AJI<\/h3>\n\n\n\n<div style=\"height:50px\" aria-hidden=\"true\" class=\"wp-block-spacer\"><\/div>\n\n\n\n<div class=\"wp-block-columns outerbox is-layout-flex wp-container-core-columns-is-layout-9d6595d7 wp-block-columns-is-layout-flex\">\n<div class=\"wp-block-column has-background is-layout-flow wp-block-column-is-layout-flow\" style=\"background-color:#19181a\">\n<figure class=\"wp-block-image size-large\"><img decoding=\"async\" width=\"1024\" height=\"1024\" src=\"https:\/\/ink7lab.com\/wp-content\/uploads\/2025\/06\/Verjaardag-Antonella-\u2013-11-1030x1030-1-1024x1024.png\" alt=\"\" class=\"wp-image-15861\" style=\"aspect-ratio:16\/9;object-fit:cover\" srcset=\"\" sizes=\"(max-width: 1024px) 100vw, 1024px\" data-srcset=\"\" \/><\/figure>\n\n\n\n<div class=\"wp-block-columns innerbox is-layout-flex wp-container-core-columns-is-layout-9d6595d7 wp-block-columns-is-layout-flex\">\n<div class=\"wp-block-column is-layout-flow wp-block-column-is-layout-flow\">\n<h3 class=\"wp-block-heading\"><a href=\"https:\/\/ink7lab.com\/hr\/%f0%9d%97%97%f0%9d%97%94%f0%9d%97%9e%f0%9d%97%94%f0%9d%97%9e%f0%9d%97%94%f0%9d%97%9e%f0%9d%97%94%f0%9d%97%9e%f0%9d%97%94%f0%9d%97%9e%f0%9d%97%94%f0%9d%97%9e%f0%9d%97%94%f0%9d%97%9e%f0%9d%97%94\/\" title=\"\">Antonella \ud835\uddd6\ud835\uddf2\ud835\uddf9\ud835\uddf2\ud835\uddef\ud835\uddff\ud835\uddee\ud835\ude01\ud835\uddf6\ud835\uddfb\ud835\uddf4 \ud835\udde4\ud835\ude02\ud835\uddf6\ud835\uddfb\ud835\uddf0\ud835\uddf2\ud835\uddee\ud835\uddfb\u0303\ud835\uddf2\ud835\uddff\ud835\uddee u spektakularnom stilu<\/a><\/h3>\n\n\n\n<p><a href=\"https:\/\/ink7lab.com\/hr\/%f0%9d%97%97%f0%9d%97%94%f0%9d%97%9e%f0%9d%97%94%f0%9d%97%9e%f0%9d%97%94%f0%9d%97%9e%f0%9d%97%94%f0%9d%97%9e%f0%9d%97%94%f0%9d%97%9e%f0%9d%97%94%f0%9d%97%9e%f0%9d%97%94%f0%9d%97%9e%f0%9d%97%94\/\" title=\"\">Saznajte vi\u0161e<\/a><\/p>\n<\/div>\n<\/div>\n<\/div>\n\n\n\n<div class=\"wp-block-column has-background is-layout-flow wp-block-column-is-layout-flow\" style=\"background-color:#19181a\">\n<figure class=\"wp-block-image size-large\"><img decoding=\"async\" width=\"1024\" height=\"1024\" src=\"https:\/\/ink7lab.com\/wp-content\/uploads\/2025\/06\/Construct-Euorpe-04-1024x1024.png\" alt=\"\" class=\"wp-image-15862\" style=\"aspect-ratio:16\/9;object-fit:cover\" srcset=\"https:\/\/ink7lab.com\/wp-content\/uploads\/2025\/06\/Construct-Euorpe-04-1024x1024.png 1024w, https:\/\/ink7lab.com\/wp-content\/uploads\/2025\/06\/Construct-Euorpe-04-300x300.png 300w, https:\/\/ink7lab.com\/wp-content\/uploads\/2025\/06\/Construct-Euorpe-04-150x150.png 150w, https:\/\/ink7lab.com\/wp-content\/uploads\/2025\/06\/Construct-Euorpe-04-768x768.png 768w, https:\/\/ink7lab.com\/wp-content\/uploads\/2025\/06\/Construct-Euorpe-04-800x800.png 800w, https:\/\/ink7lab.com\/wp-content\/uploads\/2025\/06\/Construct-Euorpe-04-560x560.png 560w, https:\/\/ink7lab.com\/wp-content\/uploads\/2025\/06\/Construct-Euorpe-04-250x250.png 250w, https:\/\/ink7lab.com\/wp-content\/uploads\/2025\/06\/Construct-Euorpe-04-120x120.png 120w, https:\/\/ink7lab.com\/wp-content\/uploads\/2025\/06\/Construct-Euorpe-04.png 1200w\" sizes=\"(max-width: 1024px) 100vw, 1024px\" \/><\/figure>\n\n\n\n<div class=\"wp-block-columns innerbox is-layout-flex wp-container-core-columns-is-layout-9d6595d7 wp-block-columns-is-layout-flex\">\n<div class=\"wp-block-column is-layout-flow wp-block-column-is-layout-flow\">\n<h3 class=\"wp-block-heading\"><a href=\"https:\/\/ink7lab.com\/hr\/dvodjelni-svjetlosni-show-dronovima-s-orkestrom-uzivo\/\" title=\"\">Dvodjelni svjetlosni show s dronovima i orkestrom u\u017eivo<\/a><\/h3>\n\n\n\n<p><a href=\"https:\/\/ink7lab.com\/hr\/dvodjelni-svjetlosni-show-dronovima-s-orkestrom-uzivo\/\" title=\"\u010citaj vi\u0161e\">Saznajte vi\u0161e<\/a><\/p>\n<\/div>\n<\/div>\n<\/div>\n<\/div>","protected":false},"excerpt":{"rendered":"\ud83c\udfc6 Como Cup 2025: il drone show di ink7lab che ha trasformato","protected":false},"author":1,"featured_media":16421,"parent":15845,"menu_order":0,"comment_status":"closed","ping_status":"closed","template":"","meta":{"om_disable_all_campaigns":false,"_monsterinsights_skip_tracking":false,"_monsterinsights_sitenote_active":false,"_monsterinsights_sitenote_note":"","_monsterinsights_sitenote_category":0,"_uf_show_specific_survey":0,"_uf_disable_surveys":false,"footnotes":""},"class_list":["post-16511","page","type-page","status-publish","has-post-thumbnail","hentry"],"aioseo_notices":[],"_links":{"self":[{"href":"https:\/\/ink7lab.com\/hr\/wp-json\/wp\/v2\/pages\/16511","targetHints":{"allow":["GET"]}}],"collection":[{"href":"https:\/\/ink7lab.com\/hr\/wp-json\/wp\/v2\/pages"}],"about":[{"href":"https:\/\/ink7lab.com\/hr\/wp-json\/wp\/v2\/types\/page"}],"author":[{"embeddable":true,"href":"https:\/\/ink7lab.com\/hr\/wp-json\/wp\/v2\/users\/1"}],"replies":[{"embeddable":true,"href":"https:\/\/ink7lab.com\/hr\/wp-json\/wp\/v2\/comments?post=16511"}],"version-history":[{"count":0,"href":"https:\/\/ink7lab.com\/hr\/wp-json\/wp\/v2\/pages\/16511\/revisions"}],"up":[{"embeddable":true,"href":"https:\/\/ink7lab.com\/hr\/wp-json\/wp\/v2\/pages\/15845"}],"wp:featuredmedia":[{"embeddable":true,"href":"https:\/\/ink7lab.com\/hr\/wp-json\/wp\/v2\/media\/16421"}],"wp:attachment":[{"href":"https:\/\/ink7lab.com\/hr\/wp-json\/wp\/v2\/media?parent=16511"}],"curies":[{"name":"radni list","href":"https:\/\/api.w.org\/{rel}","templated":true}]}}