{"id":17010,"date":"2025-10-11T23:55:21","date_gmt":"2025-10-11T23:55:21","guid":{"rendered":"https:\/\/ink7lab.com\/?page_id=17010"},"modified":"2025-10-15T01:24:25","modified_gmt":"2025-10-15T01:24:25","slug":"valerie-sam-i-njezina-vjencana-izlozba-dronova-u-bruxellesu-6-rujna-2025","status":"publish","type":"page","link":"https:\/\/ink7lab.com\/hr\/drone-show-matrimonio-valerie-sam-bruxelles-6-settembre-2025\/","title":{"rendered":"Virginie i Sam&#039;s Wedding Drone Show \u2013 Bruxelles, 6. rujna 2025."},"content":{"rendered":"<h3 class=\"wp-block-heading\">Drone Show Matrimonio Virginie & Sam \u2013 Bruxelles, 6 Settembre 2025<\/h3>\n\n\n\n<div class=\"wp-block-buttons is-layout-flex wp-block-buttons-is-layout-flex\">\n<div class=\"wp-block-button\"><a class=\"wp-block-button__link has-background wp-element-button\" style=\"border-radius:57px;background-color:#78d524\">175 DRONOVA<\/a><\/div>\n\n\n\n<div class=\"wp-block-button\"><a class=\"wp-block-button__link has-background wp-element-button\" style=\"border-radius:57px;background-color:#78d524\">BRUXELLES<\/a><\/div>\n\n\n\n<div class=\"wp-block-button\"><a class=\"wp-block-button__link has-background wp-element-button\" style=\"border-radius:57px;background-color:#78d524\">VJEN\u010cANJE<\/a><\/div>\n\n\n\n<div class=\"wp-block-button\"><a class=\"wp-block-button__link has-background wp-element-button\" style=\"border-radius:57px;background-color:#78d524\">IZNENA\u0110ENJE<\/a><\/div>\n<\/div>\n\n\n\n<figure class=\"wp-block-embed is-type-video is-provider-youtube wp-block-embed-youtube wp-embed-aspect-16-9 wp-has-aspect-ratio\"><div class=\"wp-block-embed__wrapper\">\n<iframe title=\"Vjen\u010danje za pam\u0107enje \" width=\"1128\" height=\"635\" src=\"https:\/\/www.youtube.com\/embed\/vxQ1C3ZKwbI?feature=oembed\" frameborder=\"0\" allow=\"accelerometer; autoplay; clipboard-write; encrypted-media; gyroscope; picture-in-picture; web-share\" referrerpolicy=\"strict-origin-when-cross-origin\" allowfullscreen><\/iframe>\n<\/div><\/figure>\n\n\n\n<div class=\"wp-block-columns is-layout-flex wp-container-core-columns-is-layout-9d6595d7 wp-block-columns-is-layout-flex\">\n<div class=\"wp-block-column is-layout-flow wp-block-column-is-layout-flow\" style=\"flex-basis:33.33%\">\n<ul class=\"wp-block-list\">\n<li>Bruxelles, Belgija<\/li>\n<\/ul>\n<\/div>\n\n\n\n<div class=\"wp-block-column is-layout-flow wp-block-column-is-layout-flow\" style=\"flex-basis:66.66%\">\n<p>6. rujna 2025., u prekrasnom okru\u017eenju <strong>Bruxelles<\/strong>, nebo se pretvorilo u platno \u010distih emocija zahvaljuju\u0107i <strong>Predstava dronovima<\/strong> <strong>sa 175 dronova<\/strong>, potpisano <strong>ink7lab \u2013<br>I odjel rasvjete za Italiju i \u0160vicarsku.<\/strong><\/p>\n\n\n\n<p>Tijekom dana vjen\u010danja <strong>Virginie & Sam<\/strong>, neo\u010dekivani trenutak ostavio je sve bez rije\u010di.<br>Odjednom se nebo obasjalo svjetlo\u0161\u0107u:<strong> susret leptira, golubovi<\/strong><br><strong>Lete zajedno, figure ple\u0161u u zraku kao u svjetle\u0107oj poemi. \u2728<\/strong><\/p>\n\n\n\n<p>A<strong> Iznena\u0111uju\u0107i show dronova<\/strong>, dizajniran od strane mlado\u017eenje kao <strong>gesta ljubavi<\/strong>, pretvorio je ve\u010der u iskustvo \u010distog \u010duda.<br>Ti\u0161ina. Zaprepa\u0161tenje. Pljesak.<br>Svaki pokret, svako svjetlo, pri\u010dalo je pri\u010du o jedinstvu, harmoniji i autenti\u010dnom osje\u0107aju.<\/p>\n\n\n\n<p>Izra\u0111en dronovima najnovije generacije, certificiranim prema najstro\u017eim europskim standardima, sajam je ujedinio <strong>tehnologija, umjetnost i odr\u017eivost<\/strong> U jednoj emociji. Uspomena koja \u0107e zauvijek ostati u srcima mladenaca i njihovih gostiju. \ud83d\udc8d<\/p>\n\n\n\n<p><a href=\"https:\/\/ink7lab.com\/hr\/portfolio-izlozbi-dronova\/\" title=\"\">\ud83d\udc49 Pogledajte na\u0161 portfolio<\/a><\/p>\n\n\n\n<p><a href=\"https:\/\/ink7lab.com\/hr\/svjetlosne-predstave-dronovima\/\" title=\"\"><br>\ud83d\udc49 Saznajte vi\u0161e<\/a><\/p>\n\n\n\n<p><a href=\"https:\/\/ink7lab.com\/hr\/kontakti\/\" title=\"\"><br>\ud83d\udc49 Zatra\u017eite ponudu<\/a><\/p>\n<\/div>\n<\/div>\n\n\n\n<div style=\"height:50px\" aria-hidden=\"true\" class=\"wp-block-spacer\"><\/div>\n\n\n\n<h3 class=\"wp-block-heading\">POVEZANI DOGA\u0110AJI<\/h3>\n\n\n\n<div style=\"height:30px\" aria-hidden=\"true\" class=\"wp-block-spacer\"><\/div>\n\n\n\n<div class=\"wp-block-columns outerbox is-layout-flex wp-container-core-columns-is-layout-9d6595d7 wp-block-columns-is-layout-flex\">\n<div class=\"wp-block-column has-background is-layout-flow wp-block-column-is-layout-flow\" style=\"background-color:#19181a\">\n<figure class=\"wp-block-image size-large\"><img decoding=\"async\" width=\"1024\" height=\"1024\" src=\"https:\/\/ink7lab.com\/wp-content\/uploads\/2025\/06\/Verjaardag-Antonella-\u2013-11-1030x1030-1-1024x1024.png\" alt=\"\" class=\"wp-image-15861\" style=\"aspect-ratio:16\/9;object-fit:cover\" srcset=\"\" sizes=\"(max-width: 1024px) 100vw, 1024px\" data-srcset=\"\" \/><\/figure>\n\n\n\n<div class=\"wp-block-columns innerbox is-layout-flex wp-container-core-columns-is-layout-9d6595d7 wp-block-columns-is-layout-flex\">\n<div class=\"wp-block-column is-layout-flow wp-block-column-is-layout-flow\">\n<h3 class=\"wp-block-heading\"><a href=\"https:\/\/ink7lab.com\/hr\/%f0%9d%97%97%f0%9d%97%94%f0%9d%97%9e%f0%9d%97%94%f0%9d%97%9e%f0%9d%97%94%f0%9d%97%9e%f0%9d%97%94%f0%9d%97%9e%f0%9d%97%94%f0%9d%97%9e%f0%9d%97%94%f0%9d%97%9e%f0%9d%97%94%f0%9d%97%9e%f0%9d%97%94\/\" title=\"\">Antonella \ud835\uddd6\ud835\uddf2\ud835\uddf9\ud835\uddf2\ud835\uddef\ud835\uddff\ud835\uddee\ud835\ude01\ud835\uddf6\ud835\uddfb\ud835\uddf4 \ud835\udde4\ud835\ude02\ud835\uddf6\ud835\uddfb\ud835\uddf0\ud835\uddf2\ud835\uddee\ud835\uddfb\u0303\ud835\uddf2\ud835\uddff\ud835\uddee u spektakularnom stilu<\/a><\/h3>\n\n\n\n<p><a href=\"https:\/\/ink7lab.com\/hr\/%f0%9d%97%97%f0%9d%97%94%f0%9d%97%9e%f0%9d%97%94%f0%9d%97%9e%f0%9d%97%94%f0%9d%97%9e%f0%9d%97%94%f0%9d%97%9e%f0%9d%97%94%f0%9d%97%9e%f0%9d%97%94%f0%9d%97%9e%f0%9d%97%94%f0%9d%97%9e%f0%9d%97%94\/\" title=\"\">Saznajte vi\u0161e<\/a><\/p>\n<\/div>\n<\/div>\n<\/div>\n\n\n\n<div class=\"wp-block-column has-background is-layout-flow wp-block-column-is-layout-flow\" style=\"background-color:#19181a\">\n<figure class=\"wp-block-image size-large\"><img decoding=\"async\" width=\"1024\" height=\"1024\" src=\"https:\/\/ink7lab.com\/wp-content\/uploads\/2025\/06\/Construct-Euorpe-04-1024x1024.png\" alt=\"\" class=\"wp-image-15862\" style=\"aspect-ratio:16\/9;object-fit:cover\" srcset=\"https:\/\/ink7lab.com\/wp-content\/uploads\/2025\/06\/Construct-Euorpe-04-1024x1024.png 1024w, https:\/\/ink7lab.com\/wp-content\/uploads\/2025\/06\/Construct-Euorpe-04-300x300.png 300w, https:\/\/ink7lab.com\/wp-content\/uploads\/2025\/06\/Construct-Euorpe-04-150x150.png 150w, https:\/\/ink7lab.com\/wp-content\/uploads\/2025\/06\/Construct-Euorpe-04-768x768.png 768w, https:\/\/ink7lab.com\/wp-content\/uploads\/2025\/06\/Construct-Euorpe-04-800x800.png 800w, https:\/\/ink7lab.com\/wp-content\/uploads\/2025\/06\/Construct-Euorpe-04-560x560.png 560w, https:\/\/ink7lab.com\/wp-content\/uploads\/2025\/06\/Construct-Euorpe-04-250x250.png 250w, https:\/\/ink7lab.com\/wp-content\/uploads\/2025\/06\/Construct-Euorpe-04-120x120.png 120w, https:\/\/ink7lab.com\/wp-content\/uploads\/2025\/06\/Construct-Euorpe-04.png 1200w\" sizes=\"(max-width: 1024px) 100vw, 1024px\" \/><\/figure>\n\n\n\n<div class=\"wp-block-columns innerbox is-layout-flex wp-container-core-columns-is-layout-9d6595d7 wp-block-columns-is-layout-flex\">\n<div class=\"wp-block-column is-layout-flow wp-block-column-is-layout-flow\">\n<h3 class=\"wp-block-heading\"><a href=\"https:\/\/ink7lab.com\/hr\/dvodjelni-svjetlosni-show-dronovima-s-orkestrom-uzivo\/\" title=\"\">Dvodjelni svjetlosni show s dronovima i orkestrom u\u017eivo<\/a><\/h3>\n\n\n\n<p><a href=\"https:\/\/ink7lab.com\/hr\/dvodjelni-svjetlosni-show-dronovima-s-orkestrom-uzivo\/\" title=\"\u010citaj vi\u0161e\"><a href=\"https:\/\/ink7lab.com\/hr\/%f0%9d%97%97%f0%9d%97%94%f0%9d%97%9e%f0%9d%97%94%f0%9d%97%9e%f0%9d%97%94%f0%9d%97%9e%f0%9d%97%94%f0%9d%97%9e%f0%9d%97%94%f0%9d%97%9e%f0%9d%97%94%f0%9d%97%9e%f0%9d%97%94%f0%9d%97%9e%f0%9d%97%94\/\" title=\"\">Saznajte vi\u0161e<\/a><\/a><\/p>\n<\/div>\n<\/div>\n<\/div>\n<\/div>","protected":false},"excerpt":{"rendered":"Drone Show Matrimonio Virginie &amp; Sam \u2013 Bruxelles, 6 Settembre 2025 175","protected":false},"author":1,"featured_media":0,"parent":0,"menu_order":0,"comment_status":"closed","ping_status":"closed","template":"","meta":{"om_disable_all_campaigns":false,"_monsterinsights_skip_tracking":false,"_monsterinsights_sitenote_active":false,"_monsterinsights_sitenote_note":"","_monsterinsights_sitenote_category":0,"_uf_show_specific_survey":0,"_uf_disable_surveys":false,"footnotes":""},"class_list":["post-17010","page","type-page","status-publish","hentry"],"aioseo_notices":[],"_links":{"self":[{"href":"https:\/\/ink7lab.com\/hr\/wp-json\/wp\/v2\/pages\/17010","targetHints":{"allow":["GET"]}}],"collection":[{"href":"https:\/\/ink7lab.com\/hr\/wp-json\/wp\/v2\/pages"}],"about":[{"href":"https:\/\/ink7lab.com\/hr\/wp-json\/wp\/v2\/types\/page"}],"author":[{"embeddable":true,"href":"https:\/\/ink7lab.com\/hr\/wp-json\/wp\/v2\/users\/1"}],"replies":[{"embeddable":true,"href":"https:\/\/ink7lab.com\/hr\/wp-json\/wp\/v2\/comments?post=17010"}],"version-history":[{"count":0,"href":"https:\/\/ink7lab.com\/hr\/wp-json\/wp\/v2\/pages\/17010\/revisions"}],"wp:attachment":[{"href":"https:\/\/ink7lab.com\/hr\/wp-json\/wp\/v2\/media?parent=17010"}],"curies":[{"name":"radni list","href":"https:\/\/api.w.org\/{rel}","templated":true}]}}