{"id":17013,"date":"2025-10-12T00:50:25","date_gmt":"2025-10-12T00:50:25","guid":{"rendered":"https:\/\/ink7lab.com\/?page_id=17013"},"modified":"2025-10-29T11:32:02","modified_gmt":"2025-10-29T11:32:02","slug":"valerie-lorenzo-bellagio-i-njezina-vjencana-dron-show-8-listopada-2025","status":"publish","type":"page","link":"https:\/\/ink7lab.com\/hr\/drone-show-matrimonio-valerie-lorenzo-bellagio-8-ottobre-2025\/","title":{"rendered":"Valerie i Lorenzo: Vjen\u010danje s dronovima \u2013 Bellagio, 8. listopada 2025."},"content":{"rendered":"<h3 class=\"wp-block-heading\">Drone Show Matrimonio Valerie & Lorenzo \u2013 Bellagio, 8 Ottobre 2025<\/h3>\n\n\n\n<div class=\"wp-block-buttons is-layout-flex wp-block-buttons-is-layout-flex\">\n<div class=\"wp-block-button\"><a class=\"wp-block-button__link has-background wp-element-button\" style=\"border-radius:57px;background-color:#78d524\">175 DRONOVA<\/a><\/div>\n\n\n\n<div class=\"wp-block-button\"><a class=\"wp-block-button__link has-background wp-element-button\" style=\"border-radius:57px;background-color:#78d524\">BELLAGIO<\/a><\/div>\n\n\n\n<div class=\"wp-block-button\"><a class=\"wp-block-button__link has-background wp-element-button\" style=\"border-radius:57px;background-color:#78d524\">VJEN\u010cANJE<\/a><\/div>\n\n\n\n<div class=\"wp-block-button\"><a class=\"wp-block-button__link has-background wp-element-button\" style=\"border-radius:57px;background-color:#78d524\">IZNENA\u0110ENJE<\/a><\/div>\n\n\n\n<div class=\"wp-block-button\"><a class=\"wp-block-button__link has-background wp-element-button\" style=\"border-radius:57px;background-color:#78d524\">PRI\u010cANJE PRI\u010cA<\/a><\/div>\n<\/div>\n\n\n\n<figure class=\"wp-block-embed is-type-video is-provider-youtube wp-block-embed-youtube wp-embed-aspect-16-9 wp-has-aspect-ratio\"><div class=\"wp-block-embed__wrapper\">\n<iframe title=\"Bellagio Wedding Dron Show 2025 | Valerie i Lorenzo \u2013 Ljubav u nebu Coma\" width=\"1128\" height=\"635\" src=\"https:\/\/www.youtube.com\/embed\/ZQgx4SfcDK4?feature=oembed\" frameborder=\"0\" allow=\"accelerometer; autoplay; clipboard-write; encrypted-media; gyroscope; picture-in-picture; web-share\" referrerpolicy=\"strict-origin-when-cross-origin\" allowfullscreen><\/iframe>\n<\/div><\/figure>\n\n\n\n<div class=\"wp-block-columns is-layout-flex wp-container-core-columns-is-layout-9d6595d7 wp-block-columns-is-layout-flex\">\n<div class=\"wp-block-column is-layout-flow wp-block-column-is-layout-flow\" style=\"flex-basis:33.33%\">\n<ul class=\"wp-block-list\">\n<li>Bellagio, jezero Como (CO). Italija.<\/li>\n<\/ul>\n<\/div>\n\n\n\n<div class=\"wp-block-column is-layout-flow wp-block-column-is-layout-flow\" style=\"flex-basis:66.66%\">\n<p>\u2728 8. listopada 2025. nebo Bellagija obasjalo je ljubavlju.<\/p>\n\n\n\n<p>Imali smo \u010dast napraviti spektakularan <strong>Sajam dronova sa 175 dronova<\/strong> kako bi proslavili dan vjen\u010danja Valerie i Lorenza, izvanrednog para ujedinjenog istinskom i bezvremenskom ljubavlju.<\/p>\n\n\n\n<p>Na prekrasnom krajoliku <strong>Jezero Como<\/strong>, Izme\u0111u odraza vode i magije svjetala, na\u0161i su dronovi ispri\u010dali svoju pri\u010du <strong>ljubavna pri\u010da na nebu,<\/strong> pretvaraju\u0107i svaki trenutak u uspomenu koja \u0107e \u017eivjeti vje\u010dno.<\/p>\n\n\n\n<p>Predstava, zami\u0161ljena kao <strong>iznena\u0111enje koje su supru\u017enici organizirali za svoje goste, <\/strong>To je u\u010dinilo ve\u010der jo\u0161 uzbudljivijom: neo\u010dekivan, intenzivan i nezaboravan trenutak.<\/p>\n\n\n\n<p>Proizvedeno u <strong>Suradnja s Bellagio Wedding Co<\/strong>, doga\u0111aj je spojio eleganciju, preciznost i inovativnost, stvaraju\u0107i iskustvo koje \u0107e ostati u srcima svih gostiju.<\/p>\n\n\n\n<p>Bellagio, sa svojom elegancijom i romanti\u010dnom atmosferom, bio je savr\u0161eno mjesto za ovu jedinstvenu proslavu.<\/p>\n\n\n\n<p><strong>\u2728 Iza svake predstave dronovima stoji na\u0161a strast:<\/strong> prevo\u0111enja emocija u svjetlost i omogu\u0107avanja nebu da progovori.<\/p>\n\n\n\n<p><a href=\"https:\/\/ink7lab.com\/hr\/portfolio-izlozbi-dronova\/\" title=\"\">\ud83d\udc49 Pogledajte na\u0161 portfolio<\/a><\/p>\n\n\n\n<p><a href=\"https:\/\/ink7lab.com\/hr\/svjetlosne-predstave-dronovima\/\" title=\"\"><br>\ud83d\udc49 Saznajte vi\u0161e<\/a><\/p>\n\n\n\n<p><a href=\"https:\/\/ink7lab.com\/hr\/kontakti\/\" title=\"\"><br>\ud83d\udc49 Zatra\u017eite ponudu<\/a><\/p>\n<\/div>\n<\/div>\n\n\n\n<div style=\"height:50px\" aria-hidden=\"true\" class=\"wp-block-spacer\"><\/div>\n\n\n\n<h3 class=\"wp-block-heading\">POVEZANI DOGA\u0110AJI<\/h3>\n\n\n\n<div style=\"height:30px\" aria-hidden=\"true\" class=\"wp-block-spacer\"><\/div>\n\n\n\n<div class=\"wp-block-columns outerbox is-layout-flex wp-container-core-columns-is-layout-9d6595d7 wp-block-columns-is-layout-flex\">\n<div class=\"wp-block-column has-background is-layout-flow wp-block-column-is-layout-flow\" style=\"background-color:#19181a\">\n<figure class=\"wp-block-image size-large\"><img decoding=\"async\" width=\"1024\" height=\"1024\" src=\"https:\/\/ink7lab.com\/wp-content\/uploads\/2025\/06\/Verjaardag-Antonella-\u2013-11-1030x1030-1-1024x1024.png\" alt=\"\" class=\"wp-image-15861\" style=\"aspect-ratio:16\/9;object-fit:cover\" srcset=\"\" sizes=\"(max-width: 1024px) 100vw, 1024px\" data-srcset=\"\" \/><\/figure>\n\n\n\n<div class=\"wp-block-columns innerbox is-layout-flex wp-container-core-columns-is-layout-9d6595d7 wp-block-columns-is-layout-flex\">\n<div class=\"wp-block-column is-layout-flow wp-block-column-is-layout-flow\">\n<h3 class=\"wp-block-heading\"><a href=\"https:\/\/ink7lab.com\/hr\/%f0%9d%97%97%f0%9d%97%94%f0%9d%97%9e%f0%9d%97%94%f0%9d%97%9e%f0%9d%97%94%f0%9d%97%9e%f0%9d%97%94%f0%9d%97%9e%f0%9d%97%94%f0%9d%97%9e%f0%9d%97%94%f0%9d%97%9e%f0%9d%97%94%f0%9d%97%9e%f0%9d%97%94\/\" title=\"\">Antonella \ud835\uddd6\ud835\uddf2\ud835\uddf9\ud835\uddf2\ud835\uddef\ud835\uddff\ud835\uddee\ud835\ude01\ud835\uddf6\ud835\uddfb\ud835\uddf4 \ud835\udde4\ud835\ude02\ud835\uddf6\ud835\uddfb\ud835\uddf0\ud835\uddf2\ud835\uddee\ud835\uddfb\u0303\ud835\uddf2\ud835\uddff\ud835\uddee u spektakularnom stilu<\/a><\/h3>\n\n\n\n<p><a href=\"https:\/\/ink7lab.com\/hr\/%f0%9d%97%97%f0%9d%97%94%f0%9d%97%9e%f0%9d%97%94%f0%9d%97%9e%f0%9d%97%94%f0%9d%97%9e%f0%9d%97%94%f0%9d%97%9e%f0%9d%97%94%f0%9d%97%9e%f0%9d%97%94%f0%9d%97%9e%f0%9d%97%94%f0%9d%97%9e%f0%9d%97%94\/\" title=\"\">Saznajte vi\u0161e<\/a><\/p>\n<\/div>\n<\/div>\n<\/div>\n\n\n\n<div class=\"wp-block-column has-background is-layout-flow wp-block-column-is-layout-flow\" style=\"background-color:#19181a\">\n<figure class=\"wp-block-image size-large\"><img decoding=\"async\" width=\"1024\" height=\"1024\" src=\"https:\/\/ink7lab.com\/wp-content\/uploads\/2025\/06\/Construct-Euorpe-04-1024x1024.png\" alt=\"\" class=\"wp-image-15862\" style=\"aspect-ratio:16\/9;object-fit:cover\" srcset=\"https:\/\/ink7lab.com\/wp-content\/uploads\/2025\/06\/Construct-Euorpe-04-1024x1024.png 1024w, https:\/\/ink7lab.com\/wp-content\/uploads\/2025\/06\/Construct-Euorpe-04-300x300.png 300w, https:\/\/ink7lab.com\/wp-content\/uploads\/2025\/06\/Construct-Euorpe-04-150x150.png 150w, https:\/\/ink7lab.com\/wp-content\/uploads\/2025\/06\/Construct-Euorpe-04-768x768.png 768w, https:\/\/ink7lab.com\/wp-content\/uploads\/2025\/06\/Construct-Euorpe-04-800x800.png 800w, https:\/\/ink7lab.com\/wp-content\/uploads\/2025\/06\/Construct-Euorpe-04-560x560.png 560w, https:\/\/ink7lab.com\/wp-content\/uploads\/2025\/06\/Construct-Euorpe-04-250x250.png 250w, https:\/\/ink7lab.com\/wp-content\/uploads\/2025\/06\/Construct-Euorpe-04-120x120.png 120w, https:\/\/ink7lab.com\/wp-content\/uploads\/2025\/06\/Construct-Euorpe-04.png 1200w\" sizes=\"(max-width: 1024px) 100vw, 1024px\" \/><\/figure>\n\n\n\n<div class=\"wp-block-columns innerbox is-layout-flex wp-container-core-columns-is-layout-9d6595d7 wp-block-columns-is-layout-flex\">\n<div class=\"wp-block-column is-layout-flow wp-block-column-is-layout-flow\">\n<h3 class=\"wp-block-heading\"><a href=\"https:\/\/ink7lab.com\/hr\/dvodjelni-svjetlosni-show-dronovima-s-orkestrom-uzivo\/\" title=\"\">Dvodjelni svjetlosni show s dronovima i orkestrom u\u017eivo<\/a><\/h3>\n\n\n\n<p><a href=\"https:\/\/ink7lab.com\/hr\/dvodjelni-svjetlosni-show-dronovima-s-orkestrom-uzivo\/\" title=\"\u010citaj vi\u0161e\"><a href=\"https:\/\/ink7lab.com\/hr\/%f0%9d%97%97%f0%9d%97%94%f0%9d%97%9e%f0%9d%97%94%f0%9d%97%9e%f0%9d%97%94%f0%9d%97%9e%f0%9d%97%94%f0%9d%97%9e%f0%9d%97%94%f0%9d%97%9e%f0%9d%97%94%f0%9d%97%9e%f0%9d%97%94%f0%9d%97%9e%f0%9d%97%94\/\" title=\"\">Saznajte vi\u0161e<\/a><\/a><\/p>\n<\/div>\n<\/div>\n<\/div>\n<\/div>","protected":false},"excerpt":{"rendered":"Drone Show Matrimonio Valerie &amp; Lorenzo \u2013 Bellagio, 8 Ottobre 2025 175","protected":false},"author":1,"featured_media":0,"parent":0,"menu_order":0,"comment_status":"closed","ping_status":"closed","template":"","meta":{"om_disable_all_campaigns":false,"_monsterinsights_skip_tracking":false,"_monsterinsights_sitenote_active":false,"_monsterinsights_sitenote_note":"","_monsterinsights_sitenote_category":0,"_uf_show_specific_survey":0,"_uf_disable_surveys":false,"footnotes":""},"class_list":["post-17013","page","type-page","status-publish","hentry"],"aioseo_notices":[],"_links":{"self":[{"href":"https:\/\/ink7lab.com\/hr\/wp-json\/wp\/v2\/pages\/17013","targetHints":{"allow":["GET"]}}],"collection":[{"href":"https:\/\/ink7lab.com\/hr\/wp-json\/wp\/v2\/pages"}],"about":[{"href":"https:\/\/ink7lab.com\/hr\/wp-json\/wp\/v2\/types\/page"}],"author":[{"embeddable":true,"href":"https:\/\/ink7lab.com\/hr\/wp-json\/wp\/v2\/users\/1"}],"replies":[{"embeddable":true,"href":"https:\/\/ink7lab.com\/hr\/wp-json\/wp\/v2\/comments?post=17013"}],"version-history":[{"count":0,"href":"https:\/\/ink7lab.com\/hr\/wp-json\/wp\/v2\/pages\/17013\/revisions"}],"wp:attachment":[{"href":"https:\/\/ink7lab.com\/hr\/wp-json\/wp\/v2\/media?parent=17013"}],"curies":[{"name":"radni list","href":"https:\/\/api.w.org\/{rel}","templated":true}]}}